{"id":7091,"date":"2023-12-06T09:42:42","date_gmt":"2023-12-06T08:42:42","guid":{"rendered":"https:\/\/test.it-dev.eu\/it-dev-cyfrowe-miejsce-pracy\/"},"modified":"2026-01-21T10:10:10","modified_gmt":"2026-01-21T09:10:10","slug":"it-dev-limitless-digital-workplace","status":"publish","type":"page","link":"https:\/\/test.it-dev.eu\/de\/","title":{"rendered":"IT-Dev Limitless Digital Workplace"},"content":{"rendered":"","protected":false},"excerpt":{"rendered":"","protected":false},"author":4,"featured_media":0,"parent":0,"menu_order":0,"comment_status":"closed","ping_status":"closed","template":"templates\/page-home.php","meta":{"_acf_changed":false,"inline_featured_image":false,"footnotes":""},"class_list":["post-7091","page","type-page","status-publish","hentry"],"acf":[],"yoast_head":"<!-- This site is optimized with the Yoast SEO plugin v27.4 - https:\/\/yoast.com\/product\/yoast-seo-wordpress\/ -->\n<title>IT-Dev Limitless Digital Workplace | IT-Dev<\/title>\n<meta name=\"description\" content=\"Wraz z naszym zespo\u0142em ekspert\u00f3w mo\u017cesz tworzy\u0107 inkluzywne cyfrowe miejsce pracy, wspierane sztuczn\u0105 inteligencj\u0105, dopasowane do Twoich indywidualnych potrzeb, wzmacniaj\u0105ce poczucie celu oraz k\u0142ad\u0105ce priorytet na dobre samopoczucie pracownik\u00f3w.\" \/>\n<meta name=\"robots\" content=\"noindex, follow, max-snippet:-1, max-image-preview:large, max-video-preview:-1\" \/>\n<meta property=\"og:locale\" content=\"de_DE\" \/>\n<meta property=\"og:type\" content=\"article\" \/>\n<meta property=\"og:title\" content=\"IT-Dev Limitless Digital Workplace | IT-Dev\" \/>\n<meta property=\"og:description\" content=\"Wraz z naszym zespo\u0142em ekspert\u00f3w mo\u017cesz tworzy\u0107 inkluzywne cyfrowe miejsce pracy, wspierane sztuczn\u0105 inteligencj\u0105, dopasowane do Twoich indywidualnych potrzeb, wzmacniaj\u0105ce poczucie celu oraz k\u0142ad\u0105ce priorytet na dobre samopoczucie pracownik\u00f3w.\" \/>\n<meta property=\"og:url\" content=\"https:\/\/test.it-dev.eu\/de\/\" \/>\n<meta property=\"og:site_name\" content=\"IT-Dev\" \/>\n<meta property=\"article:publisher\" content=\"https:\/\/www.facebook.com\/ITDevWroc\/\" \/>\n<meta property=\"article:modified_time\" content=\"2026-01-21T09:10:10+00:00\" \/>\n<meta name=\"twitter:card\" content=\"summary_large_image\" \/>\n<meta name=\"twitter:site\" content=\"@IT_Dev\" \/>\n<script type=\"application\/ld+json\" class=\"yoast-schema-graph\">{\"@context\":\"https:\\\/\\\/schema.org\",\"@graph\":[{\"@type\":\"WebPage\",\"@id\":\"https:\\\/\\\/test.it-dev.eu\\\/de\\\/\",\"url\":\"https:\\\/\\\/test.it-dev.eu\\\/de\\\/\",\"name\":\"IT-Dev Limitless Digital Workplace | IT-Dev\",\"isPartOf\":{\"@id\":\"https:\\\/\\\/test.it-dev.eu\\\/de\\\/#website\"},\"datePublished\":\"2023-12-06T08:42:42+00:00\",\"dateModified\":\"2026-01-21T09:10:10+00:00\",\"description\":\"Wraz z naszym zespo\u0142em ekspert\u00f3w mo\u017cesz tworzy\u0107 inkluzywne cyfrowe miejsce pracy, wspierane sztuczn\u0105 inteligencj\u0105, dopasowane do Twoich indywidualnych potrzeb, wzmacniaj\u0105ce poczucie celu oraz k\u0142ad\u0105ce priorytet na dobre samopoczucie pracownik\u00f3w.\",\"breadcrumb\":{\"@id\":\"https:\\\/\\\/test.it-dev.eu\\\/de\\\/#breadcrumb\"},\"inLanguage\":\"de\",\"potentialAction\":[{\"@type\":\"ReadAction\",\"target\":[\"https:\\\/\\\/test.it-dev.eu\\\/de\\\/\"]}]},{\"@type\":\"BreadcrumbList\",\"@id\":\"https:\\\/\\\/test.it-dev.eu\\\/de\\\/#breadcrumb\",\"itemListElement\":[{\"@type\":\"ListItem\",\"position\":1,\"name\":\"Strona g\u0142\u00f3wna\",\"item\":\"https:\\\/\\\/test.it-dev.eu\\\/de\\\/\"},{\"@type\":\"ListItem\",\"position\":2,\"name\":\"IT-Dev Limitless Digital Workplace\"}]},{\"@type\":\"WebSite\",\"@id\":\"https:\\\/\\\/test.it-dev.eu\\\/de\\\/#website\",\"url\":\"https:\\\/\\\/test.it-dev.eu\\\/de\\\/\",\"name\":\"IT-Dev - Limitless Digital Workplace\",\"description\":\"We create limitless Digital Workplaces\",\"publisher\":{\"@id\":\"https:\\\/\\\/test.it-dev.eu\\\/de\\\/#organization\"},\"potentialAction\":[{\"@type\":\"SearchAction\",\"target\":{\"@type\":\"EntryPoint\",\"urlTemplate\":\"https:\\\/\\\/test.it-dev.eu\\\/de\\\/?s={search_term_string}\"},\"query-input\":{\"@type\":\"PropertyValueSpecification\",\"valueRequired\":true,\"valueName\":\"search_term_string\"}}],\"inLanguage\":\"de\"},{\"@type\":\"Organization\",\"@id\":\"https:\\\/\\\/test.it-dev.eu\\\/de\\\/#organization\",\"name\":\"IT-Dev - Limitless Digital Workplace\",\"url\":\"https:\\\/\\\/test.it-dev.eu\\\/de\\\/\",\"logo\":{\"@type\":\"ImageObject\",\"inLanguage\":\"de\",\"@id\":\"https:\\\/\\\/test.it-dev.eu\\\/de\\\/#\\\/schema\\\/logo\\\/image\\\/\",\"url\":\"https:\\\/\\\/test.it-dev.eu\\\/wp-content\\\/uploads\\\/2023\\\/12\\\/it-dev-logo-696x696-1.png\",\"contentUrl\":\"https:\\\/\\\/test.it-dev.eu\\\/wp-content\\\/uploads\\\/2023\\\/12\\\/it-dev-logo-696x696-1.png\",\"width\":696,\"height\":696,\"caption\":\"IT-Dev - Limitless Digital Workplace\"},\"image\":{\"@id\":\"https:\\\/\\\/test.it-dev.eu\\\/de\\\/#\\\/schema\\\/logo\\\/image\\\/\"},\"sameAs\":[\"https:\\\/\\\/www.facebook.com\\\/ITDevWroc\\\/\",\"https:\\\/\\\/x.com\\\/IT_Dev\",\"https:\\\/\\\/www.linkedin.com\\\/company\\\/it-dev\\\/\",\"https:\\\/\\\/www.youtube.com\\\/user\\\/biuroitdev\"]}]}<\/script>\n<!-- \/ Yoast SEO plugin. -->","yoast_head_json":{"title":"IT-Dev Limitless Digital Workplace | IT-Dev","description":"Wraz z naszym zespo\u0142em ekspert\u00f3w mo\u017cesz tworzy\u0107 inkluzywne cyfrowe miejsce pracy, wspierane sztuczn\u0105 inteligencj\u0105, dopasowane do Twoich indywidualnych potrzeb, wzmacniaj\u0105ce poczucie celu oraz k\u0142ad\u0105ce priorytet na dobre samopoczucie pracownik\u00f3w.","robots":{"index":"noindex","follow":"follow","max-snippet":"max-snippet:-1","max-image-preview":"max-image-preview:large","max-video-preview":"max-video-preview:-1"},"og_locale":"de_DE","og_type":"article","og_title":"IT-Dev Limitless Digital Workplace | IT-Dev","og_description":"Wraz z naszym zespo\u0142em ekspert\u00f3w mo\u017cesz tworzy\u0107 inkluzywne cyfrowe miejsce pracy, wspierane sztuczn\u0105 inteligencj\u0105, dopasowane do Twoich indywidualnych potrzeb, wzmacniaj\u0105ce poczucie celu oraz k\u0142ad\u0105ce priorytet na dobre samopoczucie pracownik\u00f3w.","og_url":"https:\/\/test.it-dev.eu\/de\/","og_site_name":"IT-Dev","article_publisher":"https:\/\/www.facebook.com\/ITDevWroc\/","article_modified_time":"2026-01-21T09:10:10+00:00","twitter_card":"summary_large_image","twitter_site":"@IT_Dev","schema":{"@context":"https:\/\/schema.org","@graph":[{"@type":"WebPage","@id":"https:\/\/test.it-dev.eu\/de\/","url":"https:\/\/test.it-dev.eu\/de\/","name":"IT-Dev Limitless Digital Workplace | IT-Dev","isPartOf":{"@id":"https:\/\/test.it-dev.eu\/de\/#website"},"datePublished":"2023-12-06T08:42:42+00:00","dateModified":"2026-01-21T09:10:10+00:00","description":"Wraz z naszym zespo\u0142em ekspert\u00f3w mo\u017cesz tworzy\u0107 inkluzywne cyfrowe miejsce pracy, wspierane sztuczn\u0105 inteligencj\u0105, dopasowane do Twoich indywidualnych potrzeb, wzmacniaj\u0105ce poczucie celu oraz k\u0142ad\u0105ce priorytet na dobre samopoczucie pracownik\u00f3w.","breadcrumb":{"@id":"https:\/\/test.it-dev.eu\/de\/#breadcrumb"},"inLanguage":"de","potentialAction":[{"@type":"ReadAction","target":["https:\/\/test.it-dev.eu\/de\/"]}]},{"@type":"BreadcrumbList","@id":"https:\/\/test.it-dev.eu\/de\/#breadcrumb","itemListElement":[{"@type":"ListItem","position":1,"name":"Strona g\u0142\u00f3wna","item":"https:\/\/test.it-dev.eu\/de\/"},{"@type":"ListItem","position":2,"name":"IT-Dev Limitless Digital Workplace"}]},{"@type":"WebSite","@id":"https:\/\/test.it-dev.eu\/de\/#website","url":"https:\/\/test.it-dev.eu\/de\/","name":"IT-Dev - Limitless Digital Workplace","description":"We create limitless Digital Workplaces","publisher":{"@id":"https:\/\/test.it-dev.eu\/de\/#organization"},"potentialAction":[{"@type":"SearchAction","target":{"@type":"EntryPoint","urlTemplate":"https:\/\/test.it-dev.eu\/de\/?s={search_term_string}"},"query-input":{"@type":"PropertyValueSpecification","valueRequired":true,"valueName":"search_term_string"}}],"inLanguage":"de"},{"@type":"Organization","@id":"https:\/\/test.it-dev.eu\/de\/#organization","name":"IT-Dev - Limitless Digital Workplace","url":"https:\/\/test.it-dev.eu\/de\/","logo":{"@type":"ImageObject","inLanguage":"de","@id":"https:\/\/test.it-dev.eu\/de\/#\/schema\/logo\/image\/","url":"https:\/\/test.it-dev.eu\/wp-content\/uploads\/2023\/12\/it-dev-logo-696x696-1.png","contentUrl":"https:\/\/test.it-dev.eu\/wp-content\/uploads\/2023\/12\/it-dev-logo-696x696-1.png","width":696,"height":696,"caption":"IT-Dev - Limitless Digital Workplace"},"image":{"@id":"https:\/\/test.it-dev.eu\/de\/#\/schema\/logo\/image\/"},"sameAs":["https:\/\/www.facebook.com\/ITDevWroc\/","https:\/\/x.com\/IT_Dev","https:\/\/www.linkedin.com\/company\/it-dev\/","https:\/\/www.youtube.com\/user\/biuroitdev"]}]}},"_links":{"self":[{"href":"https:\/\/test.it-dev.eu\/de\/wp-json\/wp\/v2\/pages\/7091","targetHints":{"allow":["GET"]}}],"collection":[{"href":"https:\/\/test.it-dev.eu\/de\/wp-json\/wp\/v2\/pages"}],"about":[{"href":"https:\/\/test.it-dev.eu\/de\/wp-json\/wp\/v2\/types\/page"}],"author":[{"embeddable":true,"href":"https:\/\/test.it-dev.eu\/de\/wp-json\/wp\/v2\/users\/4"}],"replies":[{"embeddable":true,"href":"https:\/\/test.it-dev.eu\/de\/wp-json\/wp\/v2\/comments?post=7091"}],"version-history":[{"count":2,"href":"https:\/\/test.it-dev.eu\/de\/wp-json\/wp\/v2\/pages\/7091\/revisions"}],"predecessor-version":[{"id":9631,"href":"https:\/\/test.it-dev.eu\/de\/wp-json\/wp\/v2\/pages\/7091\/revisions\/9631"}],"wp:attachment":[{"href":"https:\/\/test.it-dev.eu\/de\/wp-json\/wp\/v2\/media?parent=7091"}],"curies":[{"name":"wp","href":"https:\/\/api.w.org\/{rel}","templated":true}]}}