{"id":7179,"date":"2023-09-13T09:49:00","date_gmt":"2023-09-13T07:49:00","guid":{"rendered":"https:\/\/test.it-dev.eu\/kontakt\/"},"modified":"2026-01-21T10:10:11","modified_gmt":"2026-01-21T09:10:11","slug":"kontakt","status":"publish","type":"page","link":"https:\/\/test.it-dev.eu\/de\/kontakt\/","title":{"rendered":"Kontakt"},"content":{"rendered":"<p class=\"wpcf7-contact-form-not-found\"><strong>Fehler:<\/strong> Kontaktformular wurde nicht gefunden.<\/p>\n","protected":false},"excerpt":{"rendered":"","protected":false},"author":7,"featured_media":0,"parent":0,"menu_order":0,"comment_status":"closed","ping_status":"closed","template":"templates\/page-contact-us.php","meta":{"_acf_changed":false,"inline_featured_image":false,"footnotes":""},"class_list":["post-7179","page","type-page","status-publish","hentry"],"acf":[],"yoast_head":"<!-- This site is optimized with the Yoast SEO plugin v27.4 - https:\/\/yoast.com\/product\/yoast-seo-wordpress\/ -->\n<title>Kontakt | IT-Dev<\/title>\n<meta name=\"description\" content=\"Odkryj, jak nasza wiedza mo\u017ce wzmocni\u0107 Tw\u00f3j biznes. Skontaktuj si\u0119 z IT-Dev i odkryj, co mo\u017cemy razem osi\u0105gn\u0105\u0107!\" \/>\n<meta name=\"robots\" content=\"noindex, follow, max-snippet:-1, max-image-preview:large, max-video-preview:-1\" \/>\n<meta property=\"og:locale\" content=\"de_DE\" \/>\n<meta property=\"og:type\" content=\"article\" \/>\n<meta property=\"og:title\" content=\"Kontakt | IT-Dev\" \/>\n<meta property=\"og:description\" content=\"Odkryj, jak nasza wiedza mo\u017ce wzmocni\u0107 Tw\u00f3j biznes. Skontaktuj si\u0119 z IT-Dev i odkryj, co mo\u017cemy razem osi\u0105gn\u0105\u0107!\" \/>\n<meta property=\"og:url\" content=\"https:\/\/test.it-dev.eu\/de\/kontakt\/\" \/>\n<meta property=\"og:site_name\" content=\"IT-Dev\" \/>\n<meta property=\"article:publisher\" content=\"https:\/\/www.facebook.com\/ITDevWroc\/\" \/>\n<meta property=\"article:modified_time\" content=\"2026-01-21T09:10:11+00:00\" \/>\n<meta name=\"twitter:card\" content=\"summary_large_image\" \/>\n<meta name=\"twitter:site\" content=\"@IT_Dev\" \/>\n<meta name=\"twitter:label1\" content=\"Gesch\u00e4tzte Lesezeit\" \/>\n\t<meta name=\"twitter:data1\" content=\"1\u00a0Minute\" \/>\n<script type=\"application\/ld+json\" class=\"yoast-schema-graph\">{\"@context\":\"https:\\\/\\\/schema.org\",\"@graph\":[{\"@type\":\"WebPage\",\"@id\":\"https:\\\/\\\/test.it-dev.eu\\\/de\\\/kontakt\\\/\",\"url\":\"https:\\\/\\\/test.it-dev.eu\\\/de\\\/kontakt\\\/\",\"name\":\"Kontakt | IT-Dev\",\"isPartOf\":{\"@id\":\"https:\\\/\\\/test.it-dev.eu\\\/de\\\/#website\"},\"datePublished\":\"2023-09-13T07:49:00+00:00\",\"dateModified\":\"2026-01-21T09:10:11+00:00\",\"description\":\"Odkryj, jak nasza wiedza mo\u017ce wzmocni\u0107 Tw\u00f3j biznes. Skontaktuj si\u0119 z IT-Dev i odkryj, co mo\u017cemy razem osi\u0105gn\u0105\u0107!\",\"breadcrumb\":{\"@id\":\"https:\\\/\\\/test.it-dev.eu\\\/de\\\/kontakt\\\/#breadcrumb\"},\"inLanguage\":\"de\",\"potentialAction\":[{\"@type\":\"ReadAction\",\"target\":[\"https:\\\/\\\/test.it-dev.eu\\\/de\\\/kontakt\\\/\"]}]},{\"@type\":\"BreadcrumbList\",\"@id\":\"https:\\\/\\\/test.it-dev.eu\\\/de\\\/kontakt\\\/#breadcrumb\",\"itemListElement\":[{\"@type\":\"ListItem\",\"position\":1,\"name\":\"Strona g\u0142\u00f3wna\",\"item\":\"https:\\\/\\\/test.it-dev.eu\\\/de\\\/\"},{\"@type\":\"ListItem\",\"position\":2,\"name\":\"Kontakt\"}]},{\"@type\":\"WebSite\",\"@id\":\"https:\\\/\\\/test.it-dev.eu\\\/de\\\/#website\",\"url\":\"https:\\\/\\\/test.it-dev.eu\\\/de\\\/\",\"name\":\"IT-Dev - Limitless Digital Workplace\",\"description\":\"We create limitless Digital Workplaces\",\"publisher\":{\"@id\":\"https:\\\/\\\/test.it-dev.eu\\\/de\\\/#organization\"},\"potentialAction\":[{\"@type\":\"SearchAction\",\"target\":{\"@type\":\"EntryPoint\",\"urlTemplate\":\"https:\\\/\\\/test.it-dev.eu\\\/de\\\/?s={search_term_string}\"},\"query-input\":{\"@type\":\"PropertyValueSpecification\",\"valueRequired\":true,\"valueName\":\"search_term_string\"}}],\"inLanguage\":\"de\"},{\"@type\":\"Organization\",\"@id\":\"https:\\\/\\\/test.it-dev.eu\\\/de\\\/#organization\",\"name\":\"IT-Dev - Limitless Digital Workplace\",\"url\":\"https:\\\/\\\/test.it-dev.eu\\\/de\\\/\",\"logo\":{\"@type\":\"ImageObject\",\"inLanguage\":\"de\",\"@id\":\"https:\\\/\\\/test.it-dev.eu\\\/de\\\/#\\\/schema\\\/logo\\\/image\\\/\",\"url\":\"https:\\\/\\\/test.it-dev.eu\\\/wp-content\\\/uploads\\\/2023\\\/12\\\/it-dev-logo-696x696-1.png\",\"contentUrl\":\"https:\\\/\\\/test.it-dev.eu\\\/wp-content\\\/uploads\\\/2023\\\/12\\\/it-dev-logo-696x696-1.png\",\"width\":696,\"height\":696,\"caption\":\"IT-Dev - Limitless Digital Workplace\"},\"image\":{\"@id\":\"https:\\\/\\\/test.it-dev.eu\\\/de\\\/#\\\/schema\\\/logo\\\/image\\\/\"},\"sameAs\":[\"https:\\\/\\\/www.facebook.com\\\/ITDevWroc\\\/\",\"https:\\\/\\\/x.com\\\/IT_Dev\",\"https:\\\/\\\/www.linkedin.com\\\/company\\\/it-dev\\\/\",\"https:\\\/\\\/www.youtube.com\\\/user\\\/biuroitdev\"]}]}<\/script>\n<!-- \/ Yoast SEO plugin. -->","yoast_head_json":{"title":"Kontakt | IT-Dev","description":"Odkryj, jak nasza wiedza mo\u017ce wzmocni\u0107 Tw\u00f3j biznes. Skontaktuj si\u0119 z IT-Dev i odkryj, co mo\u017cemy razem osi\u0105gn\u0105\u0107!","robots":{"index":"noindex","follow":"follow","max-snippet":"max-snippet:-1","max-image-preview":"max-image-preview:large","max-video-preview":"max-video-preview:-1"},"og_locale":"de_DE","og_type":"article","og_title":"Kontakt | IT-Dev","og_description":"Odkryj, jak nasza wiedza mo\u017ce wzmocni\u0107 Tw\u00f3j biznes. Skontaktuj si\u0119 z IT-Dev i odkryj, co mo\u017cemy razem osi\u0105gn\u0105\u0107!","og_url":"https:\/\/test.it-dev.eu\/de\/kontakt\/","og_site_name":"IT-Dev","article_publisher":"https:\/\/www.facebook.com\/ITDevWroc\/","article_modified_time":"2026-01-21T09:10:11+00:00","twitter_card":"summary_large_image","twitter_site":"@IT_Dev","twitter_misc":{"Gesch\u00e4tzte Lesezeit":"1\u00a0Minute"},"schema":{"@context":"https:\/\/schema.org","@graph":[{"@type":"WebPage","@id":"https:\/\/test.it-dev.eu\/de\/kontakt\/","url":"https:\/\/test.it-dev.eu\/de\/kontakt\/","name":"Kontakt | IT-Dev","isPartOf":{"@id":"https:\/\/test.it-dev.eu\/de\/#website"},"datePublished":"2023-09-13T07:49:00+00:00","dateModified":"2026-01-21T09:10:11+00:00","description":"Odkryj, jak nasza wiedza mo\u017ce wzmocni\u0107 Tw\u00f3j biznes. Skontaktuj si\u0119 z IT-Dev i odkryj, co mo\u017cemy razem osi\u0105gn\u0105\u0107!","breadcrumb":{"@id":"https:\/\/test.it-dev.eu\/de\/kontakt\/#breadcrumb"},"inLanguage":"de","potentialAction":[{"@type":"ReadAction","target":["https:\/\/test.it-dev.eu\/de\/kontakt\/"]}]},{"@type":"BreadcrumbList","@id":"https:\/\/test.it-dev.eu\/de\/kontakt\/#breadcrumb","itemListElement":[{"@type":"ListItem","position":1,"name":"Strona g\u0142\u00f3wna","item":"https:\/\/test.it-dev.eu\/de\/"},{"@type":"ListItem","position":2,"name":"Kontakt"}]},{"@type":"WebSite","@id":"https:\/\/test.it-dev.eu\/de\/#website","url":"https:\/\/test.it-dev.eu\/de\/","name":"IT-Dev - Limitless Digital Workplace","description":"We create limitless Digital Workplaces","publisher":{"@id":"https:\/\/test.it-dev.eu\/de\/#organization"},"potentialAction":[{"@type":"SearchAction","target":{"@type":"EntryPoint","urlTemplate":"https:\/\/test.it-dev.eu\/de\/?s={search_term_string}"},"query-input":{"@type":"PropertyValueSpecification","valueRequired":true,"valueName":"search_term_string"}}],"inLanguage":"de"},{"@type":"Organization","@id":"https:\/\/test.it-dev.eu\/de\/#organization","name":"IT-Dev - Limitless Digital Workplace","url":"https:\/\/test.it-dev.eu\/de\/","logo":{"@type":"ImageObject","inLanguage":"de","@id":"https:\/\/test.it-dev.eu\/de\/#\/schema\/logo\/image\/","url":"https:\/\/test.it-dev.eu\/wp-content\/uploads\/2023\/12\/it-dev-logo-696x696-1.png","contentUrl":"https:\/\/test.it-dev.eu\/wp-content\/uploads\/2023\/12\/it-dev-logo-696x696-1.png","width":696,"height":696,"caption":"IT-Dev - Limitless Digital Workplace"},"image":{"@id":"https:\/\/test.it-dev.eu\/de\/#\/schema\/logo\/image\/"},"sameAs":["https:\/\/www.facebook.com\/ITDevWroc\/","https:\/\/x.com\/IT_Dev","https:\/\/www.linkedin.com\/company\/it-dev\/","https:\/\/www.youtube.com\/user\/biuroitdev"]}]}},"_links":{"self":[{"href":"https:\/\/test.it-dev.eu\/de\/wp-json\/wp\/v2\/pages\/7179","targetHints":{"allow":["GET"]}}],"collection":[{"href":"https:\/\/test.it-dev.eu\/de\/wp-json\/wp\/v2\/pages"}],"about":[{"href":"https:\/\/test.it-dev.eu\/de\/wp-json\/wp\/v2\/types\/page"}],"author":[{"embeddable":true,"href":"https:\/\/test.it-dev.eu\/de\/wp-json\/wp\/v2\/users\/7"}],"replies":[{"embeddable":true,"href":"https:\/\/test.it-dev.eu\/de\/wp-json\/wp\/v2\/comments?post=7179"}],"version-history":[{"count":2,"href":"https:\/\/test.it-dev.eu\/de\/wp-json\/wp\/v2\/pages\/7179\/revisions"}],"predecessor-version":[{"id":7188,"href":"https:\/\/test.it-dev.eu\/de\/wp-json\/wp\/v2\/pages\/7179\/revisions\/7188"}],"wp:attachment":[{"href":"https:\/\/test.it-dev.eu\/de\/wp-json\/wp\/v2\/media?parent=7179"}],"curies":[{"name":"wp","href":"https:\/\/api.w.org\/{rel}","templated":true}]}}