{"id":7546,"date":"2024-08-14T07:47:08","date_gmt":"2024-08-14T05:47:08","guid":{"rendered":"https:\/\/test.it-dev.eu\/landungen\/ebook-it-dev-intranet\/"},"modified":"2026-02-27T15:14:32","modified_gmt":"2026-02-27T14:14:32","slug":"ebook-it-dev-intranet","status":"publish","type":"page","link":"https:\/\/test.it-dev.eu\/de\/landungen\/ebook-it-dev-intranet\/","title":{"rendered":"Ebook IT-Dev Intranet"},"content":{"rendered":"\n<p>Pobierz ebooka i dowiedz si\u0119,\u00a0 w jaki spos\u00f3b intranet rozwi\u0105zuje problemy, z kt\u00f3rymi na co dzie\u0144 zmagacie si\u0119 w firmie!<\/p>\n","protected":false},"excerpt":{"rendered":"<p>Pobierz ebooka i dowiedz si\u0119,\u00a0 w jaki spos\u00f3b intranet rozwi\u0105zuje problemy, z kt\u00f3rymi na co dzie\u0144 zmagacie si\u0119 w firmie!<\/p>\n","protected":false},"author":4,"featured_media":0,"parent":7189,"menu_order":0,"comment_status":"closed","ping_status":"closed","template":"templates\/page-landing-1.php","meta":{"_acf_changed":false,"inline_featured_image":false,"footnotes":""},"class_list":["post-7546","page","type-page","status-publish","hentry"],"acf":[],"yoast_head":"<!-- This site is optimized with the Yoast SEO plugin v27.4 - https:\/\/yoast.com\/product\/yoast-seo-wordpress\/ -->\n<title>Ebook IT-Dev Intranet - IT-Dev<\/title>\n<meta name=\"robots\" content=\"noindex, follow, max-snippet:-1, max-image-preview:large, max-video-preview:-1\" \/>\n<meta property=\"og:locale\" content=\"de_DE\" \/>\n<meta property=\"og:type\" content=\"article\" \/>\n<meta property=\"og:title\" content=\"Ebook IT-Dev Intranet - IT-Dev\" \/>\n<meta property=\"og:description\" content=\"Pobierz ebooka i dowiedz si\u0119,\u00a0 w jaki spos\u00f3b intranet rozwi\u0105zuje problemy, z kt\u00f3rymi na co dzie\u0144 zmagacie si\u0119 w firmie!\" \/>\n<meta property=\"og:url\" content=\"https:\/\/test.it-dev.eu\/de\/landungen\/ebook-it-dev-intranet\/\" \/>\n<meta property=\"og:site_name\" content=\"IT-Dev\" \/>\n<meta property=\"article:publisher\" content=\"https:\/\/www.facebook.com\/ITDevWroc\/\" \/>\n<meta property=\"article:modified_time\" content=\"2026-02-27T14:14:32+00:00\" \/>\n<meta name=\"twitter:card\" content=\"summary_large_image\" \/>\n<meta name=\"twitter:site\" content=\"@IT_Dev\" \/>\n<meta name=\"twitter:label1\" content=\"Gesch\u00e4tzte Lesezeit\" \/>\n\t<meta name=\"twitter:data1\" content=\"1\u00a0Minute\" \/>\n<script type=\"application\/ld+json\" class=\"yoast-schema-graph\">{\"@context\":\"https:\\\/\\\/schema.org\",\"@graph\":[{\"@type\":\"WebPage\",\"@id\":\"https:\\\/\\\/test.it-dev.eu\\\/de\\\/landungen\\\/ebook-it-dev-intranet\\\/\",\"url\":\"https:\\\/\\\/test.it-dev.eu\\\/de\\\/landungen\\\/ebook-it-dev-intranet\\\/\",\"name\":\"Ebook IT-Dev Intranet - IT-Dev\",\"isPartOf\":{\"@id\":\"https:\\\/\\\/test.it-dev.eu\\\/de\\\/#website\"},\"datePublished\":\"2024-08-14T05:47:08+00:00\",\"dateModified\":\"2026-02-27T14:14:32+00:00\",\"breadcrumb\":{\"@id\":\"https:\\\/\\\/test.it-dev.eu\\\/de\\\/landungen\\\/ebook-it-dev-intranet\\\/#breadcrumb\"},\"inLanguage\":\"de\",\"potentialAction\":[{\"@type\":\"ReadAction\",\"target\":[\"https:\\\/\\\/test.it-dev.eu\\\/de\\\/landungen\\\/ebook-it-dev-intranet\\\/\"]}]},{\"@type\":\"BreadcrumbList\",\"@id\":\"https:\\\/\\\/test.it-dev.eu\\\/de\\\/landungen\\\/ebook-it-dev-intranet\\\/#breadcrumb\",\"itemListElement\":[{\"@type\":\"ListItem\",\"position\":1,\"name\":\"Strona g\u0142\u00f3wna\",\"item\":\"https:\\\/\\\/test.it-dev.eu\\\/de\\\/\"},{\"@type\":\"ListItem\",\"position\":2,\"name\":\"Landungen\",\"item\":\"https:\\\/\\\/test.it-dev.eu\\\/de\\\/landungen\\\/\"},{\"@type\":\"ListItem\",\"position\":3,\"name\":\"Ebook IT-Dev Intranet\"}]},{\"@type\":\"WebSite\",\"@id\":\"https:\\\/\\\/test.it-dev.eu\\\/de\\\/#website\",\"url\":\"https:\\\/\\\/test.it-dev.eu\\\/de\\\/\",\"name\":\"IT-Dev - Limitless Digital Workplace\",\"description\":\"We create limitless Digital Workplaces\",\"publisher\":{\"@id\":\"https:\\\/\\\/test.it-dev.eu\\\/de\\\/#organization\"},\"potentialAction\":[{\"@type\":\"SearchAction\",\"target\":{\"@type\":\"EntryPoint\",\"urlTemplate\":\"https:\\\/\\\/test.it-dev.eu\\\/de\\\/?s={search_term_string}\"},\"query-input\":{\"@type\":\"PropertyValueSpecification\",\"valueRequired\":true,\"valueName\":\"search_term_string\"}}],\"inLanguage\":\"de\"},{\"@type\":\"Organization\",\"@id\":\"https:\\\/\\\/test.it-dev.eu\\\/de\\\/#organization\",\"name\":\"IT-Dev - Limitless Digital Workplace\",\"url\":\"https:\\\/\\\/test.it-dev.eu\\\/de\\\/\",\"logo\":{\"@type\":\"ImageObject\",\"inLanguage\":\"de\",\"@id\":\"https:\\\/\\\/test.it-dev.eu\\\/de\\\/#\\\/schema\\\/logo\\\/image\\\/\",\"url\":\"https:\\\/\\\/test.it-dev.eu\\\/wp-content\\\/uploads\\\/2023\\\/12\\\/it-dev-logo-696x696-1.png\",\"contentUrl\":\"https:\\\/\\\/test.it-dev.eu\\\/wp-content\\\/uploads\\\/2023\\\/12\\\/it-dev-logo-696x696-1.png\",\"width\":696,\"height\":696,\"caption\":\"IT-Dev - Limitless Digital Workplace\"},\"image\":{\"@id\":\"https:\\\/\\\/test.it-dev.eu\\\/de\\\/#\\\/schema\\\/logo\\\/image\\\/\"},\"sameAs\":[\"https:\\\/\\\/www.facebook.com\\\/ITDevWroc\\\/\",\"https:\\\/\\\/x.com\\\/IT_Dev\",\"https:\\\/\\\/www.linkedin.com\\\/company\\\/it-dev\\\/\",\"https:\\\/\\\/www.youtube.com\\\/user\\\/biuroitdev\"]}]}<\/script>\n<!-- \/ Yoast SEO plugin. -->","yoast_head_json":{"title":"Ebook IT-Dev Intranet - IT-Dev","robots":{"index":"noindex","follow":"follow","max-snippet":"max-snippet:-1","max-image-preview":"max-image-preview:large","max-video-preview":"max-video-preview:-1"},"og_locale":"de_DE","og_type":"article","og_title":"Ebook IT-Dev Intranet - IT-Dev","og_description":"Pobierz ebooka i dowiedz si\u0119,\u00a0 w jaki spos\u00f3b intranet rozwi\u0105zuje problemy, z kt\u00f3rymi na co dzie\u0144 zmagacie si\u0119 w firmie!","og_url":"https:\/\/test.it-dev.eu\/de\/landungen\/ebook-it-dev-intranet\/","og_site_name":"IT-Dev","article_publisher":"https:\/\/www.facebook.com\/ITDevWroc\/","article_modified_time":"2026-02-27T14:14:32+00:00","twitter_card":"summary_large_image","twitter_site":"@IT_Dev","twitter_misc":{"Gesch\u00e4tzte Lesezeit":"1\u00a0Minute"},"schema":{"@context":"https:\/\/schema.org","@graph":[{"@type":"WebPage","@id":"https:\/\/test.it-dev.eu\/de\/landungen\/ebook-it-dev-intranet\/","url":"https:\/\/test.it-dev.eu\/de\/landungen\/ebook-it-dev-intranet\/","name":"Ebook IT-Dev Intranet - IT-Dev","isPartOf":{"@id":"https:\/\/test.it-dev.eu\/de\/#website"},"datePublished":"2024-08-14T05:47:08+00:00","dateModified":"2026-02-27T14:14:32+00:00","breadcrumb":{"@id":"https:\/\/test.it-dev.eu\/de\/landungen\/ebook-it-dev-intranet\/#breadcrumb"},"inLanguage":"de","potentialAction":[{"@type":"ReadAction","target":["https:\/\/test.it-dev.eu\/de\/landungen\/ebook-it-dev-intranet\/"]}]},{"@type":"BreadcrumbList","@id":"https:\/\/test.it-dev.eu\/de\/landungen\/ebook-it-dev-intranet\/#breadcrumb","itemListElement":[{"@type":"ListItem","position":1,"name":"Strona g\u0142\u00f3wna","item":"https:\/\/test.it-dev.eu\/de\/"},{"@type":"ListItem","position":2,"name":"Landungen","item":"https:\/\/test.it-dev.eu\/de\/landungen\/"},{"@type":"ListItem","position":3,"name":"Ebook IT-Dev Intranet"}]},{"@type":"WebSite","@id":"https:\/\/test.it-dev.eu\/de\/#website","url":"https:\/\/test.it-dev.eu\/de\/","name":"IT-Dev - Limitless Digital Workplace","description":"We create limitless Digital Workplaces","publisher":{"@id":"https:\/\/test.it-dev.eu\/de\/#organization"},"potentialAction":[{"@type":"SearchAction","target":{"@type":"EntryPoint","urlTemplate":"https:\/\/test.it-dev.eu\/de\/?s={search_term_string}"},"query-input":{"@type":"PropertyValueSpecification","valueRequired":true,"valueName":"search_term_string"}}],"inLanguage":"de"},{"@type":"Organization","@id":"https:\/\/test.it-dev.eu\/de\/#organization","name":"IT-Dev - Limitless Digital Workplace","url":"https:\/\/test.it-dev.eu\/de\/","logo":{"@type":"ImageObject","inLanguage":"de","@id":"https:\/\/test.it-dev.eu\/de\/#\/schema\/logo\/image\/","url":"https:\/\/test.it-dev.eu\/wp-content\/uploads\/2023\/12\/it-dev-logo-696x696-1.png","contentUrl":"https:\/\/test.it-dev.eu\/wp-content\/uploads\/2023\/12\/it-dev-logo-696x696-1.png","width":696,"height":696,"caption":"IT-Dev - Limitless Digital Workplace"},"image":{"@id":"https:\/\/test.it-dev.eu\/de\/#\/schema\/logo\/image\/"},"sameAs":["https:\/\/www.facebook.com\/ITDevWroc\/","https:\/\/x.com\/IT_Dev","https:\/\/www.linkedin.com\/company\/it-dev\/","https:\/\/www.youtube.com\/user\/biuroitdev"]}]}},"_links":{"self":[{"href":"https:\/\/test.it-dev.eu\/de\/wp-json\/wp\/v2\/pages\/7546","targetHints":{"allow":["GET"]}}],"collection":[{"href":"https:\/\/test.it-dev.eu\/de\/wp-json\/wp\/v2\/pages"}],"about":[{"href":"https:\/\/test.it-dev.eu\/de\/wp-json\/wp\/v2\/types\/page"}],"author":[{"embeddable":true,"href":"https:\/\/test.it-dev.eu\/de\/wp-json\/wp\/v2\/users\/4"}],"replies":[{"embeddable":true,"href":"https:\/\/test.it-dev.eu\/de\/wp-json\/wp\/v2\/comments?post=7546"}],"version-history":[{"count":3,"href":"https:\/\/test.it-dev.eu\/de\/wp-json\/wp\/v2\/pages\/7546\/revisions"}],"predecessor-version":[{"id":8261,"href":"https:\/\/test.it-dev.eu\/de\/wp-json\/wp\/v2\/pages\/7546\/revisions\/8261"}],"up":[{"embeddable":true,"href":"https:\/\/test.it-dev.eu\/de\/wp-json\/wp\/v2\/pages\/7189"}],"wp:attachment":[{"href":"https:\/\/test.it-dev.eu\/de\/wp-json\/wp\/v2\/media?parent=7546"}],"curies":[{"name":"wp","href":"https:\/\/api.w.org\/{rel}","templated":true}]}}