{"id":9605,"date":"2023-07-24T14:58:12","date_gmt":"2023-07-24T12:58:12","guid":{"rendered":"https:\/\/test.it-dev.eu\/dienstleistungen\/uslugi-chmurowe-doradztwo\/"},"modified":"2026-01-21T10:10:10","modified_gmt":"2026-01-21T09:10:10","slug":"beratung-zu-microsoft-365-cloud-diensten","status":"publish","type":"page","link":"https:\/\/test.it-dev.eu\/de\/dienstleistungen\/beratung-zu-microsoft-365-cloud-diensten\/","title":{"rendered":"Beratung zu Microsoft 365 Cloud-Diensten"},"content":{"rendered":"","protected":false},"excerpt":{"rendered":"","protected":false},"author":7,"featured_media":0,"parent":7215,"menu_order":0,"comment_status":"closed","ping_status":"closed","template":"templates\/page-single-solution.php","meta":{"_acf_changed":false,"inline_featured_image":false,"footnotes":""},"class_list":["post-9605","page","type-page","status-publish","hentry"],"acf":[],"yoast_head":"<!-- This site is optimized with the Yoast SEO plugin v27.4 - https:\/\/yoast.com\/product\/yoast-seo-wordpress\/ -->\n<title>Beratung zu Microsoft 365 Cloud-Diensten | IT-Dev<\/title>\n<meta name=\"description\" content=\"Wir beraten Sie zu Cloud-Diensten \u2013 Spezialisten f\u00fcr Microsoft 365-Cloud-Dienste, die Sicherheit, Compliance und ma\u00dfgeschneiderte Konfigurationen gew\u00e4hrleisten.\" \/>\n<meta name=\"robots\" content=\"noindex, follow, max-snippet:-1, max-image-preview:large, max-video-preview:-1\" \/>\n<meta property=\"og:locale\" content=\"de_DE\" \/>\n<meta property=\"og:type\" content=\"article\" \/>\n<meta property=\"og:title\" content=\"Beratung zu Microsoft 365 Cloud-Diensten | IT-Dev\" \/>\n<meta property=\"og:description\" content=\"Wir beraten Sie zu Cloud-Diensten \u2013 Spezialisten f\u00fcr Microsoft 365-Cloud-Dienste, die Sicherheit, Compliance und ma\u00dfgeschneiderte Konfigurationen gew\u00e4hrleisten.\" \/>\n<meta property=\"og:url\" content=\"https:\/\/test.it-dev.eu\/de\/dienstleistungen\/beratung-zu-microsoft-365-cloud-diensten\/\" \/>\n<meta property=\"og:site_name\" content=\"IT-Dev\" \/>\n<meta property=\"article:publisher\" content=\"https:\/\/www.facebook.com\/ITDevWroc\/\" \/>\n<meta property=\"article:modified_time\" content=\"2026-01-21T09:10:10+00:00\" \/>\n<meta name=\"twitter:card\" content=\"summary_large_image\" \/>\n<meta name=\"twitter:site\" content=\"@IT_Dev\" \/>\n<script type=\"application\/ld+json\" class=\"yoast-schema-graph\">{\"@context\":\"https:\\\/\\\/schema.org\",\"@graph\":[{\"@type\":\"WebPage\",\"@id\":\"https:\\\/\\\/test.it-dev.eu\\\/de\\\/dienstleistungen\\\/beratung-zu-microsoft-365-cloud-diensten\\\/\",\"url\":\"https:\\\/\\\/test.it-dev.eu\\\/de\\\/dienstleistungen\\\/beratung-zu-microsoft-365-cloud-diensten\\\/\",\"name\":\"Beratung zu Microsoft 365 Cloud-Diensten | IT-Dev\",\"isPartOf\":{\"@id\":\"https:\\\/\\\/test.it-dev.eu\\\/de\\\/#website\"},\"datePublished\":\"2023-07-24T12:58:12+00:00\",\"dateModified\":\"2026-01-21T09:10:10+00:00\",\"description\":\"Wir beraten Sie zu Cloud-Diensten \u2013 Spezialisten f\u00fcr Microsoft 365-Cloud-Dienste, die Sicherheit, Compliance und ma\u00dfgeschneiderte Konfigurationen gew\u00e4hrleisten.\",\"breadcrumb\":{\"@id\":\"https:\\\/\\\/test.it-dev.eu\\\/de\\\/dienstleistungen\\\/beratung-zu-microsoft-365-cloud-diensten\\\/#breadcrumb\"},\"inLanguage\":\"de\",\"potentialAction\":[{\"@type\":\"ReadAction\",\"target\":[\"https:\\\/\\\/test.it-dev.eu\\\/de\\\/dienstleistungen\\\/beratung-zu-microsoft-365-cloud-diensten\\\/\"]}]},{\"@type\":\"BreadcrumbList\",\"@id\":\"https:\\\/\\\/test.it-dev.eu\\\/de\\\/dienstleistungen\\\/beratung-zu-microsoft-365-cloud-diensten\\\/#breadcrumb\",\"itemListElement\":[{\"@type\":\"ListItem\",\"position\":1,\"name\":\"Strona g\u0142\u00f3wna\",\"item\":\"https:\\\/\\\/test.it-dev.eu\\\/de\\\/\"},{\"@type\":\"ListItem\",\"position\":2,\"name\":\"Dienstleistungen\",\"item\":\"https:\\\/\\\/test.it-dev.eu\\\/de\\\/dienstleistungen\\\/\"},{\"@type\":\"ListItem\",\"position\":3,\"name\":\"Beratung zu Microsoft 365 Cloud-Diensten\"}]},{\"@type\":\"WebSite\",\"@id\":\"https:\\\/\\\/test.it-dev.eu\\\/de\\\/#website\",\"url\":\"https:\\\/\\\/test.it-dev.eu\\\/de\\\/\",\"name\":\"IT-Dev - Limitless Digital Workplace\",\"description\":\"We create limitless Digital Workplaces\",\"publisher\":{\"@id\":\"https:\\\/\\\/test.it-dev.eu\\\/de\\\/#organization\"},\"potentialAction\":[{\"@type\":\"SearchAction\",\"target\":{\"@type\":\"EntryPoint\",\"urlTemplate\":\"https:\\\/\\\/test.it-dev.eu\\\/de\\\/?s={search_term_string}\"},\"query-input\":{\"@type\":\"PropertyValueSpecification\",\"valueRequired\":true,\"valueName\":\"search_term_string\"}}],\"inLanguage\":\"de\"},{\"@type\":\"Organization\",\"@id\":\"https:\\\/\\\/test.it-dev.eu\\\/de\\\/#organization\",\"name\":\"IT-Dev - Limitless Digital Workplace\",\"url\":\"https:\\\/\\\/test.it-dev.eu\\\/de\\\/\",\"logo\":{\"@type\":\"ImageObject\",\"inLanguage\":\"de\",\"@id\":\"https:\\\/\\\/test.it-dev.eu\\\/de\\\/#\\\/schema\\\/logo\\\/image\\\/\",\"url\":\"https:\\\/\\\/test.it-dev.eu\\\/wp-content\\\/uploads\\\/2023\\\/12\\\/it-dev-logo-696x696-1.png\",\"contentUrl\":\"https:\\\/\\\/test.it-dev.eu\\\/wp-content\\\/uploads\\\/2023\\\/12\\\/it-dev-logo-696x696-1.png\",\"width\":696,\"height\":696,\"caption\":\"IT-Dev - Limitless Digital Workplace\"},\"image\":{\"@id\":\"https:\\\/\\\/test.it-dev.eu\\\/de\\\/#\\\/schema\\\/logo\\\/image\\\/\"},\"sameAs\":[\"https:\\\/\\\/www.facebook.com\\\/ITDevWroc\\\/\",\"https:\\\/\\\/x.com\\\/IT_Dev\",\"https:\\\/\\\/www.linkedin.com\\\/company\\\/it-dev\\\/\",\"https:\\\/\\\/www.youtube.com\\\/user\\\/biuroitdev\"]}]}<\/script>\n<!-- \/ Yoast SEO plugin. -->","yoast_head_json":{"title":"Beratung zu Microsoft 365 Cloud-Diensten | IT-Dev","description":"Wir beraten Sie zu Cloud-Diensten \u2013 Spezialisten f\u00fcr Microsoft 365-Cloud-Dienste, die Sicherheit, Compliance und ma\u00dfgeschneiderte Konfigurationen gew\u00e4hrleisten.","robots":{"index":"noindex","follow":"follow","max-snippet":"max-snippet:-1","max-image-preview":"max-image-preview:large","max-video-preview":"max-video-preview:-1"},"og_locale":"de_DE","og_type":"article","og_title":"Beratung zu Microsoft 365 Cloud-Diensten | IT-Dev","og_description":"Wir beraten Sie zu Cloud-Diensten \u2013 Spezialisten f\u00fcr Microsoft 365-Cloud-Dienste, die Sicherheit, Compliance und ma\u00dfgeschneiderte Konfigurationen gew\u00e4hrleisten.","og_url":"https:\/\/test.it-dev.eu\/de\/dienstleistungen\/beratung-zu-microsoft-365-cloud-diensten\/","og_site_name":"IT-Dev","article_publisher":"https:\/\/www.facebook.com\/ITDevWroc\/","article_modified_time":"2026-01-21T09:10:10+00:00","twitter_card":"summary_large_image","twitter_site":"@IT_Dev","schema":{"@context":"https:\/\/schema.org","@graph":[{"@type":"WebPage","@id":"https:\/\/test.it-dev.eu\/de\/dienstleistungen\/beratung-zu-microsoft-365-cloud-diensten\/","url":"https:\/\/test.it-dev.eu\/de\/dienstleistungen\/beratung-zu-microsoft-365-cloud-diensten\/","name":"Beratung zu Microsoft 365 Cloud-Diensten | IT-Dev","isPartOf":{"@id":"https:\/\/test.it-dev.eu\/de\/#website"},"datePublished":"2023-07-24T12:58:12+00:00","dateModified":"2026-01-21T09:10:10+00:00","description":"Wir beraten Sie zu Cloud-Diensten \u2013 Spezialisten f\u00fcr Microsoft 365-Cloud-Dienste, die Sicherheit, Compliance und ma\u00dfgeschneiderte Konfigurationen gew\u00e4hrleisten.","breadcrumb":{"@id":"https:\/\/test.it-dev.eu\/de\/dienstleistungen\/beratung-zu-microsoft-365-cloud-diensten\/#breadcrumb"},"inLanguage":"de","potentialAction":[{"@type":"ReadAction","target":["https:\/\/test.it-dev.eu\/de\/dienstleistungen\/beratung-zu-microsoft-365-cloud-diensten\/"]}]},{"@type":"BreadcrumbList","@id":"https:\/\/test.it-dev.eu\/de\/dienstleistungen\/beratung-zu-microsoft-365-cloud-diensten\/#breadcrumb","itemListElement":[{"@type":"ListItem","position":1,"name":"Strona g\u0142\u00f3wna","item":"https:\/\/test.it-dev.eu\/de\/"},{"@type":"ListItem","position":2,"name":"Dienstleistungen","item":"https:\/\/test.it-dev.eu\/de\/dienstleistungen\/"},{"@type":"ListItem","position":3,"name":"Beratung zu Microsoft 365 Cloud-Diensten"}]},{"@type":"WebSite","@id":"https:\/\/test.it-dev.eu\/de\/#website","url":"https:\/\/test.it-dev.eu\/de\/","name":"IT-Dev - Limitless Digital Workplace","description":"We create limitless Digital Workplaces","publisher":{"@id":"https:\/\/test.it-dev.eu\/de\/#organization"},"potentialAction":[{"@type":"SearchAction","target":{"@type":"EntryPoint","urlTemplate":"https:\/\/test.it-dev.eu\/de\/?s={search_term_string}"},"query-input":{"@type":"PropertyValueSpecification","valueRequired":true,"valueName":"search_term_string"}}],"inLanguage":"de"},{"@type":"Organization","@id":"https:\/\/test.it-dev.eu\/de\/#organization","name":"IT-Dev - Limitless Digital Workplace","url":"https:\/\/test.it-dev.eu\/de\/","logo":{"@type":"ImageObject","inLanguage":"de","@id":"https:\/\/test.it-dev.eu\/de\/#\/schema\/logo\/image\/","url":"https:\/\/test.it-dev.eu\/wp-content\/uploads\/2023\/12\/it-dev-logo-696x696-1.png","contentUrl":"https:\/\/test.it-dev.eu\/wp-content\/uploads\/2023\/12\/it-dev-logo-696x696-1.png","width":696,"height":696,"caption":"IT-Dev - Limitless Digital Workplace"},"image":{"@id":"https:\/\/test.it-dev.eu\/de\/#\/schema\/logo\/image\/"},"sameAs":["https:\/\/www.facebook.com\/ITDevWroc\/","https:\/\/x.com\/IT_Dev","https:\/\/www.linkedin.com\/company\/it-dev\/","https:\/\/www.youtube.com\/user\/biuroitdev"]}]}},"_links":{"self":[{"href":"https:\/\/test.it-dev.eu\/de\/wp-json\/wp\/v2\/pages\/9605","targetHints":{"allow":["GET"]}}],"collection":[{"href":"https:\/\/test.it-dev.eu\/de\/wp-json\/wp\/v2\/pages"}],"about":[{"href":"https:\/\/test.it-dev.eu\/de\/wp-json\/wp\/v2\/types\/page"}],"author":[{"embeddable":true,"href":"https:\/\/test.it-dev.eu\/de\/wp-json\/wp\/v2\/users\/7"}],"replies":[{"embeddable":true,"href":"https:\/\/test.it-dev.eu\/de\/wp-json\/wp\/v2\/comments?post=9605"}],"version-history":[{"count":5,"href":"https:\/\/test.it-dev.eu\/de\/wp-json\/wp\/v2\/pages\/9605\/revisions"}],"predecessor-version":[{"id":9616,"href":"https:\/\/test.it-dev.eu\/de\/wp-json\/wp\/v2\/pages\/9605\/revisions\/9616"}],"up":[{"embeddable":true,"href":"https:\/\/test.it-dev.eu\/de\/wp-json\/wp\/v2\/pages\/7215"}],"wp:attachment":[{"href":"https:\/\/test.it-dev.eu\/de\/wp-json\/wp\/v2\/media?parent=9605"}],"curies":[{"name":"wp","href":"https:\/\/api.w.org\/{rel}","templated":true}]}}