{"id":9830,"date":"2025-11-18T10:20:07","date_gmt":"2025-11-18T09:20:07","guid":{"rendered":"https:\/\/test.it-dev.eu\/klienci\/mbank\/"},"modified":"2026-01-21T10:10:11","modified_gmt":"2026-01-21T09:10:11","slug":"mbank","status":"publish","type":"page","link":"https:\/\/test.it-dev.eu\/de\/klienci\/mbank\/","title":{"rendered":"mBank"},"content":{"rendered":"","protected":false},"excerpt":{"rendered":"","protected":false},"author":3,"featured_media":9396,"parent":7022,"menu_order":0,"comment_status":"closed","ping_status":"closed","template":"templates\/page-case-study.php","meta":{"_acf_changed":false,"inline_featured_image":false,"footnotes":""},"class_list":["post-9830","page","type-page","status-publish","has-post-thumbnail","hentry"],"acf":[],"yoast_head":"<!-- This site is optimized with the Yoast SEO plugin v27.4 - https:\/\/yoast.com\/product\/yoast-seo-wordpress\/ -->\n<title>mBank - IT-Dev<\/title>\n<meta name=\"description\" content=\"Das moderne Intranet bei mBank: das digitale Herzst\u00fcck des Unternehmens, das die Kommunikation organisiert und das Engagement von \u00fcber 8.500 Mitarbeitern f\u00f6rdert.\" \/>\n<meta name=\"robots\" content=\"noindex, follow, max-snippet:-1, max-image-preview:large, max-video-preview:-1\" \/>\n<meta property=\"og:locale\" content=\"de_DE\" \/>\n<meta property=\"og:type\" content=\"article\" \/>\n<meta property=\"og:title\" content=\"mBank - IT-Dev\" \/>\n<meta property=\"og:description\" content=\"Das moderne Intranet bei mBank: das digitale Herzst\u00fcck des Unternehmens, das die Kommunikation organisiert und das Engagement von \u00fcber 8.500 Mitarbeitern f\u00f6rdert.\" \/>\n<meta property=\"og:url\" content=\"https:\/\/test.it-dev.eu\/de\/klienci\/mbank\/\" \/>\n<meta property=\"og:site_name\" content=\"IT-Dev\" \/>\n<meta property=\"article:publisher\" content=\"https:\/\/www.facebook.com\/ITDevWroc\/\" \/>\n<meta property=\"article:modified_time\" content=\"2026-01-21T09:10:11+00:00\" \/>\n<meta property=\"og:image\" content=\"https:\/\/test.it-dev.eu\/wp-content\/uploads\/2025\/11\/Case-study-mBank.png\" \/>\n\t<meta property=\"og:image:width\" content=\"1080\" \/>\n\t<meta property=\"og:image:height\" content=\"720\" \/>\n\t<meta property=\"og:image:type\" content=\"image\/png\" \/>\n<meta name=\"twitter:card\" content=\"summary_large_image\" \/>\n<meta name=\"twitter:site\" content=\"@IT_Dev\" \/>\n<meta name=\"twitter:label1\" content=\"Gesch\u00e4tzte Lesezeit\" \/>\n\t<meta name=\"twitter:data1\" content=\"1\u00a0Minute\" \/>\n<script type=\"application\/ld+json\" class=\"yoast-schema-graph\">{\"@context\":\"https:\\\/\\\/schema.org\",\"@graph\":[{\"@type\":\"WebPage\",\"@id\":\"https:\\\/\\\/test.it-dev.eu\\\/de\\\/klienci\\\/mbank\\\/\",\"url\":\"https:\\\/\\\/test.it-dev.eu\\\/de\\\/klienci\\\/mbank\\\/\",\"name\":\"mBank - IT-Dev\",\"isPartOf\":{\"@id\":\"https:\\\/\\\/test.it-dev.eu\\\/de\\\/#website\"},\"primaryImageOfPage\":{\"@id\":\"https:\\\/\\\/test.it-dev.eu\\\/de\\\/klienci\\\/mbank\\\/#primaryimage\"},\"image\":{\"@id\":\"https:\\\/\\\/test.it-dev.eu\\\/de\\\/klienci\\\/mbank\\\/#primaryimage\"},\"thumbnailUrl\":\"https:\\\/\\\/test.it-dev.eu\\\/wp-content\\\/uploads\\\/2025\\\/11\\\/Case-study-mBank.png\",\"datePublished\":\"2025-11-18T09:20:07+00:00\",\"dateModified\":\"2026-01-21T09:10:11+00:00\",\"description\":\"Das moderne Intranet bei mBank: das digitale Herzst\u00fcck des Unternehmens, das die Kommunikation organisiert und das Engagement von \u00fcber 8.500 Mitarbeitern f\u00f6rdert.\",\"breadcrumb\":{\"@id\":\"https:\\\/\\\/test.it-dev.eu\\\/de\\\/klienci\\\/mbank\\\/#breadcrumb\"},\"inLanguage\":\"de\",\"potentialAction\":[{\"@type\":\"ReadAction\",\"target\":[\"https:\\\/\\\/test.it-dev.eu\\\/de\\\/klienci\\\/mbank\\\/\"]}]},{\"@type\":\"ImageObject\",\"inLanguage\":\"de\",\"@id\":\"https:\\\/\\\/test.it-dev.eu\\\/de\\\/klienci\\\/mbank\\\/#primaryimage\",\"url\":\"https:\\\/\\\/test.it-dev.eu\\\/wp-content\\\/uploads\\\/2025\\\/11\\\/Case-study-mBank.png\",\"contentUrl\":\"https:\\\/\\\/test.it-dev.eu\\\/wp-content\\\/uploads\\\/2025\\\/11\\\/Case-study-mBank.png\",\"width\":1080,\"height\":720},{\"@type\":\"BreadcrumbList\",\"@id\":\"https:\\\/\\\/test.it-dev.eu\\\/de\\\/klienci\\\/mbank\\\/#breadcrumb\",\"itemListElement\":[{\"@type\":\"ListItem\",\"position\":1,\"name\":\"Strona g\u0142\u00f3wna\",\"item\":\"https:\\\/\\\/test.it-dev.eu\\\/de\\\/\"},{\"@type\":\"ListItem\",\"position\":2,\"name\":\"Kunden\",\"item\":\"https:\\\/\\\/test.it-dev.eu\\\/de\\\/klienci\\\/\"},{\"@type\":\"ListItem\",\"position\":3,\"name\":\"mBank\"}]},{\"@type\":\"WebSite\",\"@id\":\"https:\\\/\\\/test.it-dev.eu\\\/de\\\/#website\",\"url\":\"https:\\\/\\\/test.it-dev.eu\\\/de\\\/\",\"name\":\"IT-Dev - Limitless Digital Workplace\",\"description\":\"We create limitless Digital Workplaces\",\"publisher\":{\"@id\":\"https:\\\/\\\/test.it-dev.eu\\\/de\\\/#organization\"},\"potentialAction\":[{\"@type\":\"SearchAction\",\"target\":{\"@type\":\"EntryPoint\",\"urlTemplate\":\"https:\\\/\\\/test.it-dev.eu\\\/de\\\/?s={search_term_string}\"},\"query-input\":{\"@type\":\"PropertyValueSpecification\",\"valueRequired\":true,\"valueName\":\"search_term_string\"}}],\"inLanguage\":\"de\"},{\"@type\":\"Organization\",\"@id\":\"https:\\\/\\\/test.it-dev.eu\\\/de\\\/#organization\",\"name\":\"IT-Dev - Limitless Digital Workplace\",\"url\":\"https:\\\/\\\/test.it-dev.eu\\\/de\\\/\",\"logo\":{\"@type\":\"ImageObject\",\"inLanguage\":\"de\",\"@id\":\"https:\\\/\\\/test.it-dev.eu\\\/de\\\/#\\\/schema\\\/logo\\\/image\\\/\",\"url\":\"https:\\\/\\\/test.it-dev.eu\\\/wp-content\\\/uploads\\\/2023\\\/12\\\/it-dev-logo-696x696-1.png\",\"contentUrl\":\"https:\\\/\\\/test.it-dev.eu\\\/wp-content\\\/uploads\\\/2023\\\/12\\\/it-dev-logo-696x696-1.png\",\"width\":696,\"height\":696,\"caption\":\"IT-Dev - Limitless Digital Workplace\"},\"image\":{\"@id\":\"https:\\\/\\\/test.it-dev.eu\\\/de\\\/#\\\/schema\\\/logo\\\/image\\\/\"},\"sameAs\":[\"https:\\\/\\\/www.facebook.com\\\/ITDevWroc\\\/\",\"https:\\\/\\\/x.com\\\/IT_Dev\",\"https:\\\/\\\/www.linkedin.com\\\/company\\\/it-dev\\\/\",\"https:\\\/\\\/www.youtube.com\\\/user\\\/biuroitdev\"]}]}<\/script>\n<!-- \/ Yoast SEO plugin. -->","yoast_head_json":{"title":"mBank - IT-Dev","description":"Das moderne Intranet bei mBank: das digitale Herzst\u00fcck des Unternehmens, das die Kommunikation organisiert und das Engagement von \u00fcber 8.500 Mitarbeitern f\u00f6rdert.","robots":{"index":"noindex","follow":"follow","max-snippet":"max-snippet:-1","max-image-preview":"max-image-preview:large","max-video-preview":"max-video-preview:-1"},"og_locale":"de_DE","og_type":"article","og_title":"mBank - IT-Dev","og_description":"Das moderne Intranet bei mBank: das digitale Herzst\u00fcck des Unternehmens, das die Kommunikation organisiert und das Engagement von \u00fcber 8.500 Mitarbeitern f\u00f6rdert.","og_url":"https:\/\/test.it-dev.eu\/de\/klienci\/mbank\/","og_site_name":"IT-Dev","article_publisher":"https:\/\/www.facebook.com\/ITDevWroc\/","article_modified_time":"2026-01-21T09:10:11+00:00","og_image":[{"width":1080,"height":720,"url":"https:\/\/test.it-dev.eu\/wp-content\/uploads\/2025\/11\/Case-study-mBank.png","type":"image\/png"}],"twitter_card":"summary_large_image","twitter_site":"@IT_Dev","twitter_misc":{"Gesch\u00e4tzte Lesezeit":"1\u00a0Minute"},"schema":{"@context":"https:\/\/schema.org","@graph":[{"@type":"WebPage","@id":"https:\/\/test.it-dev.eu\/de\/klienci\/mbank\/","url":"https:\/\/test.it-dev.eu\/de\/klienci\/mbank\/","name":"mBank - IT-Dev","isPartOf":{"@id":"https:\/\/test.it-dev.eu\/de\/#website"},"primaryImageOfPage":{"@id":"https:\/\/test.it-dev.eu\/de\/klienci\/mbank\/#primaryimage"},"image":{"@id":"https:\/\/test.it-dev.eu\/de\/klienci\/mbank\/#primaryimage"},"thumbnailUrl":"https:\/\/test.it-dev.eu\/wp-content\/uploads\/2025\/11\/Case-study-mBank.png","datePublished":"2025-11-18T09:20:07+00:00","dateModified":"2026-01-21T09:10:11+00:00","description":"Das moderne Intranet bei mBank: das digitale Herzst\u00fcck des Unternehmens, das die Kommunikation organisiert und das Engagement von \u00fcber 8.500 Mitarbeitern f\u00f6rdert.","breadcrumb":{"@id":"https:\/\/test.it-dev.eu\/de\/klienci\/mbank\/#breadcrumb"},"inLanguage":"de","potentialAction":[{"@type":"ReadAction","target":["https:\/\/test.it-dev.eu\/de\/klienci\/mbank\/"]}]},{"@type":"ImageObject","inLanguage":"de","@id":"https:\/\/test.it-dev.eu\/de\/klienci\/mbank\/#primaryimage","url":"https:\/\/test.it-dev.eu\/wp-content\/uploads\/2025\/11\/Case-study-mBank.png","contentUrl":"https:\/\/test.it-dev.eu\/wp-content\/uploads\/2025\/11\/Case-study-mBank.png","width":1080,"height":720},{"@type":"BreadcrumbList","@id":"https:\/\/test.it-dev.eu\/de\/klienci\/mbank\/#breadcrumb","itemListElement":[{"@type":"ListItem","position":1,"name":"Strona g\u0142\u00f3wna","item":"https:\/\/test.it-dev.eu\/de\/"},{"@type":"ListItem","position":2,"name":"Kunden","item":"https:\/\/test.it-dev.eu\/de\/klienci\/"},{"@type":"ListItem","position":3,"name":"mBank"}]},{"@type":"WebSite","@id":"https:\/\/test.it-dev.eu\/de\/#website","url":"https:\/\/test.it-dev.eu\/de\/","name":"IT-Dev - Limitless Digital Workplace","description":"We create limitless Digital Workplaces","publisher":{"@id":"https:\/\/test.it-dev.eu\/de\/#organization"},"potentialAction":[{"@type":"SearchAction","target":{"@type":"EntryPoint","urlTemplate":"https:\/\/test.it-dev.eu\/de\/?s={search_term_string}"},"query-input":{"@type":"PropertyValueSpecification","valueRequired":true,"valueName":"search_term_string"}}],"inLanguage":"de"},{"@type":"Organization","@id":"https:\/\/test.it-dev.eu\/de\/#organization","name":"IT-Dev - Limitless Digital Workplace","url":"https:\/\/test.it-dev.eu\/de\/","logo":{"@type":"ImageObject","inLanguage":"de","@id":"https:\/\/test.it-dev.eu\/de\/#\/schema\/logo\/image\/","url":"https:\/\/test.it-dev.eu\/wp-content\/uploads\/2023\/12\/it-dev-logo-696x696-1.png","contentUrl":"https:\/\/test.it-dev.eu\/wp-content\/uploads\/2023\/12\/it-dev-logo-696x696-1.png","width":696,"height":696,"caption":"IT-Dev - Limitless Digital Workplace"},"image":{"@id":"https:\/\/test.it-dev.eu\/de\/#\/schema\/logo\/image\/"},"sameAs":["https:\/\/www.facebook.com\/ITDevWroc\/","https:\/\/x.com\/IT_Dev","https:\/\/www.linkedin.com\/company\/it-dev\/","https:\/\/www.youtube.com\/user\/biuroitdev"]}]}},"_links":{"self":[{"href":"https:\/\/test.it-dev.eu\/de\/wp-json\/wp\/v2\/pages\/9830","targetHints":{"allow":["GET"]}}],"collection":[{"href":"https:\/\/test.it-dev.eu\/de\/wp-json\/wp\/v2\/pages"}],"about":[{"href":"https:\/\/test.it-dev.eu\/de\/wp-json\/wp\/v2\/types\/page"}],"author":[{"embeddable":true,"href":"https:\/\/test.it-dev.eu\/de\/wp-json\/wp\/v2\/users\/3"}],"replies":[{"embeddable":true,"href":"https:\/\/test.it-dev.eu\/de\/wp-json\/wp\/v2\/comments?post=9830"}],"version-history":[{"count":3,"href":"https:\/\/test.it-dev.eu\/de\/wp-json\/wp\/v2\/pages\/9830\/revisions"}],"predecessor-version":[{"id":9834,"href":"https:\/\/test.it-dev.eu\/de\/wp-json\/wp\/v2\/pages\/9830\/revisions\/9834"}],"up":[{"embeddable":true,"href":"https:\/\/test.it-dev.eu\/de\/wp-json\/wp\/v2\/pages\/7022"}],"wp:featuredmedia":[{"embeddable":true,"href":"https:\/\/test.it-dev.eu\/de\/wp-json\/wp\/v2\/media\/9396"}],"wp:attachment":[{"href":"https:\/\/test.it-dev.eu\/de\/wp-json\/wp\/v2\/media?parent=9830"}],"curies":[{"name":"wp","href":"https:\/\/api.w.org\/{rel}","templated":true}]}}