{"id":2384,"date":"2023-07-19T08:35:31","date_gmt":"2023-07-19T06:35:31","guid":{"rendered":"https:\/\/test.it-dev.eu\/?page_id=2384"},"modified":"2025-03-12T13:47:21","modified_gmt":"2025-03-12T12:47:21","slug":"rozwiazania","status":"publish","type":"page","link":"https:\/\/test.it-dev.eu\/pl\/rozwiazania\/","title":{"rendered":"Rozwi\u0105zania"},"content":{"rendered":"","protected":false},"excerpt":{"rendered":"","protected":false},"author":7,"featured_media":0,"parent":0,"menu_order":0,"comment_status":"closed","ping_status":"closed","template":"templates\/page-mid_site.php","meta":{"_acf_changed":false,"inline_featured_image":false,"footnotes":""},"class_list":["post-2384","page","type-page","status-publish","hentry"],"acf":[],"yoast_head":"<!-- This site is optimized with the Yoast SEO plugin v27.4 - https:\/\/yoast.com\/product\/yoast-seo-wordpress\/ -->\n<title>Rozwi\u0105zania Cyfrowego Miejsca Pracy | IT-Dev<\/title>\n<meta name=\"description\" content=\"Odblokuj swoje mo\u017cliwo\u015bci dzi\u0119ki naszym rozwi\u0105zaniom Cyfrowego Miejsca Pracy \u2013 od kreatywno\u015bci sztucznej inteligencji po szybki rozw\u00f3j.\" \/>\n<meta name=\"robots\" content=\"noindex, follow, max-snippet:-1, max-image-preview:large, max-video-preview:-1\" \/>\n<meta property=\"og:locale\" content=\"pl_PL\" \/>\n<meta property=\"og:type\" content=\"article\" \/>\n<meta property=\"og:title\" content=\"Rozwi\u0105zania Cyfrowego Miejsca Pracy | IT-Dev\" \/>\n<meta property=\"og:description\" content=\"Odblokuj swoje mo\u017cliwo\u015bci dzi\u0119ki naszym rozwi\u0105zaniom Cyfrowego Miejsca Pracy \u2013 od kreatywno\u015bci sztucznej inteligencji po szybki rozw\u00f3j.\" \/>\n<meta property=\"og:url\" content=\"https:\/\/test.it-dev.eu\/pl\/rozwiazania\/\" \/>\n<meta property=\"og:site_name\" content=\"IT-Dev\" \/>\n<meta property=\"article:publisher\" content=\"https:\/\/www.facebook.com\/ITDevWroc\/\" \/>\n<meta property=\"article:modified_time\" content=\"2025-03-12T12:47:21+00:00\" \/>\n<meta name=\"twitter:card\" content=\"summary_large_image\" \/>\n<meta name=\"twitter:site\" content=\"@IT_Dev\" \/>\n<script type=\"application\/ld+json\" class=\"yoast-schema-graph\">{\"@context\":\"https:\\\/\\\/schema.org\",\"@graph\":[{\"@type\":\"WebPage\",\"@id\":\"https:\\\/\\\/test.it-dev.eu\\\/pl\\\/rozwiazania\\\/\",\"url\":\"https:\\\/\\\/test.it-dev.eu\\\/pl\\\/rozwiazania\\\/\",\"name\":\"Rozwi\u0105zania Cyfrowego Miejsca Pracy | IT-Dev\",\"isPartOf\":{\"@id\":\"https:\\\/\\\/test.it-dev.eu\\\/pl\\\/#website\"},\"datePublished\":\"2023-07-19T06:35:31+00:00\",\"dateModified\":\"2025-03-12T12:47:21+00:00\",\"description\":\"Odblokuj swoje mo\u017cliwo\u015bci dzi\u0119ki naszym rozwi\u0105zaniom Cyfrowego Miejsca Pracy \u2013 od kreatywno\u015bci sztucznej inteligencji po szybki rozw\u00f3j.\",\"breadcrumb\":{\"@id\":\"https:\\\/\\\/test.it-dev.eu\\\/pl\\\/rozwiazania\\\/#breadcrumb\"},\"inLanguage\":\"pl-PL\",\"potentialAction\":[{\"@type\":\"ReadAction\",\"target\":[\"https:\\\/\\\/test.it-dev.eu\\\/pl\\\/rozwiazania\\\/\"]}]},{\"@type\":\"BreadcrumbList\",\"@id\":\"https:\\\/\\\/test.it-dev.eu\\\/pl\\\/rozwiazania\\\/#breadcrumb\",\"itemListElement\":[{\"@type\":\"ListItem\",\"position\":1,\"name\":\"Strona g\u0142\u00f3wna\",\"item\":\"https:\\\/\\\/test.it-dev.eu\\\/pl\\\/\"},{\"@type\":\"ListItem\",\"position\":2,\"name\":\"Rozwi\u0105zania\"}]},{\"@type\":\"WebSite\",\"@id\":\"https:\\\/\\\/test.it-dev.eu\\\/pl\\\/#website\",\"url\":\"https:\\\/\\\/test.it-dev.eu\\\/pl\\\/\",\"name\":\"IT-Dev - Limitless Digital Workplace\",\"description\":\"We create limitless Digital Workplaces\",\"publisher\":{\"@id\":\"https:\\\/\\\/test.it-dev.eu\\\/pl\\\/#organization\"},\"potentialAction\":[{\"@type\":\"SearchAction\",\"target\":{\"@type\":\"EntryPoint\",\"urlTemplate\":\"https:\\\/\\\/test.it-dev.eu\\\/pl\\\/?s={search_term_string}\"},\"query-input\":{\"@type\":\"PropertyValueSpecification\",\"valueRequired\":true,\"valueName\":\"search_term_string\"}}],\"inLanguage\":\"pl-PL\"},{\"@type\":\"Organization\",\"@id\":\"https:\\\/\\\/test.it-dev.eu\\\/pl\\\/#organization\",\"name\":\"IT-Dev - Limitless Digital Workplace\",\"url\":\"https:\\\/\\\/test.it-dev.eu\\\/pl\\\/\",\"logo\":{\"@type\":\"ImageObject\",\"inLanguage\":\"pl-PL\",\"@id\":\"https:\\\/\\\/test.it-dev.eu\\\/pl\\\/#\\\/schema\\\/logo\\\/image\\\/\",\"url\":\"https:\\\/\\\/test.it-dev.eu\\\/wp-content\\\/uploads\\\/2023\\\/12\\\/it-dev-logo-696x696-1.png\",\"contentUrl\":\"https:\\\/\\\/test.it-dev.eu\\\/wp-content\\\/uploads\\\/2023\\\/12\\\/it-dev-logo-696x696-1.png\",\"width\":696,\"height\":696,\"caption\":\"IT-Dev - Limitless Digital Workplace\"},\"image\":{\"@id\":\"https:\\\/\\\/test.it-dev.eu\\\/pl\\\/#\\\/schema\\\/logo\\\/image\\\/\"},\"sameAs\":[\"https:\\\/\\\/www.facebook.com\\\/ITDevWroc\\\/\",\"https:\\\/\\\/x.com\\\/IT_Dev\",\"https:\\\/\\\/www.linkedin.com\\\/company\\\/it-dev\\\/\",\"https:\\\/\\\/www.youtube.com\\\/user\\\/biuroitdev\"]}]}<\/script>\n<!-- \/ Yoast SEO plugin. -->","yoast_head_json":{"title":"Rozwi\u0105zania Cyfrowego Miejsca Pracy | IT-Dev","description":"Odblokuj swoje mo\u017cliwo\u015bci dzi\u0119ki naszym rozwi\u0105zaniom Cyfrowego Miejsca Pracy \u2013 od kreatywno\u015bci sztucznej inteligencji po szybki rozw\u00f3j.","robots":{"index":"noindex","follow":"follow","max-snippet":"max-snippet:-1","max-image-preview":"max-image-preview:large","max-video-preview":"max-video-preview:-1"},"og_locale":"pl_PL","og_type":"article","og_title":"Rozwi\u0105zania Cyfrowego Miejsca Pracy | IT-Dev","og_description":"Odblokuj swoje mo\u017cliwo\u015bci dzi\u0119ki naszym rozwi\u0105zaniom Cyfrowego Miejsca Pracy \u2013 od kreatywno\u015bci sztucznej inteligencji po szybki rozw\u00f3j.","og_url":"https:\/\/test.it-dev.eu\/pl\/rozwiazania\/","og_site_name":"IT-Dev","article_publisher":"https:\/\/www.facebook.com\/ITDevWroc\/","article_modified_time":"2025-03-12T12:47:21+00:00","twitter_card":"summary_large_image","twitter_site":"@IT_Dev","schema":{"@context":"https:\/\/schema.org","@graph":[{"@type":"WebPage","@id":"https:\/\/test.it-dev.eu\/pl\/rozwiazania\/","url":"https:\/\/test.it-dev.eu\/pl\/rozwiazania\/","name":"Rozwi\u0105zania Cyfrowego Miejsca Pracy | IT-Dev","isPartOf":{"@id":"https:\/\/test.it-dev.eu\/pl\/#website"},"datePublished":"2023-07-19T06:35:31+00:00","dateModified":"2025-03-12T12:47:21+00:00","description":"Odblokuj swoje mo\u017cliwo\u015bci dzi\u0119ki naszym rozwi\u0105zaniom Cyfrowego Miejsca Pracy \u2013 od kreatywno\u015bci sztucznej inteligencji po szybki rozw\u00f3j.","breadcrumb":{"@id":"https:\/\/test.it-dev.eu\/pl\/rozwiazania\/#breadcrumb"},"inLanguage":"pl-PL","potentialAction":[{"@type":"ReadAction","target":["https:\/\/test.it-dev.eu\/pl\/rozwiazania\/"]}]},{"@type":"BreadcrumbList","@id":"https:\/\/test.it-dev.eu\/pl\/rozwiazania\/#breadcrumb","itemListElement":[{"@type":"ListItem","position":1,"name":"Strona g\u0142\u00f3wna","item":"https:\/\/test.it-dev.eu\/pl\/"},{"@type":"ListItem","position":2,"name":"Rozwi\u0105zania"}]},{"@type":"WebSite","@id":"https:\/\/test.it-dev.eu\/pl\/#website","url":"https:\/\/test.it-dev.eu\/pl\/","name":"IT-Dev - Limitless Digital Workplace","description":"We create limitless Digital Workplaces","publisher":{"@id":"https:\/\/test.it-dev.eu\/pl\/#organization"},"potentialAction":[{"@type":"SearchAction","target":{"@type":"EntryPoint","urlTemplate":"https:\/\/test.it-dev.eu\/pl\/?s={search_term_string}"},"query-input":{"@type":"PropertyValueSpecification","valueRequired":true,"valueName":"search_term_string"}}],"inLanguage":"pl-PL"},{"@type":"Organization","@id":"https:\/\/test.it-dev.eu\/pl\/#organization","name":"IT-Dev - Limitless Digital Workplace","url":"https:\/\/test.it-dev.eu\/pl\/","logo":{"@type":"ImageObject","inLanguage":"pl-PL","@id":"https:\/\/test.it-dev.eu\/pl\/#\/schema\/logo\/image\/","url":"https:\/\/test.it-dev.eu\/wp-content\/uploads\/2023\/12\/it-dev-logo-696x696-1.png","contentUrl":"https:\/\/test.it-dev.eu\/wp-content\/uploads\/2023\/12\/it-dev-logo-696x696-1.png","width":696,"height":696,"caption":"IT-Dev - Limitless Digital Workplace"},"image":{"@id":"https:\/\/test.it-dev.eu\/pl\/#\/schema\/logo\/image\/"},"sameAs":["https:\/\/www.facebook.com\/ITDevWroc\/","https:\/\/x.com\/IT_Dev","https:\/\/www.linkedin.com\/company\/it-dev\/","https:\/\/www.youtube.com\/user\/biuroitdev"]}]}},"_links":{"self":[{"href":"https:\/\/test.it-dev.eu\/pl\/wp-json\/wp\/v2\/pages\/2384","targetHints":{"allow":["GET"]}}],"collection":[{"href":"https:\/\/test.it-dev.eu\/pl\/wp-json\/wp\/v2\/pages"}],"about":[{"href":"https:\/\/test.it-dev.eu\/pl\/wp-json\/wp\/v2\/types\/page"}],"author":[{"embeddable":true,"href":"https:\/\/test.it-dev.eu\/pl\/wp-json\/wp\/v2\/users\/7"}],"replies":[{"embeddable":true,"href":"https:\/\/test.it-dev.eu\/pl\/wp-json\/wp\/v2\/comments?post=2384"}],"version-history":[{"count":14,"href":"https:\/\/test.it-dev.eu\/pl\/wp-json\/wp\/v2\/pages\/2384\/revisions"}],"predecessor-version":[{"id":3166,"href":"https:\/\/test.it-dev.eu\/pl\/wp-json\/wp\/v2\/pages\/2384\/revisions\/3166"}],"wp:attachment":[{"href":"https:\/\/test.it-dev.eu\/pl\/wp-json\/wp\/v2\/media?parent=2384"}],"curies":[{"name":"wp","href":"https:\/\/api.w.org\/{rel}","templated":true}]}}