{"id":2406,"date":"2023-07-21T09:46:11","date_gmt":"2023-07-21T07:46:11","guid":{"rendered":"https:\/\/test.it-dev.eu\/?page_id=2406"},"modified":"2025-12-08T12:30:56","modified_gmt":"2025-12-08T11:30:56","slug":"praca-zespolowa","status":"publish","type":"page","link":"https:\/\/test.it-dev.eu\/pl\/rozwiazania\/praca-zespolowa\/","title":{"rendered":"Praca zespo\u0142owa"},"content":{"rendered":"","protected":false},"excerpt":{"rendered":"","protected":false},"author":7,"featured_media":0,"parent":2384,"menu_order":0,"comment_status":"closed","ping_status":"closed","template":"templates\/page-single-solution.php","meta":{"_acf_changed":false,"inline_featured_image":false,"footnotes":""},"class_list":["post-2406","page","type-page","status-publish","hentry"],"acf":[],"yoast_head":"<!-- This site is optimized with the Yoast SEO plugin v27.4 - https:\/\/yoast.com\/product\/yoast-seo-wordpress\/ -->\n<title>Wsp\u00f3\u0142praca w Cyfrowym Miejscu Pracy | IT-Dev<\/title>\n<meta name=\"description\" content=\"Zwi\u0119ksz produktywno\u015b\u0107 dzi\u0119ki Microsoft 365, Umo\u017cliw prac\u0119 zespo\u0142ow\u0105 w Cyfrowym Miejscu Pracy. Wzmocnij wydajno\u015b\u0107 swojego zespo\u0142u w erze cyfrowej.\" \/>\n<meta name=\"robots\" content=\"noindex, follow, max-snippet:-1, max-image-preview:large, max-video-preview:-1\" \/>\n<meta property=\"og:locale\" content=\"pl_PL\" \/>\n<meta property=\"og:type\" content=\"article\" \/>\n<meta property=\"og:title\" content=\"Wsp\u00f3\u0142praca w Cyfrowym Miejscu Pracy | IT-Dev\" \/>\n<meta property=\"og:description\" content=\"Zwi\u0119ksz produktywno\u015b\u0107 dzi\u0119ki Microsoft 365, Umo\u017cliw prac\u0119 zespo\u0142ow\u0105 w Cyfrowym Miejscu Pracy. Wzmocnij wydajno\u015b\u0107 swojego zespo\u0142u w erze cyfrowej.\" \/>\n<meta property=\"og:url\" content=\"https:\/\/test.it-dev.eu\/pl\/rozwiazania\/praca-zespolowa\/\" \/>\n<meta property=\"og:site_name\" content=\"IT-Dev\" \/>\n<meta property=\"article:publisher\" content=\"https:\/\/www.facebook.com\/ITDevWroc\/\" \/>\n<meta property=\"article:modified_time\" content=\"2025-12-08T11:30:56+00:00\" \/>\n<meta name=\"twitter:card\" content=\"summary_large_image\" \/>\n<meta name=\"twitter:site\" content=\"@IT_Dev\" \/>\n<script type=\"application\/ld+json\" class=\"yoast-schema-graph\">{\"@context\":\"https:\\\/\\\/schema.org\",\"@graph\":[{\"@type\":\"WebPage\",\"@id\":\"https:\\\/\\\/test.it-dev.eu\\\/pl\\\/rozwiazania\\\/praca-zespolowa\\\/\",\"url\":\"https:\\\/\\\/test.it-dev.eu\\\/pl\\\/rozwiazania\\\/praca-zespolowa\\\/\",\"name\":\"Wsp\u00f3\u0142praca w Cyfrowym Miejscu Pracy | IT-Dev\",\"isPartOf\":{\"@id\":\"https:\\\/\\\/test.it-dev.eu\\\/pl\\\/#website\"},\"datePublished\":\"2023-07-21T07:46:11+00:00\",\"dateModified\":\"2025-12-08T11:30:56+00:00\",\"description\":\"Zwi\u0119ksz produktywno\u015b\u0107 dzi\u0119ki Microsoft 365, Umo\u017cliw prac\u0119 zespo\u0142ow\u0105 w Cyfrowym Miejscu Pracy. Wzmocnij wydajno\u015b\u0107 swojego zespo\u0142u w erze cyfrowej.\",\"breadcrumb\":{\"@id\":\"https:\\\/\\\/test.it-dev.eu\\\/pl\\\/rozwiazania\\\/praca-zespolowa\\\/#breadcrumb\"},\"inLanguage\":\"pl-PL\",\"potentialAction\":[{\"@type\":\"ReadAction\",\"target\":[\"https:\\\/\\\/test.it-dev.eu\\\/pl\\\/rozwiazania\\\/praca-zespolowa\\\/\"]}]},{\"@type\":\"BreadcrumbList\",\"@id\":\"https:\\\/\\\/test.it-dev.eu\\\/pl\\\/rozwiazania\\\/praca-zespolowa\\\/#breadcrumb\",\"itemListElement\":[{\"@type\":\"ListItem\",\"position\":1,\"name\":\"Strona g\u0142\u00f3wna\",\"item\":\"https:\\\/\\\/test.it-dev.eu\\\/pl\\\/\"},{\"@type\":\"ListItem\",\"position\":2,\"name\":\"Rozwi\u0105zania\",\"item\":\"https:\\\/\\\/test.it-dev.eu\\\/pl\\\/rozwiazania\\\/\"},{\"@type\":\"ListItem\",\"position\":3,\"name\":\"Praca zespo\u0142owa\"}]},{\"@type\":\"WebSite\",\"@id\":\"https:\\\/\\\/test.it-dev.eu\\\/pl\\\/#website\",\"url\":\"https:\\\/\\\/test.it-dev.eu\\\/pl\\\/\",\"name\":\"IT-Dev - Limitless Digital Workplace\",\"description\":\"We create limitless Digital Workplaces\",\"publisher\":{\"@id\":\"https:\\\/\\\/test.it-dev.eu\\\/pl\\\/#organization\"},\"potentialAction\":[{\"@type\":\"SearchAction\",\"target\":{\"@type\":\"EntryPoint\",\"urlTemplate\":\"https:\\\/\\\/test.it-dev.eu\\\/pl\\\/?s={search_term_string}\"},\"query-input\":{\"@type\":\"PropertyValueSpecification\",\"valueRequired\":true,\"valueName\":\"search_term_string\"}}],\"inLanguage\":\"pl-PL\"},{\"@type\":\"Organization\",\"@id\":\"https:\\\/\\\/test.it-dev.eu\\\/pl\\\/#organization\",\"name\":\"IT-Dev - Limitless Digital Workplace\",\"url\":\"https:\\\/\\\/test.it-dev.eu\\\/pl\\\/\",\"logo\":{\"@type\":\"ImageObject\",\"inLanguage\":\"pl-PL\",\"@id\":\"https:\\\/\\\/test.it-dev.eu\\\/pl\\\/#\\\/schema\\\/logo\\\/image\\\/\",\"url\":\"https:\\\/\\\/test.it-dev.eu\\\/wp-content\\\/uploads\\\/2023\\\/12\\\/it-dev-logo-696x696-1.png\",\"contentUrl\":\"https:\\\/\\\/test.it-dev.eu\\\/wp-content\\\/uploads\\\/2023\\\/12\\\/it-dev-logo-696x696-1.png\",\"width\":696,\"height\":696,\"caption\":\"IT-Dev - Limitless Digital Workplace\"},\"image\":{\"@id\":\"https:\\\/\\\/test.it-dev.eu\\\/pl\\\/#\\\/schema\\\/logo\\\/image\\\/\"},\"sameAs\":[\"https:\\\/\\\/www.facebook.com\\\/ITDevWroc\\\/\",\"https:\\\/\\\/x.com\\\/IT_Dev\",\"https:\\\/\\\/www.linkedin.com\\\/company\\\/it-dev\\\/\",\"https:\\\/\\\/www.youtube.com\\\/user\\\/biuroitdev\"]}]}<\/script>\n<!-- \/ Yoast SEO plugin. -->","yoast_head_json":{"title":"Wsp\u00f3\u0142praca w Cyfrowym Miejscu Pracy | IT-Dev","description":"Zwi\u0119ksz produktywno\u015b\u0107 dzi\u0119ki Microsoft 365, Umo\u017cliw prac\u0119 zespo\u0142ow\u0105 w Cyfrowym Miejscu Pracy. Wzmocnij wydajno\u015b\u0107 swojego zespo\u0142u w erze cyfrowej.","robots":{"index":"noindex","follow":"follow","max-snippet":"max-snippet:-1","max-image-preview":"max-image-preview:large","max-video-preview":"max-video-preview:-1"},"og_locale":"pl_PL","og_type":"article","og_title":"Wsp\u00f3\u0142praca w Cyfrowym Miejscu Pracy | IT-Dev","og_description":"Zwi\u0119ksz produktywno\u015b\u0107 dzi\u0119ki Microsoft 365, Umo\u017cliw prac\u0119 zespo\u0142ow\u0105 w Cyfrowym Miejscu Pracy. Wzmocnij wydajno\u015b\u0107 swojego zespo\u0142u w erze cyfrowej.","og_url":"https:\/\/test.it-dev.eu\/pl\/rozwiazania\/praca-zespolowa\/","og_site_name":"IT-Dev","article_publisher":"https:\/\/www.facebook.com\/ITDevWroc\/","article_modified_time":"2025-12-08T11:30:56+00:00","twitter_card":"summary_large_image","twitter_site":"@IT_Dev","schema":{"@context":"https:\/\/schema.org","@graph":[{"@type":"WebPage","@id":"https:\/\/test.it-dev.eu\/pl\/rozwiazania\/praca-zespolowa\/","url":"https:\/\/test.it-dev.eu\/pl\/rozwiazania\/praca-zespolowa\/","name":"Wsp\u00f3\u0142praca w Cyfrowym Miejscu Pracy | IT-Dev","isPartOf":{"@id":"https:\/\/test.it-dev.eu\/pl\/#website"},"datePublished":"2023-07-21T07:46:11+00:00","dateModified":"2025-12-08T11:30:56+00:00","description":"Zwi\u0119ksz produktywno\u015b\u0107 dzi\u0119ki Microsoft 365, Umo\u017cliw prac\u0119 zespo\u0142ow\u0105 w Cyfrowym Miejscu Pracy. Wzmocnij wydajno\u015b\u0107 swojego zespo\u0142u w erze cyfrowej.","breadcrumb":{"@id":"https:\/\/test.it-dev.eu\/pl\/rozwiazania\/praca-zespolowa\/#breadcrumb"},"inLanguage":"pl-PL","potentialAction":[{"@type":"ReadAction","target":["https:\/\/test.it-dev.eu\/pl\/rozwiazania\/praca-zespolowa\/"]}]},{"@type":"BreadcrumbList","@id":"https:\/\/test.it-dev.eu\/pl\/rozwiazania\/praca-zespolowa\/#breadcrumb","itemListElement":[{"@type":"ListItem","position":1,"name":"Strona g\u0142\u00f3wna","item":"https:\/\/test.it-dev.eu\/pl\/"},{"@type":"ListItem","position":2,"name":"Rozwi\u0105zania","item":"https:\/\/test.it-dev.eu\/pl\/rozwiazania\/"},{"@type":"ListItem","position":3,"name":"Praca zespo\u0142owa"}]},{"@type":"WebSite","@id":"https:\/\/test.it-dev.eu\/pl\/#website","url":"https:\/\/test.it-dev.eu\/pl\/","name":"IT-Dev - Limitless Digital Workplace","description":"We create limitless Digital Workplaces","publisher":{"@id":"https:\/\/test.it-dev.eu\/pl\/#organization"},"potentialAction":[{"@type":"SearchAction","target":{"@type":"EntryPoint","urlTemplate":"https:\/\/test.it-dev.eu\/pl\/?s={search_term_string}"},"query-input":{"@type":"PropertyValueSpecification","valueRequired":true,"valueName":"search_term_string"}}],"inLanguage":"pl-PL"},{"@type":"Organization","@id":"https:\/\/test.it-dev.eu\/pl\/#organization","name":"IT-Dev - Limitless Digital Workplace","url":"https:\/\/test.it-dev.eu\/pl\/","logo":{"@type":"ImageObject","inLanguage":"pl-PL","@id":"https:\/\/test.it-dev.eu\/pl\/#\/schema\/logo\/image\/","url":"https:\/\/test.it-dev.eu\/wp-content\/uploads\/2023\/12\/it-dev-logo-696x696-1.png","contentUrl":"https:\/\/test.it-dev.eu\/wp-content\/uploads\/2023\/12\/it-dev-logo-696x696-1.png","width":696,"height":696,"caption":"IT-Dev - Limitless Digital Workplace"},"image":{"@id":"https:\/\/test.it-dev.eu\/pl\/#\/schema\/logo\/image\/"},"sameAs":["https:\/\/www.facebook.com\/ITDevWroc\/","https:\/\/x.com\/IT_Dev","https:\/\/www.linkedin.com\/company\/it-dev\/","https:\/\/www.youtube.com\/user\/biuroitdev"]}]}},"_links":{"self":[{"href":"https:\/\/test.it-dev.eu\/pl\/wp-json\/wp\/v2\/pages\/2406","targetHints":{"allow":["GET"]}}],"collection":[{"href":"https:\/\/test.it-dev.eu\/pl\/wp-json\/wp\/v2\/pages"}],"about":[{"href":"https:\/\/test.it-dev.eu\/pl\/wp-json\/wp\/v2\/types\/page"}],"author":[{"embeddable":true,"href":"https:\/\/test.it-dev.eu\/pl\/wp-json\/wp\/v2\/users\/7"}],"replies":[{"embeddable":true,"href":"https:\/\/test.it-dev.eu\/pl\/wp-json\/wp\/v2\/comments?post=2406"}],"version-history":[{"count":12,"href":"https:\/\/test.it-dev.eu\/pl\/wp-json\/wp\/v2\/pages\/2406\/revisions"}],"predecessor-version":[{"id":3243,"href":"https:\/\/test.it-dev.eu\/pl\/wp-json\/wp\/v2\/pages\/2406\/revisions\/3243"}],"up":[{"embeddable":true,"href":"https:\/\/test.it-dev.eu\/pl\/wp-json\/wp\/v2\/pages\/2384"}],"wp:attachment":[{"href":"https:\/\/test.it-dev.eu\/pl\/wp-json\/wp\/v2\/media?parent=2406"}],"curies":[{"name":"wp","href":"https:\/\/api.w.org\/{rel}","templated":true}]}}