{"id":2553,"date":"2023-07-27T10:25:08","date_gmt":"2023-07-27T08:25:08","guid":{"rendered":"https:\/\/test.it-dev.eu\/?page_id=2553"},"modified":"2025-12-08T14:56:24","modified_gmt":"2025-12-08T13:56:24","slug":"klienci","status":"publish","type":"page","link":"https:\/\/test.it-dev.eu\/pl\/klienci\/","title":{"rendered":"Klienci"},"content":{"rendered":"\n<p><a data-type=\"URL\" data-id=\"https:\/\/newpub.it-dev.pl\/cases\/ardent\/\" href=\"https:\/\/newpub.it-dev.pl\/cases\/ardent\/\">Ardent<\/a><\/p>\n\n\n\n<p><a href=\"https:\/\/newpub.it-dev.pl\/cases\/bik\/\" data-type=\"URL\" data-id=\"https:\/\/newpub.it-dev.pl\/cases\/bik\/\">BIK<\/a><\/p>\n\n\n\n<p><a href=\"https:\/\/newpub.it-dev.pl\/cases\/cez\/\" data-type=\"URL\" data-id=\"https:\/\/newpub.it-dev.pl\/cases\/cez\/\">CEZ<\/a><\/p>\n\n\n\n<p><a href=\"https:\/\/newpub.it-dev.pl\/cases\/lot\/\" data-type=\"URL\" data-id=\"https:\/\/newpub.it-dev.pl\/cases\/lot\/\">LOT<\/a><\/p>\n\n\n\n<p><a href=\"https:\/\/newpub.it-dev.pl\/cases\/skanska\/\" data-type=\"URL\" data-id=\"https:\/\/newpub.it-dev.pl\/cases\/skanska\/\">Skanska<\/a><\/p>\n\n\n\n<p><a data-type=\"URL\" data-id=\"https:\/\/newpub.it-dev.pl\/cases\/vision-express\/\" href=\"https:\/\/newpub.it-dev.pl\/cases\/vision-express\/\">Vision Express<\/a><\/p>\n\n\n\n<p><a href=\"https:\/\/newpub.it-dev.pl\/cases\/mBank\/\">mBank<\/a><\/p>\n\n\n\n<p><a href=\"https:\/\/test.it-dev.eu\/pl\/klienci\/danone\/\">Danone<\/a><\/p>\n\n\n\n<p><\/p>\n","protected":false},"excerpt":{"rendered":"<p>Ardent BIK CEZ LOT Skanska Vision Express mBank Danone<\/p>\n","protected":false},"author":7,"featured_media":0,"parent":0,"menu_order":0,"comment_status":"closed","ping_status":"closed","template":"templates\/page-case-studies.php","meta":{"_acf_changed":false,"inline_featured_image":false,"footnotes":""},"class_list":["post-2553","page","type-page","status-publish","hentry"],"acf":[],"yoast_head":"<!-- This site is optimized with the Yoast SEO plugin v27.4 - https:\/\/yoast.com\/product\/yoast-seo-wordpress\/ -->\n<title>Klienci - IT-Dev<\/title>\n<meta name=\"description\" content=\"Poznaj historie sukcesu naszych Klient\u00f3w! Zobacz, jak nasze rozwi\u0105zania intranetowe rewolucjonizuj\u0105 produktywno\u015b\u0107 i satysfakcj\u0119 pracownik\u00f3w.\" \/>\n<meta name=\"robots\" content=\"noindex, follow, max-snippet:-1, max-image-preview:large, max-video-preview:-1\" \/>\n<meta property=\"og:locale\" content=\"pl_PL\" \/>\n<meta property=\"og:type\" content=\"article\" \/>\n<meta property=\"og:title\" content=\"Klienci - IT-Dev\" \/>\n<meta property=\"og:description\" content=\"Poznaj historie sukcesu naszych Klient\u00f3w! Zobacz, jak nasze rozwi\u0105zania intranetowe rewolucjonizuj\u0105 produktywno\u015b\u0107 i satysfakcj\u0119 pracownik\u00f3w.\" \/>\n<meta property=\"og:url\" content=\"https:\/\/test.it-dev.eu\/pl\/klienci\/\" \/>\n<meta property=\"og:site_name\" content=\"IT-Dev\" \/>\n<meta property=\"article:publisher\" content=\"https:\/\/www.facebook.com\/ITDevWroc\/\" \/>\n<meta property=\"article:modified_time\" content=\"2025-12-08T13:56:24+00:00\" \/>\n<meta name=\"twitter:card\" content=\"summary_large_image\" \/>\n<meta name=\"twitter:site\" content=\"@IT_Dev\" \/>\n<meta name=\"twitter:label1\" content=\"Szacowany czas czytania\" \/>\n\t<meta name=\"twitter:data1\" content=\"1 minuta\" \/>\n<script type=\"application\/ld+json\" class=\"yoast-schema-graph\">{\"@context\":\"https:\\\/\\\/schema.org\",\"@graph\":[{\"@type\":\"WebPage\",\"@id\":\"https:\\\/\\\/test.it-dev.eu\\\/pl\\\/klienci\\\/\",\"url\":\"https:\\\/\\\/test.it-dev.eu\\\/pl\\\/klienci\\\/\",\"name\":\"Klienci - IT-Dev\",\"isPartOf\":{\"@id\":\"https:\\\/\\\/test.it-dev.eu\\\/pl\\\/#website\"},\"datePublished\":\"2023-07-27T08:25:08+00:00\",\"dateModified\":\"2025-12-08T13:56:24+00:00\",\"description\":\"Poznaj historie sukcesu naszych Klient\u00f3w! Zobacz, jak nasze rozwi\u0105zania intranetowe rewolucjonizuj\u0105 produktywno\u015b\u0107 i satysfakcj\u0119 pracownik\u00f3w.\",\"breadcrumb\":{\"@id\":\"https:\\\/\\\/test.it-dev.eu\\\/pl\\\/klienci\\\/#breadcrumb\"},\"inLanguage\":\"pl-PL\",\"potentialAction\":[{\"@type\":\"ReadAction\",\"target\":[\"https:\\\/\\\/test.it-dev.eu\\\/pl\\\/klienci\\\/\"]}]},{\"@type\":\"BreadcrumbList\",\"@id\":\"https:\\\/\\\/test.it-dev.eu\\\/pl\\\/klienci\\\/#breadcrumb\",\"itemListElement\":[{\"@type\":\"ListItem\",\"position\":1,\"name\":\"Strona g\u0142\u00f3wna\",\"item\":\"https:\\\/\\\/test.it-dev.eu\\\/pl\\\/\"},{\"@type\":\"ListItem\",\"position\":2,\"name\":\"Klienci\"}]},{\"@type\":\"WebSite\",\"@id\":\"https:\\\/\\\/test.it-dev.eu\\\/pl\\\/#website\",\"url\":\"https:\\\/\\\/test.it-dev.eu\\\/pl\\\/\",\"name\":\"IT-Dev - Limitless Digital Workplace\",\"description\":\"We create limitless Digital Workplaces\",\"publisher\":{\"@id\":\"https:\\\/\\\/test.it-dev.eu\\\/pl\\\/#organization\"},\"potentialAction\":[{\"@type\":\"SearchAction\",\"target\":{\"@type\":\"EntryPoint\",\"urlTemplate\":\"https:\\\/\\\/test.it-dev.eu\\\/pl\\\/?s={search_term_string}\"},\"query-input\":{\"@type\":\"PropertyValueSpecification\",\"valueRequired\":true,\"valueName\":\"search_term_string\"}}],\"inLanguage\":\"pl-PL\"},{\"@type\":\"Organization\",\"@id\":\"https:\\\/\\\/test.it-dev.eu\\\/pl\\\/#organization\",\"name\":\"IT-Dev - Limitless Digital Workplace\",\"url\":\"https:\\\/\\\/test.it-dev.eu\\\/pl\\\/\",\"logo\":{\"@type\":\"ImageObject\",\"inLanguage\":\"pl-PL\",\"@id\":\"https:\\\/\\\/test.it-dev.eu\\\/pl\\\/#\\\/schema\\\/logo\\\/image\\\/\",\"url\":\"https:\\\/\\\/test.it-dev.eu\\\/wp-content\\\/uploads\\\/2023\\\/12\\\/it-dev-logo-696x696-1.png\",\"contentUrl\":\"https:\\\/\\\/test.it-dev.eu\\\/wp-content\\\/uploads\\\/2023\\\/12\\\/it-dev-logo-696x696-1.png\",\"width\":696,\"height\":696,\"caption\":\"IT-Dev - Limitless Digital Workplace\"},\"image\":{\"@id\":\"https:\\\/\\\/test.it-dev.eu\\\/pl\\\/#\\\/schema\\\/logo\\\/image\\\/\"},\"sameAs\":[\"https:\\\/\\\/www.facebook.com\\\/ITDevWroc\\\/\",\"https:\\\/\\\/x.com\\\/IT_Dev\",\"https:\\\/\\\/www.linkedin.com\\\/company\\\/it-dev\\\/\",\"https:\\\/\\\/www.youtube.com\\\/user\\\/biuroitdev\"]}]}<\/script>\n<!-- \/ Yoast SEO plugin. -->","yoast_head_json":{"title":"Klienci - IT-Dev","description":"Poznaj historie sukcesu naszych Klient\u00f3w! Zobacz, jak nasze rozwi\u0105zania intranetowe rewolucjonizuj\u0105 produktywno\u015b\u0107 i satysfakcj\u0119 pracownik\u00f3w.","robots":{"index":"noindex","follow":"follow","max-snippet":"max-snippet:-1","max-image-preview":"max-image-preview:large","max-video-preview":"max-video-preview:-1"},"og_locale":"pl_PL","og_type":"article","og_title":"Klienci - IT-Dev","og_description":"Poznaj historie sukcesu naszych Klient\u00f3w! Zobacz, jak nasze rozwi\u0105zania intranetowe rewolucjonizuj\u0105 produktywno\u015b\u0107 i satysfakcj\u0119 pracownik\u00f3w.","og_url":"https:\/\/test.it-dev.eu\/pl\/klienci\/","og_site_name":"IT-Dev","article_publisher":"https:\/\/www.facebook.com\/ITDevWroc\/","article_modified_time":"2025-12-08T13:56:24+00:00","twitter_card":"summary_large_image","twitter_site":"@IT_Dev","twitter_misc":{"Szacowany czas czytania":"1 minuta"},"schema":{"@context":"https:\/\/schema.org","@graph":[{"@type":"WebPage","@id":"https:\/\/test.it-dev.eu\/pl\/klienci\/","url":"https:\/\/test.it-dev.eu\/pl\/klienci\/","name":"Klienci - IT-Dev","isPartOf":{"@id":"https:\/\/test.it-dev.eu\/pl\/#website"},"datePublished":"2023-07-27T08:25:08+00:00","dateModified":"2025-12-08T13:56:24+00:00","description":"Poznaj historie sukcesu naszych Klient\u00f3w! Zobacz, jak nasze rozwi\u0105zania intranetowe rewolucjonizuj\u0105 produktywno\u015b\u0107 i satysfakcj\u0119 pracownik\u00f3w.","breadcrumb":{"@id":"https:\/\/test.it-dev.eu\/pl\/klienci\/#breadcrumb"},"inLanguage":"pl-PL","potentialAction":[{"@type":"ReadAction","target":["https:\/\/test.it-dev.eu\/pl\/klienci\/"]}]},{"@type":"BreadcrumbList","@id":"https:\/\/test.it-dev.eu\/pl\/klienci\/#breadcrumb","itemListElement":[{"@type":"ListItem","position":1,"name":"Strona g\u0142\u00f3wna","item":"https:\/\/test.it-dev.eu\/pl\/"},{"@type":"ListItem","position":2,"name":"Klienci"}]},{"@type":"WebSite","@id":"https:\/\/test.it-dev.eu\/pl\/#website","url":"https:\/\/test.it-dev.eu\/pl\/","name":"IT-Dev - Limitless Digital Workplace","description":"We create limitless Digital Workplaces","publisher":{"@id":"https:\/\/test.it-dev.eu\/pl\/#organization"},"potentialAction":[{"@type":"SearchAction","target":{"@type":"EntryPoint","urlTemplate":"https:\/\/test.it-dev.eu\/pl\/?s={search_term_string}"},"query-input":{"@type":"PropertyValueSpecification","valueRequired":true,"valueName":"search_term_string"}}],"inLanguage":"pl-PL"},{"@type":"Organization","@id":"https:\/\/test.it-dev.eu\/pl\/#organization","name":"IT-Dev - Limitless Digital Workplace","url":"https:\/\/test.it-dev.eu\/pl\/","logo":{"@type":"ImageObject","inLanguage":"pl-PL","@id":"https:\/\/test.it-dev.eu\/pl\/#\/schema\/logo\/image\/","url":"https:\/\/test.it-dev.eu\/wp-content\/uploads\/2023\/12\/it-dev-logo-696x696-1.png","contentUrl":"https:\/\/test.it-dev.eu\/wp-content\/uploads\/2023\/12\/it-dev-logo-696x696-1.png","width":696,"height":696,"caption":"IT-Dev - Limitless Digital Workplace"},"image":{"@id":"https:\/\/test.it-dev.eu\/pl\/#\/schema\/logo\/image\/"},"sameAs":["https:\/\/www.facebook.com\/ITDevWroc\/","https:\/\/x.com\/IT_Dev","https:\/\/www.linkedin.com\/company\/it-dev\/","https:\/\/www.youtube.com\/user\/biuroitdev"]}]}},"_links":{"self":[{"href":"https:\/\/test.it-dev.eu\/pl\/wp-json\/wp\/v2\/pages\/2553","targetHints":{"allow":["GET"]}}],"collection":[{"href":"https:\/\/test.it-dev.eu\/pl\/wp-json\/wp\/v2\/pages"}],"about":[{"href":"https:\/\/test.it-dev.eu\/pl\/wp-json\/wp\/v2\/types\/page"}],"author":[{"embeddable":true,"href":"https:\/\/test.it-dev.eu\/pl\/wp-json\/wp\/v2\/users\/7"}],"replies":[{"embeddable":true,"href":"https:\/\/test.it-dev.eu\/pl\/wp-json\/wp\/v2\/comments?post=2553"}],"version-history":[{"count":48,"href":"https:\/\/test.it-dev.eu\/pl\/wp-json\/wp\/v2\/pages\/2553\/revisions"}],"predecessor-version":[{"id":10037,"href":"https:\/\/test.it-dev.eu\/pl\/wp-json\/wp\/v2\/pages\/2553\/revisions\/10037"}],"wp:attachment":[{"href":"https:\/\/test.it-dev.eu\/pl\/wp-json\/wp\/v2\/media?parent=2553"}],"curies":[{"name":"wp","href":"https:\/\/api.w.org\/{rel}","templated":true}]}}