{"id":2989,"date":"2024-02-23T09:24:23","date_gmt":"2024-02-23T08:24:23","guid":{"rendered":"https:\/\/test.it-dev.eu\/?page_id=2989"},"modified":"2026-02-27T15:12:34","modified_gmt":"2026-02-27T14:12:34","slug":"avepoint-cloud-backup","status":"publish","type":"page","link":"https:\/\/test.it-dev.eu\/pl\/landings\/avepoint-cloud-backup\/","title":{"rendered":"AvePoint Cloud Backup"},"content":{"rendered":"\n<p>Pobierz ebook i dowiedz si\u0119, jak dzi\u0119ki AvePoint Cloud Backup zabezpieczy\u0107 swoje dane przed niespodziewanymi zagro\u017ceniami.<\/p>\n","protected":false},"excerpt":{"rendered":"<p>Pobierz ebook i dowiedz si\u0119, jak dzi\u0119ki AvePoint Cloud Backup zabezpieczy\u0107 swoje dane przed niespodziewanymi zagro\u017ceniami.<\/p>\n","protected":false},"author":4,"featured_media":2991,"parent":2986,"menu_order":0,"comment_status":"closed","ping_status":"closed","template":"templates\/page-landing-1.php","meta":{"_acf_changed":false,"inline_featured_image":false,"footnotes":""},"class_list":["post-2989","page","type-page","status-publish","has-post-thumbnail","hentry"],"acf":[],"yoast_head":"<!-- This site is optimized with the Yoast SEO plugin v27.4 - https:\/\/yoast.com\/product\/yoast-seo-wordpress\/ -->\n<title>AvePoint Cloud Backup - IT-Dev<\/title>\n<meta name=\"description\" content=\"Pobierz ebook i dowiedz si\u0119, jak dzi\u0119ki AvePoint Cloud Backup zabezpieczy\u0107 swoje dane przed niespodziewanymi zagro\u017ceniami.\" \/>\n<meta name=\"robots\" content=\"noindex, follow, max-snippet:-1, max-image-preview:large, max-video-preview:-1\" \/>\n<meta property=\"og:locale\" content=\"pl_PL\" \/>\n<meta property=\"og:type\" content=\"article\" \/>\n<meta property=\"og:title\" content=\"AvePoint Cloud Backup - IT-Dev\" \/>\n<meta property=\"og:description\" content=\"Pobierz ebook i dowiedz si\u0119, jak dzi\u0119ki AvePoint Cloud Backup zabezpieczy\u0107 swoje dane przed niespodziewanymi zagro\u017ceniami.\" \/>\n<meta property=\"og:url\" content=\"https:\/\/test.it-dev.eu\/pl\/landings\/avepoint-cloud-backup\/\" \/>\n<meta property=\"og:site_name\" content=\"IT-Dev\" \/>\n<meta property=\"article:publisher\" content=\"https:\/\/www.facebook.com\/ITDevWroc\/\" \/>\n<meta property=\"article:modified_time\" content=\"2026-02-27T14:12:34+00:00\" \/>\n<meta property=\"og:image\" content=\"https:\/\/test.it-dev.eu\/wp-content\/uploads\/2024\/02\/avepoint-cloud-backup-header-bg.webp\" \/>\n\t<meta property=\"og:image:width\" content=\"1920\" \/>\n\t<meta property=\"og:image:height\" content=\"1088\" \/>\n\t<meta property=\"og:image:type\" content=\"image\/webp\" \/>\n<meta name=\"twitter:card\" content=\"summary_large_image\" \/>\n<meta name=\"twitter:site\" content=\"@IT_Dev\" \/>\n<meta name=\"twitter:label1\" content=\"Szacowany czas czytania\" \/>\n\t<meta name=\"twitter:data1\" content=\"1 minuta\" \/>\n<script type=\"application\/ld+json\" class=\"yoast-schema-graph\">{\"@context\":\"https:\\\/\\\/schema.org\",\"@graph\":[{\"@type\":\"WebPage\",\"@id\":\"https:\\\/\\\/test.it-dev.eu\\\/pl\\\/landings\\\/avepoint-cloud-backup\\\/\",\"url\":\"https:\\\/\\\/test.it-dev.eu\\\/pl\\\/landings\\\/avepoint-cloud-backup\\\/\",\"name\":\"AvePoint Cloud Backup - IT-Dev\",\"isPartOf\":{\"@id\":\"https:\\\/\\\/test.it-dev.eu\\\/pl\\\/#website\"},\"primaryImageOfPage\":{\"@id\":\"https:\\\/\\\/test.it-dev.eu\\\/pl\\\/landings\\\/avepoint-cloud-backup\\\/#primaryimage\"},\"image\":{\"@id\":\"https:\\\/\\\/test.it-dev.eu\\\/pl\\\/landings\\\/avepoint-cloud-backup\\\/#primaryimage\"},\"thumbnailUrl\":\"https:\\\/\\\/test.it-dev.eu\\\/wp-content\\\/uploads\\\/2024\\\/02\\\/avepoint-cloud-backup-header-bg.webp\",\"datePublished\":\"2024-02-23T08:24:23+00:00\",\"dateModified\":\"2026-02-27T14:12:34+00:00\",\"description\":\"Pobierz ebook i dowiedz si\u0119, jak dzi\u0119ki AvePoint Cloud Backup zabezpieczy\u0107 swoje dane przed niespodziewanymi zagro\u017ceniami.\",\"breadcrumb\":{\"@id\":\"https:\\\/\\\/test.it-dev.eu\\\/pl\\\/landings\\\/avepoint-cloud-backup\\\/#breadcrumb\"},\"inLanguage\":\"pl-PL\",\"potentialAction\":[{\"@type\":\"ReadAction\",\"target\":[\"https:\\\/\\\/test.it-dev.eu\\\/pl\\\/landings\\\/avepoint-cloud-backup\\\/\"]}]},{\"@type\":\"ImageObject\",\"inLanguage\":\"pl-PL\",\"@id\":\"https:\\\/\\\/test.it-dev.eu\\\/pl\\\/landings\\\/avepoint-cloud-backup\\\/#primaryimage\",\"url\":\"https:\\\/\\\/test.it-dev.eu\\\/wp-content\\\/uploads\\\/2024\\\/02\\\/avepoint-cloud-backup-header-bg.webp\",\"contentUrl\":\"https:\\\/\\\/test.it-dev.eu\\\/wp-content\\\/uploads\\\/2024\\\/02\\\/avepoint-cloud-backup-header-bg.webp\",\"width\":1920,\"height\":1088},{\"@type\":\"BreadcrumbList\",\"@id\":\"https:\\\/\\\/test.it-dev.eu\\\/pl\\\/landings\\\/avepoint-cloud-backup\\\/#breadcrumb\",\"itemListElement\":[{\"@type\":\"ListItem\",\"position\":1,\"name\":\"Strona g\u0142\u00f3wna\",\"item\":\"https:\\\/\\\/test.it-dev.eu\\\/pl\\\/\"},{\"@type\":\"ListItem\",\"position\":2,\"name\":\"Landings\",\"item\":\"https:\\\/\\\/test.it-dev.eu\\\/pl\\\/landings\\\/\"},{\"@type\":\"ListItem\",\"position\":3,\"name\":\"AvePoint Cloud Backup\"}]},{\"@type\":\"WebSite\",\"@id\":\"https:\\\/\\\/test.it-dev.eu\\\/pl\\\/#website\",\"url\":\"https:\\\/\\\/test.it-dev.eu\\\/pl\\\/\",\"name\":\"IT-Dev - Limitless Digital Workplace\",\"description\":\"We create limitless Digital Workplaces\",\"publisher\":{\"@id\":\"https:\\\/\\\/test.it-dev.eu\\\/pl\\\/#organization\"},\"potentialAction\":[{\"@type\":\"SearchAction\",\"target\":{\"@type\":\"EntryPoint\",\"urlTemplate\":\"https:\\\/\\\/test.it-dev.eu\\\/pl\\\/?s={search_term_string}\"},\"query-input\":{\"@type\":\"PropertyValueSpecification\",\"valueRequired\":true,\"valueName\":\"search_term_string\"}}],\"inLanguage\":\"pl-PL\"},{\"@type\":\"Organization\",\"@id\":\"https:\\\/\\\/test.it-dev.eu\\\/pl\\\/#organization\",\"name\":\"IT-Dev - Limitless Digital Workplace\",\"url\":\"https:\\\/\\\/test.it-dev.eu\\\/pl\\\/\",\"logo\":{\"@type\":\"ImageObject\",\"inLanguage\":\"pl-PL\",\"@id\":\"https:\\\/\\\/test.it-dev.eu\\\/pl\\\/#\\\/schema\\\/logo\\\/image\\\/\",\"url\":\"https:\\\/\\\/test.it-dev.eu\\\/wp-content\\\/uploads\\\/2023\\\/12\\\/it-dev-logo-696x696-1.png\",\"contentUrl\":\"https:\\\/\\\/test.it-dev.eu\\\/wp-content\\\/uploads\\\/2023\\\/12\\\/it-dev-logo-696x696-1.png\",\"width\":696,\"height\":696,\"caption\":\"IT-Dev - Limitless Digital Workplace\"},\"image\":{\"@id\":\"https:\\\/\\\/test.it-dev.eu\\\/pl\\\/#\\\/schema\\\/logo\\\/image\\\/\"},\"sameAs\":[\"https:\\\/\\\/www.facebook.com\\\/ITDevWroc\\\/\",\"https:\\\/\\\/x.com\\\/IT_Dev\",\"https:\\\/\\\/www.linkedin.com\\\/company\\\/it-dev\\\/\",\"https:\\\/\\\/www.youtube.com\\\/user\\\/biuroitdev\"]}]}<\/script>\n<!-- \/ Yoast SEO plugin. -->","yoast_head_json":{"title":"AvePoint Cloud Backup - IT-Dev","description":"Pobierz ebook i dowiedz si\u0119, jak dzi\u0119ki AvePoint Cloud Backup zabezpieczy\u0107 swoje dane przed niespodziewanymi zagro\u017ceniami.","robots":{"index":"noindex","follow":"follow","max-snippet":"max-snippet:-1","max-image-preview":"max-image-preview:large","max-video-preview":"max-video-preview:-1"},"og_locale":"pl_PL","og_type":"article","og_title":"AvePoint Cloud Backup - IT-Dev","og_description":"Pobierz ebook i dowiedz si\u0119, jak dzi\u0119ki AvePoint Cloud Backup zabezpieczy\u0107 swoje dane przed niespodziewanymi zagro\u017ceniami.","og_url":"https:\/\/test.it-dev.eu\/pl\/landings\/avepoint-cloud-backup\/","og_site_name":"IT-Dev","article_publisher":"https:\/\/www.facebook.com\/ITDevWroc\/","article_modified_time":"2026-02-27T14:12:34+00:00","og_image":[{"width":1920,"height":1088,"url":"https:\/\/test.it-dev.eu\/wp-content\/uploads\/2024\/02\/avepoint-cloud-backup-header-bg.webp","type":"image\/webp"}],"twitter_card":"summary_large_image","twitter_site":"@IT_Dev","twitter_misc":{"Szacowany czas czytania":"1 minuta"},"schema":{"@context":"https:\/\/schema.org","@graph":[{"@type":"WebPage","@id":"https:\/\/test.it-dev.eu\/pl\/landings\/avepoint-cloud-backup\/","url":"https:\/\/test.it-dev.eu\/pl\/landings\/avepoint-cloud-backup\/","name":"AvePoint Cloud Backup - IT-Dev","isPartOf":{"@id":"https:\/\/test.it-dev.eu\/pl\/#website"},"primaryImageOfPage":{"@id":"https:\/\/test.it-dev.eu\/pl\/landings\/avepoint-cloud-backup\/#primaryimage"},"image":{"@id":"https:\/\/test.it-dev.eu\/pl\/landings\/avepoint-cloud-backup\/#primaryimage"},"thumbnailUrl":"https:\/\/test.it-dev.eu\/wp-content\/uploads\/2024\/02\/avepoint-cloud-backup-header-bg.webp","datePublished":"2024-02-23T08:24:23+00:00","dateModified":"2026-02-27T14:12:34+00:00","description":"Pobierz ebook i dowiedz si\u0119, jak dzi\u0119ki AvePoint Cloud Backup zabezpieczy\u0107 swoje dane przed niespodziewanymi zagro\u017ceniami.","breadcrumb":{"@id":"https:\/\/test.it-dev.eu\/pl\/landings\/avepoint-cloud-backup\/#breadcrumb"},"inLanguage":"pl-PL","potentialAction":[{"@type":"ReadAction","target":["https:\/\/test.it-dev.eu\/pl\/landings\/avepoint-cloud-backup\/"]}]},{"@type":"ImageObject","inLanguage":"pl-PL","@id":"https:\/\/test.it-dev.eu\/pl\/landings\/avepoint-cloud-backup\/#primaryimage","url":"https:\/\/test.it-dev.eu\/wp-content\/uploads\/2024\/02\/avepoint-cloud-backup-header-bg.webp","contentUrl":"https:\/\/test.it-dev.eu\/wp-content\/uploads\/2024\/02\/avepoint-cloud-backup-header-bg.webp","width":1920,"height":1088},{"@type":"BreadcrumbList","@id":"https:\/\/test.it-dev.eu\/pl\/landings\/avepoint-cloud-backup\/#breadcrumb","itemListElement":[{"@type":"ListItem","position":1,"name":"Strona g\u0142\u00f3wna","item":"https:\/\/test.it-dev.eu\/pl\/"},{"@type":"ListItem","position":2,"name":"Landings","item":"https:\/\/test.it-dev.eu\/pl\/landings\/"},{"@type":"ListItem","position":3,"name":"AvePoint Cloud Backup"}]},{"@type":"WebSite","@id":"https:\/\/test.it-dev.eu\/pl\/#website","url":"https:\/\/test.it-dev.eu\/pl\/","name":"IT-Dev - Limitless Digital Workplace","description":"We create limitless Digital Workplaces","publisher":{"@id":"https:\/\/test.it-dev.eu\/pl\/#organization"},"potentialAction":[{"@type":"SearchAction","target":{"@type":"EntryPoint","urlTemplate":"https:\/\/test.it-dev.eu\/pl\/?s={search_term_string}"},"query-input":{"@type":"PropertyValueSpecification","valueRequired":true,"valueName":"search_term_string"}}],"inLanguage":"pl-PL"},{"@type":"Organization","@id":"https:\/\/test.it-dev.eu\/pl\/#organization","name":"IT-Dev - Limitless Digital Workplace","url":"https:\/\/test.it-dev.eu\/pl\/","logo":{"@type":"ImageObject","inLanguage":"pl-PL","@id":"https:\/\/test.it-dev.eu\/pl\/#\/schema\/logo\/image\/","url":"https:\/\/test.it-dev.eu\/wp-content\/uploads\/2023\/12\/it-dev-logo-696x696-1.png","contentUrl":"https:\/\/test.it-dev.eu\/wp-content\/uploads\/2023\/12\/it-dev-logo-696x696-1.png","width":696,"height":696,"caption":"IT-Dev - Limitless Digital Workplace"},"image":{"@id":"https:\/\/test.it-dev.eu\/pl\/#\/schema\/logo\/image\/"},"sameAs":["https:\/\/www.facebook.com\/ITDevWroc\/","https:\/\/x.com\/IT_Dev","https:\/\/www.linkedin.com\/company\/it-dev\/","https:\/\/www.youtube.com\/user\/biuroitdev"]}]}},"_links":{"self":[{"href":"https:\/\/test.it-dev.eu\/pl\/wp-json\/wp\/v2\/pages\/2989","targetHints":{"allow":["GET"]}}],"collection":[{"href":"https:\/\/test.it-dev.eu\/pl\/wp-json\/wp\/v2\/pages"}],"about":[{"href":"https:\/\/test.it-dev.eu\/pl\/wp-json\/wp\/v2\/types\/page"}],"author":[{"embeddable":true,"href":"https:\/\/test.it-dev.eu\/pl\/wp-json\/wp\/v2\/users\/4"}],"replies":[{"embeddable":true,"href":"https:\/\/test.it-dev.eu\/pl\/wp-json\/wp\/v2\/comments?post=2989"}],"version-history":[{"count":50,"href":"https:\/\/test.it-dev.eu\/pl\/wp-json\/wp\/v2\/pages\/2989\/revisions"}],"predecessor-version":[{"id":10313,"href":"https:\/\/test.it-dev.eu\/pl\/wp-json\/wp\/v2\/pages\/2989\/revisions\/10313"}],"up":[{"embeddable":true,"href":"https:\/\/test.it-dev.eu\/pl\/wp-json\/wp\/v2\/pages\/2986"}],"wp:featuredmedia":[{"embeddable":true,"href":"https:\/\/test.it-dev.eu\/pl\/wp-json\/wp\/v2\/media\/2991"}],"wp:attachment":[{"href":"https:\/\/test.it-dev.eu\/pl\/wp-json\/wp\/v2\/media?parent=2989"}],"curies":[{"name":"wp","href":"https:\/\/api.w.org\/{rel}","templated":true}]}}