{"id":3292,"date":"2023-09-11T13:40:17","date_gmt":"2023-09-11T11:40:17","guid":{"rendered":"https:\/\/test.it-dev.eu\/?page_id=3292"},"modified":"2025-08-26T14:41:00","modified_gmt":"2025-08-26T12:41:00","slug":"polityka-cookies","status":"publish","type":"page","link":"https:\/\/test.it-dev.eu\/pl\/polityka-cookies\/","title":{"rendered":"Polityka cookies"},"content":{"rendered":"\n<div class=\"wp-block-columns are-vertically-aligned-top is-layout-flex wp-container-core-columns-is-layout-9d6595d7 wp-block-columns-is-layout-flex\">\n<div class=\"wp-block-column is-vertically-aligned-top is-layout-flow wp-block-column-is-layout-flow\">\n<h2 class=\"wp-block-heading h3\"><strong>Co to s\u0105 pliki cookies<\/strong><\/h2>\n\n\n\n<p>Ta strona korzysta z plik\u00f3w cookies. Pliki cookie s\u0105 to ma\u0142e ci\u0105gi tekstu, kt\u00f3re s\u0105 umieszczane lub odczytywane przez strony internetowe przegl\u0105dane przez Ciebie w wykorzystywanej przez Ciebie przegl\u0105darce, w celu retransmisji na te same strony internetowe, przy nast\u0119pnej Twojej wizycie.<\/p>\n\n\n\n<p>Pliki cookie mo\u017cna podzieli\u0107 na pliki cookie techniczne i profiluj\u0105ce, w zale\u017cno\u015bci od funkcji, do kt\u00f3rej s\u0105 u\u017cywane, oraz pliki cookie stron trzecich lub podmiot\u00f3w zewn\u0119trznych, w zale\u017cno\u015bci od podmiotu, kt\u00f3ry je instaluje.<\/p>\n\n\n\n<p>Pliki cookie nie s\u0142u\u017c\u0105 identyfikacji u\u017cytkownik\u00f3w i na ich podstawie w \u017caden spos\u00f3b nie jest ustalana czyjakolwiek to\u017csamo\u015b\u0107.<\/p>\n\n\n\n<h2 class=\"wp-block-heading h3\"><strong>Jak d\u0142ugo korzystamy z plik\u00f3w cookies<\/strong>&nbsp;<\/h2>\n\n\n\n<p>Wykorzystujemy dwa rodzaje plik\u00f3w cookies:&nbsp;<\/p>\n\n\n\n<ul class=\"wp-block-list\">\n<li>sesyjne \u2013 pozostaj\u0105 na Twoim urz\u0105dzeniu a\u017c do opuszczenia strony internetowej lub wy\u0142\u0105czenia przegl\u0105darki internetowej;<\/li>\n\n\n\n<li>sta\u0142e \u2013 pozostaj\u0105 na Twoim urz\u0105dzeniu przez okre\u015blony czas okre\u015blony w parametrach plik\u00f3w cookies albo do momentu ich r\u0119cznego usuni\u0119cia.<\/li>\n<\/ul>\n<\/div>\n\n\n\n<div class=\"wp-block-column is-vertically-aligned-top is-layout-flow wp-block-column-is-layout-flow\">\n<h2 class=\"wp-block-heading h3\"><strong>W jakim celu stosujemy pliki cookies<\/strong>&nbsp;<\/h2>\n\n\n\n<p>W ramach naszej dzia\u0142alno\u015bci wykorzystujemy pliki cookies, kt\u00f3re jako anonimowe dane statystyczne s\u0142u\u017c\u0105 do analizy ruchu na naszych stronach internetowych oraz podejmowania dzia\u0142a\u0144 marketingowych, jednak w ramach tych dzia\u0142a\u0144 nie przetwarzamy danych osobowych w rozumieniu RODO.<\/p>\n\n\n<div class=\"wp-block-image\">\n<figure class=\"aligncenter size-full\"><img loading=\"lazy\" decoding=\"async\" width=\"1000\" height=\"700\" src=\"https:\/\/test.it-dev.eu\/wp-content\/uploads\/2023\/09\/it-dev-cookies-policy-min.webp\" alt=\"Take the cookie. They smell good!\" class=\"wp-image-1121\" srcset=\"https:\/\/test.it-dev.eu\/wp-content\/uploads\/2023\/09\/it-dev-cookies-policy-min.webp 1000w, https:\/\/test.it-dev.eu\/wp-content\/uploads\/2023\/09\/it-dev-cookies-policy-min-300x210.webp 300w, https:\/\/test.it-dev.eu\/wp-content\/uploads\/2023\/09\/it-dev-cookies-policy-min-768x538.webp 768w\" sizes=\"auto, (max-width: 1000px) 100vw, 1000px\" \/><\/figure>\n<\/div><\/div>\n<\/div>\n\n\n\n<div class=\"wp-block-columns is-layout-flex wp-container-core-columns-is-layout-9d6595d7 wp-block-columns-is-layout-flex\">\n<div class=\"wp-block-column is-vertically-aligned-top is-layout-flow wp-block-column-is-layout-flow\"><\/div>\n<\/div>\n\n\n\n<h2 class=\"wp-block-heading h3\"><strong>Jakie pliki cookies stosujemy<\/strong>&nbsp;<\/h2>\n\n\n\n<figure class=\"wp-block-table set-1st-col-bg\"><table><tbody><tr><td><strong>_ga<\/strong><\/td><td>Plik cookie u\u017cywany przez Google Analytics do rozr\u00f3\u017cniania sesji u\u017cytkownik\u00f3w przez przypisanie im losowo wygenerowanych numer\u00f3w jako identyfikator\u00f3w klienta. Zamieszczone jest w ka\u017cdym \u017c\u0105daniu wy\u015bwietlenia podstrony na stronie i s\u0142u\u017cy do obliczania danych na temat odwiedzaj\u0105cych, sesji oraz kampanii na potrzeby raport\u00f3w analitycznych stron.<\/td><\/tr><tr><td><strong>_gid<\/strong><\/td><td>Plik cookie u\u017cywany przez Google Analytics do odr\u00f3\u017cniania u\u017cytkownik\u00f3w, bez danych umo\u017cliwiaj\u0105cych ich identyfikacj\u0119.<\/td><\/tr><tr><td><strong>_gat<\/strong><\/td><td>Ta nazwa pliku cookie jest powi\u0105zana z Google Universal Analytics, zgodnie z dokumentacj\u0105 s\u0142u\u017cy do ograniczania szybko\u015bci \u017c\u0105dania &#8211; ograniczaj\u0105c gromadzenie danych w witrynach o du\u017cym nat\u0119\u017ceniu ruchu. G\u0142\u00f3wnym celem tego pliku cookie jest: wydajno\u015b\u0107.<\/td><\/tr><tr><td><strong>_icl_current_language<\/strong><\/td><td>Ta nazwa pliku cookie jest powi\u0105zana z wieloj\u0119zyczn\u0105 wtyczk\u0105 WordPress z WPML. S\u0142u\u017cy do przechowywania j\u0119zyka przegl\u0105dania witryny, dzi\u0119ki temu nie trzeba ci\u0105gle zmienia\u0107 ustawie\u0144 j\u0119zyka. Tam, gdzie plik cookie jest ustawiony w odpowiedzi na akcj\u0119 lub \u017c\u0105danie u\u017cytkownika i dop\u00f3ki ma kr\u00f3tk\u0105 \u017cywotno\u015b\u0107, mo\u017cna go traktowa\u0107 jako bezwzgl\u0119dnie konieczny.<\/td><\/tr><tr><td><strong>wpml_referer_url<\/strong><\/td><td>Plik cookie, kt\u00f3ry przechowuje ostatni \u017c\u0105dany adres URL.<\/td><\/tr><tr><td><strong>NID<\/strong><\/td><td>Plik cookie typu NID zawiera identyfikator, kt\u00f3rego Google u\u017cywa, by zapami\u0119ta\u0107 preferencje u\u017cytkownika oraz inne informacje, w szczeg\u00f3lno\u015bci te dotycz\u0105ce preferowanego j\u0119zyka (np. polskiego), liczby wynik\u00f3w wyszukiwania wy\u015bwietlanych na stronie (np. 10 lub 20) oraz w\u0142\u0105czenia lub wy\u0142\u0105czenia filtra Google SafeSearch. W tych plikach cookie przechowywane s\u0105 informacje umo\u017cliwiaj\u0105ce zmian\u0119 zachowania lub wygl\u0105du witryny, kt\u00f3re dotycz\u0105 wersji j\u0119zykowej czy miejsca, w kt\u00f3rym si\u0119 znajdujesz. Na przyk\u0142ad dzi\u0119ki zapami\u0119taniu Twojej lokalizacji witryna mo\u017ce wy\u015bwietli\u0107 lokaln\u0105 prognoz\u0119 pogody lub informacje o ruchu drogowym. Pliki te u\u0142atwiaj\u0105 te\u017c zmian\u0119 wielko\u015bci tekstu, kroju czcionki i innych element\u00f3w, kt\u00f3re mo\u017cna spersonalizowa\u0107 na stronie internetowej. Utrata ustawie\u0144 zapisanych w pliku cookie mo\u017ce obni\u017cy\u0107 poziom funkcjonalno\u015bci witryny, ale nie powinna uniemo\u017cliwi\u0107 korzystania z niej.<\/td><\/tr><tr><td><strong>language<\/strong><\/td><td>Przechowuje warto\u015b\u0107 j\u0119zykow\u0105 witryny.<\/td><\/tr><\/tbody><\/table><\/figure>\n\n\n\n<div class=\"wp-block-group change-the-settings\"><div class=\"wp-block-group__inner-container is-layout-constrained wp-block-group-is-layout-constrained\">\n<h2 class=\"wp-block-heading h3\"><strong>Zmiana ustawie\u0144<\/strong><\/h2>\n\n\n\n<p>Mo\u017cesz u\u017cy\u0107 ustawie\u0144 przegl\u0105darki, aby wy\u0142\u0105czy\u0107, usun\u0105\u0107 lub zablokowa\u0107 pliki cookie, w celu uzyskania dok\u0142adnej instrukcji mo\u017cesz skorzysta\u0107 z link\u00f3w poni\u017cej:<\/p>\n\n\n\n<div class=\"wp-block-columns web-browsers-row is-layout-flex wp-container-core-columns-is-layout-9d6595d7 wp-block-columns-is-layout-flex\">\n<div class=\"wp-block-column is-layout-flow wp-block-column-is-layout-flow\"><div class=\"wp-block-image\">\n<figure class=\"aligncenter size-large\"><img loading=\"lazy\" decoding=\"async\" width=\"96\" height=\"96\" src=\"https:\/\/test.it-dev.eu\/wp-content\/uploads\/2024\/03\/1-edge-logo.svg\" alt=\"\" class=\"wp-image-3301\"\/><\/figure>\n<\/div>\n\n\n<p class=\"has-text-align-center link\"><a href=\"https:\/\/support.microsoft.com\/en-us\/microsoft-edge\/delete-cookies-in-microsoft-edge-63947406-40ac-c3b8-57b9-2a946a29ae09\" target=\"_blank\" rel=\"noreferrer noopener nofollow\">Microsoft Edge<\/a><\/p>\n<\/div>\n\n\n\n<div class=\"wp-block-column is-layout-flow wp-block-column-is-layout-flow\"><div class=\"wp-block-image\">\n<figure class=\"aligncenter size-large\"><img loading=\"lazy\" decoding=\"async\" width=\"96\" height=\"96\" src=\"https:\/\/test.it-dev.eu\/wp-content\/uploads\/2024\/03\/2-google-chrome-logo.svg\" alt=\"\" class=\"wp-image-3305\"\/><\/figure>\n<\/div>\n\n\n<p class=\"has-text-align-center link\"><a href=\"https:\/\/support.google.com\/chrome\/answer\/95647?hl=pl\" target=\"_blank\" rel=\"noreferrer noopener nofollow\">Chrome<\/a><\/p>\n<\/div>\n\n\n\n<div class=\"wp-block-column is-layout-flow wp-block-column-is-layout-flow\"><div class=\"wp-block-image\">\n<figure class=\"aligncenter size-large\"><img loading=\"lazy\" decoding=\"async\" width=\"96\" height=\"100\" src=\"https:\/\/test.it-dev.eu\/wp-content\/uploads\/2024\/03\/3-firefox-logo.svg\" alt=\"\" class=\"wp-image-3307\"\/><\/figure>\n<\/div>\n\n\n<p class=\"has-text-align-center link\"><a href=\"https:\/\/support.mozilla.org\/pl\/products\/firefox\/protect-your-privacy\/cookies\" target=\"_blank\" rel=\"noreferrer noopener nofollow\">Firefox<\/a><\/p>\n<\/div>\n\n\n\n<div class=\"wp-block-column is-layout-flow wp-block-column-is-layout-flow\"><div class=\"wp-block-image\">\n<figure class=\"aligncenter size-large\"><img loading=\"lazy\" decoding=\"async\" width=\"96\" height=\"96\" src=\"https:\/\/test.it-dev.eu\/wp-content\/uploads\/2024\/03\/4-opera-logo.svg\" alt=\"\" class=\"wp-image-3309\"\/><\/figure>\n<\/div>\n\n\n<p class=\"has-text-align-center link\"><a href=\"https:\/\/help.opera.com\/pl\/latest\/web-preferences\/\" target=\"_blank\" rel=\"noreferrer noopener nofollow\">Opera<\/a><\/p>\n<\/div>\n\n\n\n<div class=\"wp-block-column is-layout-flow wp-block-column-is-layout-flow\">\n<div class=\"wp-block-group\"><div class=\"wp-block-group__inner-container is-layout-constrained wp-block-group-is-layout-constrained\"><div class=\"wp-block-image\">\n<figure class=\"aligncenter size-large\"><img loading=\"lazy\" decoding=\"async\" width=\"96\" height=\"96\" src=\"https:\/\/test.it-dev.eu\/wp-content\/uploads\/2024\/03\/5-safari-logo.svg\" alt=\"\" class=\"wp-image-3311\"\/><\/figure>\n<\/div>\n\n\n<p class=\"has-text-align-center link\"><a href=\"https:\/\/support.apple.com\/pl-pl\/HT203987\" target=\"_blank\" rel=\"noreferrer noopener nofollow\">Safari<\/a><\/p>\n<\/div><\/div>\n<\/div>\n<\/div>\n<\/div><\/div>\n","protected":false},"excerpt":{"rendered":"<p>Co to s\u0105 pliki cookies Ta strona korzysta z plik\u00f3w cookies. Pliki cookie s\u0105 to ma\u0142e ci\u0105gi tekstu, kt\u00f3re s\u0105 umieszczane lub odczytywane przez strony internetowe przegl\u0105dane przez Ciebie w wykorzystywanej przez Ciebie przegl\u0105darce, w celu retransmisji na te same strony internetowe, przy nast\u0119pnej Twojej wizycie. Pliki cookie mo\u017cna podzieli\u0107 na pliki cookie techniczne i<a class=\"excerpt-read-more\" href=\"https:\/\/test.it-dev.eu\/pl\/polityka-cookies\/\" title=\"ReadPolityka cookies\">&#8230; Read more &raquo;<\/a><\/p>\n","protected":false},"author":7,"featured_media":0,"parent":0,"menu_order":0,"comment_status":"closed","ping_status":"closed","template":"","meta":{"_acf_changed":false,"inline_featured_image":false,"footnotes":""},"class_list":["post-3292","page","type-page","status-publish","hentry"],"acf":[],"yoast_head":"<!-- This site is optimized with the Yoast SEO plugin v27.4 - https:\/\/yoast.com\/product\/yoast-seo-wordpress\/ -->\n<title>Polityka cookies | IT-Dev<\/title>\n<meta name=\"description\" content=\"Polityka cookies opisuje r\u00f3\u017cne rodzaje plik\u00f3w cookies, kt\u00f3re mog\u0105 by\u0107 wykorzystywane w zwi\u0105zku ze stron\u0105 internetow\u0105, b\u0119d\u0105c\u0105 w\u0142asno\u015bci\u0105 firmy IT-Dev lub przez ni\u0105 kontrolowan\u0105.\" \/>\n<meta name=\"robots\" content=\"noindex, follow, max-snippet:-1, max-image-preview:large, max-video-preview:-1\" \/>\n<meta property=\"og:locale\" content=\"pl_PL\" \/>\n<meta property=\"og:type\" content=\"article\" \/>\n<meta property=\"og:title\" content=\"Polityka cookies | IT-Dev\" \/>\n<meta property=\"og:description\" content=\"Polityka cookies opisuje r\u00f3\u017cne rodzaje plik\u00f3w cookies, kt\u00f3re mog\u0105 by\u0107 wykorzystywane w zwi\u0105zku ze stron\u0105 internetow\u0105, b\u0119d\u0105c\u0105 w\u0142asno\u015bci\u0105 firmy IT-Dev lub przez ni\u0105 kontrolowan\u0105.\" \/>\n<meta property=\"og:url\" content=\"https:\/\/test.it-dev.eu\/pl\/polityka-cookies\/\" \/>\n<meta property=\"og:site_name\" content=\"IT-Dev\" \/>\n<meta property=\"article:publisher\" content=\"https:\/\/www.facebook.com\/ITDevWroc\/\" \/>\n<meta property=\"article:modified_time\" content=\"2025-08-26T12:41:00+00:00\" \/>\n<meta property=\"og:image\" content=\"https:\/\/test.it-dev.eu\/wp-content\/uploads\/2023\/09\/it-dev-cookies-policy-min.webp\" \/>\n\t<meta property=\"og:image:width\" content=\"1000\" \/>\n\t<meta property=\"og:image:height\" content=\"700\" \/>\n\t<meta property=\"og:image:type\" content=\"image\/webp\" \/>\n<meta name=\"twitter:card\" content=\"summary_large_image\" \/>\n<meta name=\"twitter:site\" content=\"@IT_Dev\" \/>\n<meta name=\"twitter:label1\" content=\"Szacowany czas czytania\" \/>\n\t<meta name=\"twitter:data1\" content=\"4 minuty\" \/>\n<script type=\"application\/ld+json\" class=\"yoast-schema-graph\">{\"@context\":\"https:\\\/\\\/schema.org\",\"@graph\":[{\"@type\":\"WebPage\",\"@id\":\"https:\\\/\\\/test.it-dev.eu\\\/pl\\\/polityka-cookies\\\/\",\"url\":\"https:\\\/\\\/test.it-dev.eu\\\/pl\\\/polityka-cookies\\\/\",\"name\":\"Polityka cookies | IT-Dev\",\"isPartOf\":{\"@id\":\"https:\\\/\\\/test.it-dev.eu\\\/pl\\\/#website\"},\"primaryImageOfPage\":{\"@id\":\"https:\\\/\\\/test.it-dev.eu\\\/pl\\\/polityka-cookies\\\/#primaryimage\"},\"image\":{\"@id\":\"https:\\\/\\\/test.it-dev.eu\\\/pl\\\/polityka-cookies\\\/#primaryimage\"},\"thumbnailUrl\":\"https:\\\/\\\/test.it-dev.eu\\\/wp-content\\\/uploads\\\/2023\\\/09\\\/it-dev-cookies-policy-min.webp\",\"datePublished\":\"2023-09-11T11:40:17+00:00\",\"dateModified\":\"2025-08-26T12:41:00+00:00\",\"description\":\"Polityka cookies opisuje r\u00f3\u017cne rodzaje plik\u00f3w cookies, kt\u00f3re mog\u0105 by\u0107 wykorzystywane w zwi\u0105zku ze stron\u0105 internetow\u0105, b\u0119d\u0105c\u0105 w\u0142asno\u015bci\u0105 firmy IT-Dev lub przez ni\u0105 kontrolowan\u0105.\",\"breadcrumb\":{\"@id\":\"https:\\\/\\\/test.it-dev.eu\\\/pl\\\/polityka-cookies\\\/#breadcrumb\"},\"inLanguage\":\"pl-PL\",\"potentialAction\":[{\"@type\":\"ReadAction\",\"target\":[\"https:\\\/\\\/test.it-dev.eu\\\/pl\\\/polityka-cookies\\\/\"]}]},{\"@type\":\"ImageObject\",\"inLanguage\":\"pl-PL\",\"@id\":\"https:\\\/\\\/test.it-dev.eu\\\/pl\\\/polityka-cookies\\\/#primaryimage\",\"url\":\"https:\\\/\\\/test.it-dev.eu\\\/wp-content\\\/uploads\\\/2023\\\/09\\\/it-dev-cookies-policy-min.webp\",\"contentUrl\":\"https:\\\/\\\/test.it-dev.eu\\\/wp-content\\\/uploads\\\/2023\\\/09\\\/it-dev-cookies-policy-min.webp\"},{\"@type\":\"BreadcrumbList\",\"@id\":\"https:\\\/\\\/test.it-dev.eu\\\/pl\\\/polityka-cookies\\\/#breadcrumb\",\"itemListElement\":[{\"@type\":\"ListItem\",\"position\":1,\"name\":\"Strona g\u0142\u00f3wna\",\"item\":\"https:\\\/\\\/test.it-dev.eu\\\/pl\\\/\"},{\"@type\":\"ListItem\",\"position\":2,\"name\":\"Polityka cookies\"}]},{\"@type\":\"WebSite\",\"@id\":\"https:\\\/\\\/test.it-dev.eu\\\/pl\\\/#website\",\"url\":\"https:\\\/\\\/test.it-dev.eu\\\/pl\\\/\",\"name\":\"IT-Dev - Limitless Digital Workplace\",\"description\":\"We create limitless Digital Workplaces\",\"publisher\":{\"@id\":\"https:\\\/\\\/test.it-dev.eu\\\/pl\\\/#organization\"},\"potentialAction\":[{\"@type\":\"SearchAction\",\"target\":{\"@type\":\"EntryPoint\",\"urlTemplate\":\"https:\\\/\\\/test.it-dev.eu\\\/pl\\\/?s={search_term_string}\"},\"query-input\":{\"@type\":\"PropertyValueSpecification\",\"valueRequired\":true,\"valueName\":\"search_term_string\"}}],\"inLanguage\":\"pl-PL\"},{\"@type\":\"Organization\",\"@id\":\"https:\\\/\\\/test.it-dev.eu\\\/pl\\\/#organization\",\"name\":\"IT-Dev - Limitless Digital Workplace\",\"url\":\"https:\\\/\\\/test.it-dev.eu\\\/pl\\\/\",\"logo\":{\"@type\":\"ImageObject\",\"inLanguage\":\"pl-PL\",\"@id\":\"https:\\\/\\\/test.it-dev.eu\\\/pl\\\/#\\\/schema\\\/logo\\\/image\\\/\",\"url\":\"https:\\\/\\\/test.it-dev.eu\\\/wp-content\\\/uploads\\\/2023\\\/12\\\/it-dev-logo-696x696-1.png\",\"contentUrl\":\"https:\\\/\\\/test.it-dev.eu\\\/wp-content\\\/uploads\\\/2023\\\/12\\\/it-dev-logo-696x696-1.png\",\"width\":696,\"height\":696,\"caption\":\"IT-Dev - Limitless Digital Workplace\"},\"image\":{\"@id\":\"https:\\\/\\\/test.it-dev.eu\\\/pl\\\/#\\\/schema\\\/logo\\\/image\\\/\"},\"sameAs\":[\"https:\\\/\\\/www.facebook.com\\\/ITDevWroc\\\/\",\"https:\\\/\\\/x.com\\\/IT_Dev\",\"https:\\\/\\\/www.linkedin.com\\\/company\\\/it-dev\\\/\",\"https:\\\/\\\/www.youtube.com\\\/user\\\/biuroitdev\"]}]}<\/script>\n<!-- \/ Yoast SEO plugin. -->","yoast_head_json":{"title":"Polityka cookies | IT-Dev","description":"Polityka cookies opisuje r\u00f3\u017cne rodzaje plik\u00f3w cookies, kt\u00f3re mog\u0105 by\u0107 wykorzystywane w zwi\u0105zku ze stron\u0105 internetow\u0105, b\u0119d\u0105c\u0105 w\u0142asno\u015bci\u0105 firmy IT-Dev lub przez ni\u0105 kontrolowan\u0105.","robots":{"index":"noindex","follow":"follow","max-snippet":"max-snippet:-1","max-image-preview":"max-image-preview:large","max-video-preview":"max-video-preview:-1"},"og_locale":"pl_PL","og_type":"article","og_title":"Polityka cookies | IT-Dev","og_description":"Polityka cookies opisuje r\u00f3\u017cne rodzaje plik\u00f3w cookies, kt\u00f3re mog\u0105 by\u0107 wykorzystywane w zwi\u0105zku ze stron\u0105 internetow\u0105, b\u0119d\u0105c\u0105 w\u0142asno\u015bci\u0105 firmy IT-Dev lub przez ni\u0105 kontrolowan\u0105.","og_url":"https:\/\/test.it-dev.eu\/pl\/polityka-cookies\/","og_site_name":"IT-Dev","article_publisher":"https:\/\/www.facebook.com\/ITDevWroc\/","article_modified_time":"2025-08-26T12:41:00+00:00","og_image":[{"width":1000,"height":700,"url":"https:\/\/test.it-dev.eu\/wp-content\/uploads\/2023\/09\/it-dev-cookies-policy-min.webp","type":"image\/webp"}],"twitter_card":"summary_large_image","twitter_site":"@IT_Dev","twitter_misc":{"Szacowany czas czytania":"4 minuty"},"schema":{"@context":"https:\/\/schema.org","@graph":[{"@type":"WebPage","@id":"https:\/\/test.it-dev.eu\/pl\/polityka-cookies\/","url":"https:\/\/test.it-dev.eu\/pl\/polityka-cookies\/","name":"Polityka cookies | IT-Dev","isPartOf":{"@id":"https:\/\/test.it-dev.eu\/pl\/#website"},"primaryImageOfPage":{"@id":"https:\/\/test.it-dev.eu\/pl\/polityka-cookies\/#primaryimage"},"image":{"@id":"https:\/\/test.it-dev.eu\/pl\/polityka-cookies\/#primaryimage"},"thumbnailUrl":"https:\/\/test.it-dev.eu\/wp-content\/uploads\/2023\/09\/it-dev-cookies-policy-min.webp","datePublished":"2023-09-11T11:40:17+00:00","dateModified":"2025-08-26T12:41:00+00:00","description":"Polityka cookies opisuje r\u00f3\u017cne rodzaje plik\u00f3w cookies, kt\u00f3re mog\u0105 by\u0107 wykorzystywane w zwi\u0105zku ze stron\u0105 internetow\u0105, b\u0119d\u0105c\u0105 w\u0142asno\u015bci\u0105 firmy IT-Dev lub przez ni\u0105 kontrolowan\u0105.","breadcrumb":{"@id":"https:\/\/test.it-dev.eu\/pl\/polityka-cookies\/#breadcrumb"},"inLanguage":"pl-PL","potentialAction":[{"@type":"ReadAction","target":["https:\/\/test.it-dev.eu\/pl\/polityka-cookies\/"]}]},{"@type":"ImageObject","inLanguage":"pl-PL","@id":"https:\/\/test.it-dev.eu\/pl\/polityka-cookies\/#primaryimage","url":"https:\/\/test.it-dev.eu\/wp-content\/uploads\/2023\/09\/it-dev-cookies-policy-min.webp","contentUrl":"https:\/\/test.it-dev.eu\/wp-content\/uploads\/2023\/09\/it-dev-cookies-policy-min.webp"},{"@type":"BreadcrumbList","@id":"https:\/\/test.it-dev.eu\/pl\/polityka-cookies\/#breadcrumb","itemListElement":[{"@type":"ListItem","position":1,"name":"Strona g\u0142\u00f3wna","item":"https:\/\/test.it-dev.eu\/pl\/"},{"@type":"ListItem","position":2,"name":"Polityka cookies"}]},{"@type":"WebSite","@id":"https:\/\/test.it-dev.eu\/pl\/#website","url":"https:\/\/test.it-dev.eu\/pl\/","name":"IT-Dev - Limitless Digital Workplace","description":"We create limitless Digital Workplaces","publisher":{"@id":"https:\/\/test.it-dev.eu\/pl\/#organization"},"potentialAction":[{"@type":"SearchAction","target":{"@type":"EntryPoint","urlTemplate":"https:\/\/test.it-dev.eu\/pl\/?s={search_term_string}"},"query-input":{"@type":"PropertyValueSpecification","valueRequired":true,"valueName":"search_term_string"}}],"inLanguage":"pl-PL"},{"@type":"Organization","@id":"https:\/\/test.it-dev.eu\/pl\/#organization","name":"IT-Dev - Limitless Digital Workplace","url":"https:\/\/test.it-dev.eu\/pl\/","logo":{"@type":"ImageObject","inLanguage":"pl-PL","@id":"https:\/\/test.it-dev.eu\/pl\/#\/schema\/logo\/image\/","url":"https:\/\/test.it-dev.eu\/wp-content\/uploads\/2023\/12\/it-dev-logo-696x696-1.png","contentUrl":"https:\/\/test.it-dev.eu\/wp-content\/uploads\/2023\/12\/it-dev-logo-696x696-1.png","width":696,"height":696,"caption":"IT-Dev - Limitless Digital Workplace"},"image":{"@id":"https:\/\/test.it-dev.eu\/pl\/#\/schema\/logo\/image\/"},"sameAs":["https:\/\/www.facebook.com\/ITDevWroc\/","https:\/\/x.com\/IT_Dev","https:\/\/www.linkedin.com\/company\/it-dev\/","https:\/\/www.youtube.com\/user\/biuroitdev"]}]}},"_links":{"self":[{"href":"https:\/\/test.it-dev.eu\/pl\/wp-json\/wp\/v2\/pages\/3292","targetHints":{"allow":["GET"]}}],"collection":[{"href":"https:\/\/test.it-dev.eu\/pl\/wp-json\/wp\/v2\/pages"}],"about":[{"href":"https:\/\/test.it-dev.eu\/pl\/wp-json\/wp\/v2\/types\/page"}],"author":[{"embeddable":true,"href":"https:\/\/test.it-dev.eu\/pl\/wp-json\/wp\/v2\/users\/7"}],"replies":[{"embeddable":true,"href":"https:\/\/test.it-dev.eu\/pl\/wp-json\/wp\/v2\/comments?post=3292"}],"version-history":[{"count":15,"href":"https:\/\/test.it-dev.eu\/pl\/wp-json\/wp\/v2\/pages\/3292\/revisions"}],"predecessor-version":[{"id":8300,"href":"https:\/\/test.it-dev.eu\/pl\/wp-json\/wp\/v2\/pages\/3292\/revisions\/8300"}],"wp:attachment":[{"href":"https:\/\/test.it-dev.eu\/pl\/wp-json\/wp\/v2\/media?parent=3292"}],"curies":[{"name":"wp","href":"https:\/\/api.w.org\/{rel}","templated":true}]}}