{"id":3318,"date":"2023-06-12T12:11:15","date_gmt":"2023-06-12T10:11:15","guid":{"rendered":"https:\/\/test.it-dev.eu\/polityka-prywatnosci\/"},"modified":"2024-03-07T09:54:54","modified_gmt":"2024-03-07T08:54:54","slug":"polityka-prywatnosci","status":"publish","type":"page","link":"https:\/\/test.it-dev.eu\/pl\/polityka-prywatnosci\/","title":{"rendered":"Polityka prywatno\u015bci"},"content":{"rendered":"\n<h2 class=\"wp-block-heading h3\">Administrator<\/h2>\n\n\n\n<ol class=\"wp-block-list\">\n<li>Administratorem Pa\u0144stwa danych osobowych jest IT-DEV sp. z o.o. z siedzib\u0105 we Wroc\u0142awiu, ul. Sikorskiego 26, kod pocztowy 53-659 Wroc\u0142aw, Polska (dalej: IT-DEV).<\/li>\n<\/ol>\n\n\n\n<div style=\"height:40px\" aria-hidden=\"true\" class=\"wp-block-spacer\"><\/div>\n\n\n\n<h2 class=\"wp-block-heading h3\">Nasze dane do kontaktu<\/h2>\n\n\n\n<ol class=\"wp-block-list\">\n<li>W sprawie informacji o przetwarzaniu Pa\u0144stwa danych osobowych przez IT-DEV lub \u017c\u0105da\u0144 z tym zwi\u0105zanych, mo\u017cna si\u0119 z nami kontaktowa\u0107 pod adresem e-mail: biuro@it-dev.pl lub na adres: IT-DEV sp. z o.o., ul. Sikorskiego 26, 53-659 Wroc\u0142aw.<\/li>\n<\/ol>\n\n\n\n<div style=\"height:40px\" aria-hidden=\"true\" class=\"wp-block-spacer\"><\/div>\n\n\n\n<h2 class=\"wp-block-heading h3\">Podstawa prawna<\/h2>\n\n\n\n<ol class=\"wp-block-list\">\n<li>Nasza polityka przetwarzania danych osobowych zosta\u0142a sporz\u0105dzona w zwi\u0105zku z Rozporz\u0105dzeniem Parlamentu Europejskiego i Rady (UE) 2016\/679 z dnia 27 kwietnia 2016 r. w sprawie ochrony os\u00f3b fizycznych w zwi\u0105zku z przetwarzaniem danych osobowych i w sprawie swobodnego przep\u0142ywu takich danych oraz uchylenia dyrektywy 95\/46\/WE (og\u00f3lne rozporz\u0105dzenie o ochronie danych) (dalej: RODO).<\/li>\n<\/ol>\n\n\n\n<div style=\"height:40px\" aria-hidden=\"true\" class=\"wp-block-spacer\"><\/div>\n\n\n\n<h2 class=\"wp-block-heading h3\">\u0179r\u00f3d\u0142o i spos\u00f3b przetwarzania danych<\/h2>\n\n\n\n<ol class=\"wp-block-list\" start=\"1\">\n<li>Dane osobowe pozyskujemy od Pa\u0144stwa bezpo\u015brednio lub drog\u0105 elektroniczn\u0105 (np. formularz kontaktowy). Podanie danych jest niezb\u0119dne w celu zawarcia z nami umowy, skorzystania z us\u0142ugi lub uzyskania informacji. W innym przypadku podanie danych jest dobrowolne.<\/li>\n<\/ol>\n\n\n\n<ol class=\"wp-block-list\" start=\"2\">\n<li>Pa\u0144stwa dane osobowe s\u0105 przetwarzane na podstawie prawa, w celach zgodnych z prawem, przejrzy\u015bcie i rzetelnie.<\/li>\n<\/ol>\n\n\n\n<ol class=\"wp-block-list\" start=\"3\">\n<li>Na naszych stronach internetowych stosujemy bezpieczny protok\u00f3\u0142 sieciowy &#8211; certyfikat SSL, kt\u00f3ry zapewnia poufno\u015b\u0107 transmisji danych przesy\u0142anych przez Internet. Oznacza to, \u017ce Pa\u0144stwa dane podawane na formularzu kontaktowym lub w celu skorzystania z subskrypcji s\u0105 przesy\u0142ane za pomoc\u0105 bezpiecznego szyfrowanego po\u0142\u0105czenia.<\/li>\n<\/ol>\n\n\n\n<figure class=\"wp-block-table\"><table class=\"has-fixed-layout\"><thead><tr><th><strong>Cel przetwarzania<\/strong>&nbsp;<\/th><th class=\"has-text-align-left\" data-align=\"left\"><strong>Opis prawnie uzasadnionych interes\u00f3w administratora<\/strong>&nbsp;<\/th><th><strong>Podstawa prawna RODO<\/strong>&nbsp;<\/th><\/tr><\/thead><tbody><tr><td>Obs\u0142uga us\u0142ugi subskrypcji<\/td><td class=\"has-text-align-left\" data-align=\"left\">&#8211;<\/td><td>Art. 6 ust. 1 lit. a &#8211; osoba, kt\u00f3rej dane dotycz\u0105 wyrazi\u0142a zgod\u0119 na przetwarzanie swoich danych osobowych w jednym lub wi\u0119kszej liczbie okre\u015blonych cel\u00f3w;<\/td><\/tr><tr><td>Obs\u0142uga um\u00f3w: zawarcie, wykonanie i rozliczenie umowy, w tym kontakt w zwi\u0105zku z jej realizacj\u0105<\/td><td class=\"has-text-align-left\" data-align=\"left\">&#8211;<\/td><td>Art. 6 ust. 1 lit. b &#8211; przetwarzanie jest niezb\u0119dne do wykonania umowy, kt\u00f3rej stron\u0105 jest osoba, kt\u00f3rej dane dotycz\u0105, lub do podj\u0119cia dzia\u0142a\u0144 na \u017c\u0105danie osoby, kt\u00f3rej dane dotycz\u0105, przed zawarciem umowy;<\/td><\/tr><tr><td>Obs\u0142uga skarg i reklamacji;<\/td><td class=\"has-text-align-left\" data-align=\"left\">&#8211;<\/td><td>Art. 6 ust. 1 lit. c &#8211; przetwarzanie jest niezb\u0119dne do wype\u0142nienia obowi\u0105zku prawnego ci\u0105\u017c\u0105cego na administratorze;<\/td><\/tr><tr><td>Archiwizowanie dokumentacji, tj. um\u00f3w i dokument\u00f3w rozliczeniowych<\/td><td class=\"has-text-align-left\" data-align=\"left\">&#8211;<\/td><td>Art. 6 ust. 1 lit. c<\/td><\/tr><tr><td>Dochodzenie roszcze\u0144 zwi\u0105zanych z umow\u0105<\/td><td class=\"has-text-align-left\" data-align=\"left\">Dochodzenie nale\u017cno\u015bci, prowadzenie post\u0119powa\u0144 s\u0105dowych, a nast\u0119pnie egzekucyjnych<\/td><td>Art. 6 ust. 1 lit. f &#8211; przetwarzanie jest niezb\u0119dne do cel\u00f3w wynikaj\u0105cych z prawnie uzasadnionych interes\u00f3w realizowanych przez administratora lub przez stron\u0119 trzeci\u0105, z wyj\u0105tkiem sytuacji, w kt\u00f3rych nadrz\u0119dny charakter wobec tych interes\u00f3w maj\u0105 interesy lub podstawowe prawa i wolno\u015bci osoby, kt\u00f3rej dane dotycz\u0105, wymagaj\u0105ce ochrony danych osobowych<\/td><\/tr><tr><td>Prowadzenie og\u00f3lnych statystyk bez identyfikacji indywidualnych os\u00f3b (np. Google Analytics)<\/td><td class=\"has-text-align-left\" data-align=\"left\">Dane statystyczne dot. prowadzonych przez nas dzia\u0142a\u0144 pozwalaj\u0105 nam na usprawnienie naszej dzia\u0142alno\u015bci<\/td><td>Art. 6 ust. 1 lit. f<\/td><\/tr><tr><td>Obs\u0142uga zapyta\u0144 lub zg\u0142osze\u0144 kierowanych poprzez formularz kontaktowy.<\/td><td class=\"has-text-align-left\" data-align=\"left\">Udzielenie informacji, odpowiedzi na zg\u0142oszenia i zapytania kierowane przez formularz lub w innej formie, w tym przechowywanie zg\u0142osze\u0144 i udzielonych odpowiedzi, dla zachowania rozliczalno\u015bci<\/td><td>Art. 6 ust. 1 lit. f<\/td><\/tr><tr><td>Prowadzenie dzia\u0142a\u0144 marketingowych dotycz\u0105cych w\u0142asnych produkt\u00f3w lub us\u0142ug<\/td><td class=\"has-text-align-left\" data-align=\"left\">Promowanie naszej dzia\u0142alno\u015bci, budowanie i umacnianie relacji biznesowych. W przypadku wykorzystania adres\u00f3w e-mail i numer\u00f3w telefon\u00f3w \u2013 wy\u0142\u0105cznie na podstawie posiadanych zg\u00f3d.<\/td><td>Art. 6 ust. 1 lit. f<\/td><\/tr><tr><td>Prowadzenie dzia\u0142a\u0144 marketingowych dotycz\u0105cych cudzych produkt\u00f3w lub us\u0142ug \u2013 wy\u0142\u0105cznie na podstawie posiadanych zg\u00f3d.<\/td><td class=\"has-text-align-left\" data-align=\"left\">&#8211;<\/td><td>Art. 6 ust. 1 lit. f<\/td><\/tr><\/tbody><\/table><\/figure>\n\n\n\n<div style=\"height:40px\" aria-hidden=\"true\" class=\"wp-block-spacer\"><\/div>\n\n\n\n<h2 class=\"wp-block-heading h3\">Czas przetwarzania danych<\/h2>\n\n\n\n<ol class=\"wp-block-list\">\n<li>Je\u015bli podstaw\u0105 przetwarzania danych osobowych jest Pa\u0144stwa zgoda (art. 6 ust. 1 lit. a RODO) \u2013 dane b\u0119d\u0105 przetwarzane do czasu jej wycofania. Jeste\u015bmy zobowi\u0105zani do przechowywania Pa\u0144stwa danych osobowych przez czas wskazany przepisami prawa oraz gdy jest to konieczne do funkcjonowania IT-DEV i zachowania rozliczalno\u015bci.<\/li>\n<\/ol>\n\n\n\n<figure class=\"wp-block-table\"><table class=\"has-fixed-layout\"><thead><tr><th><strong>Rodzaj danych osobowych<\/strong>&nbsp;<\/th><th><strong>Okres przetwarzania<\/strong>&nbsp;<\/th><\/tr><\/thead><tbody><tr><td>Dane w dokumentach, takich jak zam\u00f3wienia, zg\u0142oszenia, umowy, pe\u0142nomocnictwa<\/td><td>Okres wykonywania zobowi\u0105za\u0144 oraz okres przedawnienia roszcze\u0144 wynikaj\u0105cy z przepis\u00f3w; do czasu przedawnienia roszcze\u0144 wynikaj\u0105cych z umowy.<\/td><\/tr><tr><td>Dane w dokumentach rozliczeniowych<\/td><td>Ksi\u0119gi i zwi\u0105zane z ich prowadzeniem dokumenty do czasu up\u0142ywu okresu przedawnienia zobowi\u0105zania podatkowego, chyba \u017ce ustawy podatkowe stanowi\u0105 inaczej.<\/td><\/tr><tr><td>Dane w dokumentach zwi\u0105zanych z r\u0119kojmi\u0105 i gwarancj\u0105<\/td><td>Dokumenty dotycz\u0105ce r\u0119kojmi, gwarancji i reklamacji b\u0119d\u0105 przetwarzane przez 1 rok po terminie up\u0142ywu r\u0119kojmi, gwarancji lub rozliczeniu reklamacji.<\/td><\/tr><tr><td>Dane podane dla cel\u00f3w marketingowych<\/td><td>W przypadku przetwarzania danych na podstawie zgody \u2013 do czasu jej wycofania;\r\nW przypadku przetwarzania danych na podstawie prawnie uzasadnionego celu \u2013 do czasu wniesienia sprzeciwu.<\/td><\/tr><tr><td>Dane z formularza kontaktowego<\/td><td>Przez okres dw\u00f3ch lat dla zachowania zasady rozliczalno\u015bci.<\/td><\/tr><\/tbody><\/table><\/figure>\n\n\n\n<div style=\"height:40px\" aria-hidden=\"true\" class=\"wp-block-spacer\"><\/div>\n\n\n\n<h2 class=\"wp-block-heading h3\">Odbiorcy danych<\/h2>\n\n\n\n<ol class=\"wp-block-list\">\n<li>Pa\u0144stwa dane osobowe ze wzgl\u0119d\u00f3w technicznych mog\u0105 by\u0107 przekazywane innym podmiotom, kt\u00f3re b\u0119d\u0105 je przetwarza\u0142y. S\u0105 to w szczeg\u00f3lno\u015bci:\u00a0\n<ol class=\"wp-block-list\">\n<li>upowa\u017cnieni pracownicy i wsp\u00f3\u0142pracownicy, kt\u00f3rzy korzystaj\u0105 z danych w celu realizacji naszej dzia\u0142alno\u015bci oraz podmioty, kt\u00f3re wspieraj\u0105 nasz\u0105 dzia\u0142alno\u015b\u0107 na nasze zlecenie, w szczeg\u00f3lno\u015bci specjali\u015bci, doradcy lub dostawcy rozwi\u0105za\u0144 wspieraj\u0105cych nasz\u0105 dzia\u0142alno\u015b\u0107;<\/li>\n\n\n\n<li>organom pa\u0144stwowym lub innym uprawnionym na podstawie przepis\u00f3w prawa (w celu wykonania obowi\u0105zk\u00f3w prawnych), takich jak: ZUS, Urz\u0105d Skarbowy;<\/li>\n<\/ol>\n<\/li>\n\n\n\n<li>Pa\u0144stwa dane osobowe nie b\u0119d\u0105 przekazywane poza Uni\u0119 Europejsk\u0105.<\/li>\n<\/ol>\n\n\n\n<div style=\"height:40px\" aria-hidden=\"true\" class=\"wp-block-spacer\"><\/div>\n\n\n\n<h2 class=\"wp-block-heading h3\">Przetwarzanie zautomatyzowane<\/h2>\n\n\n\n<ol class=\"wp-block-list\" start=\"1\">\n<li>Pa\u0144stwa dane osobowe nie podlegaj\u0105 zautomatyzowanemu podejmowaniu decyzji, w tym profilowaniu.<\/li>\n<\/ol>\n\n\n\n<ol class=\"wp-block-list\" start=\"2\">\n<li>Pliki cookies \u2013 s\u0105 to informacje, kt\u00f3re nie s\u0142u\u017c\u0105 identyfikacji u\u017cytkownik\u00f3w i na ich podstawie w \u017caden spos\u00f3b nie jest ustalana czyjakolwiek to\u017csamo\u015b\u0107. W ramach naszej dzia\u0142alno\u015bci korzystamy z plik\u00f3w cookies, kt\u00f3re s\u0142u\u017c\u0105 nam do analizy ruchu na naszych stronach i podejmowania dzia\u0142a\u0144 marketingowych, lecz w ramach tych czynno\u015bci nie przetwarzamy danych osobowych w rozumieniu RODO.<\/li>\n<\/ol>\n\n\n\n<div style=\"height:40px\" aria-hidden=\"true\" class=\"wp-block-spacer\"><\/div>\n\n\n\n<h2 class=\"wp-block-heading h3\">Uprawnienia<\/h2>\n\n\n\n<ol class=\"wp-block-list\" start=\"1\">\n<li>Na zasadach okre\u015blonych w art. 15 &#8211; art. 20 RODO maj\u0105 Pa\u0144stwo prawo dost\u0119pu do tre\u015bci swoich danych oraz prawo ich sprostowania, usuni\u0119cia, ograniczenia przetwarzania, prawo do przenoszenia danych, prawo wniesienia sprzeciwu, prawo do cofni\u0119cia zgody w dowolnym momencie bez wp\u0142ywu na zgodno\u015b\u0107 z prawem przetwarzania, kt\u00f3rego dokonano na podstawie zgody przed jej cofni\u0119ciem (o ile dane przetwarzanie odbywa si\u0119 na podstawie zgody).<\/li>\n<\/ol>\n\n\n\n<ol class=\"wp-block-list\" start=\"2\">\n<li>Je\u017celi przetwarzanie, kt\u00f3rego dokonujemy narusza przepisy RODO, posiadacie Pa\u0144stwo prawo wniesienia skargi do organu nadzorczego, tj. Prezesa Urz\u0119du Ochrony Danych Osobowych.<\/li>\n<\/ol>\n","protected":false},"excerpt":{"rendered":"<p>Administrator Nasze dane do kontaktu Podstawa prawna \u0179r\u00f3d\u0142o i spos\u00f3b przetwarzania danych Cel przetwarzania&nbsp; Opis prawnie uzasadnionych interes\u00f3w administratora&nbsp; Podstawa prawna RODO&nbsp; Obs\u0142uga us\u0142ugi subskrypcji &#8211; Art. 6 ust. 1 lit. a &#8211; osoba, kt\u00f3rej dane dotycz\u0105 wyrazi\u0142a zgod\u0119 na przetwarzanie swoich danych osobowych w jednym lub wi\u0119kszej liczbie okre\u015blonych cel\u00f3w; Obs\u0142uga um\u00f3w: zawarcie, wykonanie<a class=\"excerpt-read-more\" href=\"https:\/\/test.it-dev.eu\/pl\/polityka-prywatnosci\/\" title=\"ReadPolityka prywatno\u015bci\">&#8230; Read more &raquo;<\/a><\/p>\n","protected":false},"author":1,"featured_media":0,"parent":0,"menu_order":0,"comment_status":"closed","ping_status":"open","template":"","meta":{"_acf_changed":false,"inline_featured_image":false,"footnotes":""},"class_list":["post-3318","page","type-page","status-publish","hentry"],"acf":[],"yoast_head":"<!-- This site is optimized with the Yoast SEO plugin v27.4 - https:\/\/yoast.com\/product\/yoast-seo-wordpress\/ -->\n<title>Polityka prywatno\u015bci - IT-Dev<\/title>\n<meta name=\"robots\" content=\"noindex, follow, max-snippet:-1, max-image-preview:large, max-video-preview:-1\" \/>\n<meta property=\"og:locale\" content=\"pl_PL\" \/>\n<meta property=\"og:type\" content=\"article\" \/>\n<meta property=\"og:title\" content=\"Polityka prywatno\u015bci - IT-Dev\" \/>\n<meta property=\"og:description\" content=\"Administrator Nasze dane do kontaktu Podstawa prawna \u0179r\u00f3d\u0142o i spos\u00f3b przetwarzania danych Cel przetwarzania&nbsp; Opis prawnie uzasadnionych interes\u00f3w administratora&nbsp; Podstawa prawna RODO&nbsp; Obs\u0142uga us\u0142ugi subskrypcji &#8211; Art. 6 ust. 1 lit. a &#8211; osoba, kt\u00f3rej dane dotycz\u0105 wyrazi\u0142a zgod\u0119 na przetwarzanie swoich danych osobowych w jednym lub wi\u0119kszej liczbie okre\u015blonych cel\u00f3w; Obs\u0142uga um\u00f3w: zawarcie, wykonanie... Read more &raquo;\" \/>\n<meta property=\"og:url\" content=\"https:\/\/test.it-dev.eu\/pl\/polityka-prywatnosci\/\" \/>\n<meta property=\"og:site_name\" content=\"IT-Dev\" \/>\n<meta property=\"article:publisher\" content=\"https:\/\/www.facebook.com\/ITDevWroc\/\" \/>\n<meta property=\"article:modified_time\" content=\"2024-03-07T08:54:54+00:00\" \/>\n<meta name=\"twitter:card\" content=\"summary_large_image\" \/>\n<meta name=\"twitter:site\" content=\"@IT_Dev\" \/>\n<meta name=\"twitter:label1\" content=\"Szacowany czas czytania\" \/>\n\t<meta name=\"twitter:data1\" content=\"5 minut\" \/>\n<script type=\"application\/ld+json\" class=\"yoast-schema-graph\">{\"@context\":\"https:\\\/\\\/schema.org\",\"@graph\":[{\"@type\":\"WebPage\",\"@id\":\"https:\\\/\\\/test.it-dev.eu\\\/pl\\\/polityka-prywatnosci\\\/\",\"url\":\"https:\\\/\\\/test.it-dev.eu\\\/pl\\\/polityka-prywatnosci\\\/\",\"name\":\"Polityka prywatno\u015bci - IT-Dev\",\"isPartOf\":{\"@id\":\"https:\\\/\\\/test.it-dev.eu\\\/pl\\\/#website\"},\"datePublished\":\"2023-06-12T10:11:15+00:00\",\"dateModified\":\"2024-03-07T08:54:54+00:00\",\"breadcrumb\":{\"@id\":\"https:\\\/\\\/test.it-dev.eu\\\/pl\\\/polityka-prywatnosci\\\/#breadcrumb\"},\"inLanguage\":\"pl-PL\",\"potentialAction\":[{\"@type\":\"ReadAction\",\"target\":[\"https:\\\/\\\/test.it-dev.eu\\\/pl\\\/polityka-prywatnosci\\\/\"]}]},{\"@type\":\"BreadcrumbList\",\"@id\":\"https:\\\/\\\/test.it-dev.eu\\\/pl\\\/polityka-prywatnosci\\\/#breadcrumb\",\"itemListElement\":[{\"@type\":\"ListItem\",\"position\":1,\"name\":\"Strona g\u0142\u00f3wna\",\"item\":\"https:\\\/\\\/test.it-dev.eu\\\/pl\\\/\"},{\"@type\":\"ListItem\",\"position\":2,\"name\":\"Polityka prywatno\u015bci\"}]},{\"@type\":\"WebSite\",\"@id\":\"https:\\\/\\\/test.it-dev.eu\\\/pl\\\/#website\",\"url\":\"https:\\\/\\\/test.it-dev.eu\\\/pl\\\/\",\"name\":\"IT-Dev - Limitless Digital Workplace\",\"description\":\"We create limitless Digital Workplaces\",\"publisher\":{\"@id\":\"https:\\\/\\\/test.it-dev.eu\\\/pl\\\/#organization\"},\"potentialAction\":[{\"@type\":\"SearchAction\",\"target\":{\"@type\":\"EntryPoint\",\"urlTemplate\":\"https:\\\/\\\/test.it-dev.eu\\\/pl\\\/?s={search_term_string}\"},\"query-input\":{\"@type\":\"PropertyValueSpecification\",\"valueRequired\":true,\"valueName\":\"search_term_string\"}}],\"inLanguage\":\"pl-PL\"},{\"@type\":\"Organization\",\"@id\":\"https:\\\/\\\/test.it-dev.eu\\\/pl\\\/#organization\",\"name\":\"IT-Dev - Limitless Digital Workplace\",\"url\":\"https:\\\/\\\/test.it-dev.eu\\\/pl\\\/\",\"logo\":{\"@type\":\"ImageObject\",\"inLanguage\":\"pl-PL\",\"@id\":\"https:\\\/\\\/test.it-dev.eu\\\/pl\\\/#\\\/schema\\\/logo\\\/image\\\/\",\"url\":\"https:\\\/\\\/test.it-dev.eu\\\/wp-content\\\/uploads\\\/2023\\\/12\\\/it-dev-logo-696x696-1.png\",\"contentUrl\":\"https:\\\/\\\/test.it-dev.eu\\\/wp-content\\\/uploads\\\/2023\\\/12\\\/it-dev-logo-696x696-1.png\",\"width\":696,\"height\":696,\"caption\":\"IT-Dev - Limitless Digital Workplace\"},\"image\":{\"@id\":\"https:\\\/\\\/test.it-dev.eu\\\/pl\\\/#\\\/schema\\\/logo\\\/image\\\/\"},\"sameAs\":[\"https:\\\/\\\/www.facebook.com\\\/ITDevWroc\\\/\",\"https:\\\/\\\/x.com\\\/IT_Dev\",\"https:\\\/\\\/www.linkedin.com\\\/company\\\/it-dev\\\/\",\"https:\\\/\\\/www.youtube.com\\\/user\\\/biuroitdev\"]}]}<\/script>\n<!-- \/ Yoast SEO plugin. -->","yoast_head_json":{"title":"Polityka prywatno\u015bci - IT-Dev","robots":{"index":"noindex","follow":"follow","max-snippet":"max-snippet:-1","max-image-preview":"max-image-preview:large","max-video-preview":"max-video-preview:-1"},"og_locale":"pl_PL","og_type":"article","og_title":"Polityka prywatno\u015bci - IT-Dev","og_description":"Administrator Nasze dane do kontaktu Podstawa prawna \u0179r\u00f3d\u0142o i spos\u00f3b przetwarzania danych Cel przetwarzania&nbsp; Opis prawnie uzasadnionych interes\u00f3w administratora&nbsp; Podstawa prawna RODO&nbsp; Obs\u0142uga us\u0142ugi subskrypcji &#8211; Art. 6 ust. 1 lit. a &#8211; osoba, kt\u00f3rej dane dotycz\u0105 wyrazi\u0142a zgod\u0119 na przetwarzanie swoich danych osobowych w jednym lub wi\u0119kszej liczbie okre\u015blonych cel\u00f3w; Obs\u0142uga um\u00f3w: zawarcie, wykonanie... Read more &raquo;","og_url":"https:\/\/test.it-dev.eu\/pl\/polityka-prywatnosci\/","og_site_name":"IT-Dev","article_publisher":"https:\/\/www.facebook.com\/ITDevWroc\/","article_modified_time":"2024-03-07T08:54:54+00:00","twitter_card":"summary_large_image","twitter_site":"@IT_Dev","twitter_misc":{"Szacowany czas czytania":"5 minut"},"schema":{"@context":"https:\/\/schema.org","@graph":[{"@type":"WebPage","@id":"https:\/\/test.it-dev.eu\/pl\/polityka-prywatnosci\/","url":"https:\/\/test.it-dev.eu\/pl\/polityka-prywatnosci\/","name":"Polityka prywatno\u015bci - IT-Dev","isPartOf":{"@id":"https:\/\/test.it-dev.eu\/pl\/#website"},"datePublished":"2023-06-12T10:11:15+00:00","dateModified":"2024-03-07T08:54:54+00:00","breadcrumb":{"@id":"https:\/\/test.it-dev.eu\/pl\/polityka-prywatnosci\/#breadcrumb"},"inLanguage":"pl-PL","potentialAction":[{"@type":"ReadAction","target":["https:\/\/test.it-dev.eu\/pl\/polityka-prywatnosci\/"]}]},{"@type":"BreadcrumbList","@id":"https:\/\/test.it-dev.eu\/pl\/polityka-prywatnosci\/#breadcrumb","itemListElement":[{"@type":"ListItem","position":1,"name":"Strona g\u0142\u00f3wna","item":"https:\/\/test.it-dev.eu\/pl\/"},{"@type":"ListItem","position":2,"name":"Polityka prywatno\u015bci"}]},{"@type":"WebSite","@id":"https:\/\/test.it-dev.eu\/pl\/#website","url":"https:\/\/test.it-dev.eu\/pl\/","name":"IT-Dev - Limitless Digital Workplace","description":"We create limitless Digital Workplaces","publisher":{"@id":"https:\/\/test.it-dev.eu\/pl\/#organization"},"potentialAction":[{"@type":"SearchAction","target":{"@type":"EntryPoint","urlTemplate":"https:\/\/test.it-dev.eu\/pl\/?s={search_term_string}"},"query-input":{"@type":"PropertyValueSpecification","valueRequired":true,"valueName":"search_term_string"}}],"inLanguage":"pl-PL"},{"@type":"Organization","@id":"https:\/\/test.it-dev.eu\/pl\/#organization","name":"IT-Dev - Limitless Digital Workplace","url":"https:\/\/test.it-dev.eu\/pl\/","logo":{"@type":"ImageObject","inLanguage":"pl-PL","@id":"https:\/\/test.it-dev.eu\/pl\/#\/schema\/logo\/image\/","url":"https:\/\/test.it-dev.eu\/wp-content\/uploads\/2023\/12\/it-dev-logo-696x696-1.png","contentUrl":"https:\/\/test.it-dev.eu\/wp-content\/uploads\/2023\/12\/it-dev-logo-696x696-1.png","width":696,"height":696,"caption":"IT-Dev - Limitless Digital Workplace"},"image":{"@id":"https:\/\/test.it-dev.eu\/pl\/#\/schema\/logo\/image\/"},"sameAs":["https:\/\/www.facebook.com\/ITDevWroc\/","https:\/\/x.com\/IT_Dev","https:\/\/www.linkedin.com\/company\/it-dev\/","https:\/\/www.youtube.com\/user\/biuroitdev"]}]}},"_links":{"self":[{"href":"https:\/\/test.it-dev.eu\/pl\/wp-json\/wp\/v2\/pages\/3318","targetHints":{"allow":["GET"]}}],"collection":[{"href":"https:\/\/test.it-dev.eu\/pl\/wp-json\/wp\/v2\/pages"}],"about":[{"href":"https:\/\/test.it-dev.eu\/pl\/wp-json\/wp\/v2\/types\/page"}],"author":[{"embeddable":true,"href":"https:\/\/test.it-dev.eu\/pl\/wp-json\/wp\/v2\/users\/1"}],"replies":[{"embeddable":true,"href":"https:\/\/test.it-dev.eu\/pl\/wp-json\/wp\/v2\/comments?post=3318"}],"version-history":[{"count":2,"href":"https:\/\/test.it-dev.eu\/pl\/wp-json\/wp\/v2\/pages\/3318\/revisions"}],"predecessor-version":[{"id":3324,"href":"https:\/\/test.it-dev.eu\/pl\/wp-json\/wp\/v2\/pages\/3318\/revisions\/3324"}],"wp:attachment":[{"href":"https:\/\/test.it-dev.eu\/pl\/wp-json\/wp\/v2\/media?parent=3318"}],"curies":[{"name":"wp","href":"https:\/\/api.w.org\/{rel}","templated":true}]}}