{"id":9249,"date":"2025-11-18T10:30:39","date_gmt":"2025-11-18T09:30:39","guid":{"rendered":"https:\/\/test.it-dev.eu\/?page_id=9249"},"modified":"2026-01-05T11:18:47","modified_gmt":"2026-01-05T10:18:47","slug":"danone","status":"publish","type":"page","link":"https:\/\/test.it-dev.eu\/pl\/klienci\/danone\/","title":{"rendered":"Danone"},"content":{"rendered":"\n<h1 class=\"wp-block-heading\">Nowoczesny intranet dla firm na SharePoint Online\u00a0<\/h1>\n\n\n\n<div class=\"wp-block-columns is-layout-flex wp-container-core-columns-is-layout-9d6595d7 wp-block-columns-is-layout-flex\">\n<div class=\"wp-block-column is-layout-flow wp-block-column-is-layout-flow\" style=\"flex-basis:33.33%\">\n<figure class=\"wp-block-image\"><img decoding=\"async\" src=\"https:\/\/test.it-dev.eu\/wp-content\/uploads\/2025\/09\/logos-lp-intranet-1-800x589.webp\" alt=\"\"\/><\/figure>\n<\/div>\n\n\n\n<div class=\"wp-block-column is-layout-flow wp-block-column-is-layout-flow\" style=\"flex-basis:66.66%\">\n<h2 class=\"wp-block-heading\" id=\"block-af727d92-bdac-4fac-8268-0cf458ec6150\">Jak intranet wspiera skuteczn\u0105 komunikacj\u0119 w firmie?&nbsp;<\/h2>\n\n\n\n<p id=\"block-d859edcc-a5e1-43be-ba0c-e800f34c1db9\">Wdro\u017cenie portalu komunikacyjnego nie jest zwyk\u0142\u0105 instalacj\u0105 oprogramowania. To proces, kt\u00f3rego celem jest podniesienie efektywno\u015bci i motywacji zespo\u0142u. Dzi\u0119ki dobrze wdro\u017conemu portalowi tre\u015bci s\u0105 uporz\u0105dkowane, publikacje przewidywalne, redaktorzy z \u0142atwo\u015bci\u0105 tworz\u0105 nowe artyku\u0142y, a czytelnicy maj\u0105 dost\u0119p do informacji dopasowanych do swoich r\u00f3l. &nbsp;<br>W IT-Dev pomagamy na ka\u017cdym etapie wdro\u017cenia intranetu \u2013 od warsztat\u00f3w inspiracyjnych, przez zaprojektowanie architektury informacyjnej i adopcj\u0119 technologii, a\u017c po szkolenia i promocj\u0119 w\u015br\u00f3d pracownik\u00f3w i w mediach spo\u0142eczno\u015bciowych.&nbsp;<\/p>\n\n\n\n<p id=\"block-e8dea5b4-a46e-4b4f-a3b6-38c255cf2747\">Mamy do\u015bwiadczenie w ponad <strong>200 projektach<\/strong> intranetowych w organizacjach od 50 do 10 000 pracownik\u00f3w.&nbsp;<\/p>\n<\/div>\n<\/div>\n\n\n\n<p><\/p>\n","protected":false},"excerpt":{"rendered":"<p>Nowoczesny intranet dla firm na SharePoint Online\u00a0 Jak intranet wspiera skuteczn\u0105 komunikacj\u0119 w firmie?&nbsp; Wdro\u017cenie portalu komunikacyjnego nie jest zwyk\u0142\u0105 instalacj\u0105 oprogramowania. To proces, kt\u00f3rego celem jest podniesienie efektywno\u015bci i motywacji zespo\u0142u. Dzi\u0119ki dobrze wdro\u017conemu portalowi tre\u015bci s\u0105 uporz\u0105dkowane, publikacje przewidywalne, redaktorzy z \u0142atwo\u015bci\u0105 tworz\u0105 nowe artyku\u0142y, a czytelnicy maj\u0105 dost\u0119p do informacji dopasowanych do<a class=\"excerpt-read-more\" href=\"https:\/\/test.it-dev.eu\/pl\/klienci\/danone\/\" title=\"ReadDanone\">&#8230; Read more &raquo;<\/a><\/p>\n","protected":false},"author":3,"featured_media":9397,"parent":2553,"menu_order":0,"comment_status":"closed","ping_status":"closed","template":"templates\/page-case-study.php","meta":{"_acf_changed":false,"inline_featured_image":false,"footnotes":""},"class_list":["post-9249","page","type-page","status-publish","has-post-thumbnail","hentry"],"acf":[],"yoast_head":"<!-- This site is optimized with the Yoast SEO plugin v27.4 - https:\/\/yoast.com\/product\/yoast-seo-wordpress\/ -->\n<title>Danone - IT-Dev<\/title>\n<meta name=\"description\" content=\"Jak Power Platform usprawni\u0142 inwentaryzacj\u0119 w NUTRICIA? Aplikacja mobilna skr\u00f3ci\u0142a czas pracy i wyeliminowa\u0142a b\u0142\u0119dy.\" \/>\n<meta name=\"robots\" content=\"noindex, follow, max-snippet:-1, max-image-preview:large, max-video-preview:-1\" \/>\n<meta property=\"og:locale\" content=\"pl_PL\" \/>\n<meta property=\"og:type\" content=\"article\" \/>\n<meta property=\"og:title\" content=\"Danone - IT-Dev\" \/>\n<meta property=\"og:description\" content=\"Jak Power Platform usprawni\u0142 inwentaryzacj\u0119 w NUTRICIA? Aplikacja mobilna skr\u00f3ci\u0142a czas pracy i wyeliminowa\u0142a b\u0142\u0119dy.\" \/>\n<meta property=\"og:url\" content=\"https:\/\/test.it-dev.eu\/pl\/klienci\/danone\/\" \/>\n<meta property=\"og:site_name\" content=\"IT-Dev\" \/>\n<meta property=\"article:publisher\" content=\"https:\/\/www.facebook.com\/ITDevWroc\/\" \/>\n<meta property=\"article:modified_time\" content=\"2026-01-05T10:18:47+00:00\" \/>\n<meta property=\"og:image\" content=\"https:\/\/test.it-dev.eu\/wp-content\/uploads\/2025\/11\/Case-study-Danone-Nutricia.png\" \/>\n\t<meta property=\"og:image:width\" content=\"1080\" \/>\n\t<meta property=\"og:image:height\" content=\"720\" \/>\n\t<meta property=\"og:image:type\" content=\"image\/png\" \/>\n<meta name=\"twitter:card\" content=\"summary_large_image\" \/>\n<meta name=\"twitter:site\" content=\"@IT_Dev\" \/>\n<meta name=\"twitter:label1\" content=\"Szacowany czas czytania\" \/>\n\t<meta name=\"twitter:data1\" content=\"1 minuta\" \/>\n<script type=\"application\/ld+json\" class=\"yoast-schema-graph\">{\"@context\":\"https:\\\/\\\/schema.org\",\"@graph\":[{\"@type\":\"WebPage\",\"@id\":\"https:\\\/\\\/test.it-dev.eu\\\/pl\\\/klienci\\\/danone\\\/\",\"url\":\"https:\\\/\\\/test.it-dev.eu\\\/pl\\\/klienci\\\/danone\\\/\",\"name\":\"Danone - IT-Dev\",\"isPartOf\":{\"@id\":\"https:\\\/\\\/test.it-dev.eu\\\/pl\\\/#website\"},\"primaryImageOfPage\":{\"@id\":\"https:\\\/\\\/test.it-dev.eu\\\/pl\\\/klienci\\\/danone\\\/#primaryimage\"},\"image\":{\"@id\":\"https:\\\/\\\/test.it-dev.eu\\\/pl\\\/klienci\\\/danone\\\/#primaryimage\"},\"thumbnailUrl\":\"https:\\\/\\\/test.it-dev.eu\\\/wp-content\\\/uploads\\\/2025\\\/11\\\/Case-study-Danone-Nutricia.png\",\"datePublished\":\"2025-11-18T09:30:39+00:00\",\"dateModified\":\"2026-01-05T10:18:47+00:00\",\"description\":\"Jak Power Platform usprawni\u0142 inwentaryzacj\u0119 w NUTRICIA? Aplikacja mobilna skr\u00f3ci\u0142a czas pracy i wyeliminowa\u0142a b\u0142\u0119dy.\",\"breadcrumb\":{\"@id\":\"https:\\\/\\\/test.it-dev.eu\\\/pl\\\/klienci\\\/danone\\\/#breadcrumb\"},\"inLanguage\":\"pl-PL\",\"potentialAction\":[{\"@type\":\"ReadAction\",\"target\":[\"https:\\\/\\\/test.it-dev.eu\\\/pl\\\/klienci\\\/danone\\\/\"]}]},{\"@type\":\"ImageObject\",\"inLanguage\":\"pl-PL\",\"@id\":\"https:\\\/\\\/test.it-dev.eu\\\/pl\\\/klienci\\\/danone\\\/#primaryimage\",\"url\":\"https:\\\/\\\/test.it-dev.eu\\\/wp-content\\\/uploads\\\/2025\\\/11\\\/Case-study-Danone-Nutricia.png\",\"contentUrl\":\"https:\\\/\\\/test.it-dev.eu\\\/wp-content\\\/uploads\\\/2025\\\/11\\\/Case-study-Danone-Nutricia.png\",\"width\":1080,\"height\":720},{\"@type\":\"BreadcrumbList\",\"@id\":\"https:\\\/\\\/test.it-dev.eu\\\/pl\\\/klienci\\\/danone\\\/#breadcrumb\",\"itemListElement\":[{\"@type\":\"ListItem\",\"position\":1,\"name\":\"Strona g\u0142\u00f3wna\",\"item\":\"https:\\\/\\\/test.it-dev.eu\\\/pl\\\/\"},{\"@type\":\"ListItem\",\"position\":2,\"name\":\"Klienci\",\"item\":\"https:\\\/\\\/test.it-dev.eu\\\/pl\\\/klienci\\\/\"},{\"@type\":\"ListItem\",\"position\":3,\"name\":\"Danone\"}]},{\"@type\":\"WebSite\",\"@id\":\"https:\\\/\\\/test.it-dev.eu\\\/pl\\\/#website\",\"url\":\"https:\\\/\\\/test.it-dev.eu\\\/pl\\\/\",\"name\":\"IT-Dev - Limitless Digital Workplace\",\"description\":\"We create limitless Digital Workplaces\",\"publisher\":{\"@id\":\"https:\\\/\\\/test.it-dev.eu\\\/pl\\\/#organization\"},\"potentialAction\":[{\"@type\":\"SearchAction\",\"target\":{\"@type\":\"EntryPoint\",\"urlTemplate\":\"https:\\\/\\\/test.it-dev.eu\\\/pl\\\/?s={search_term_string}\"},\"query-input\":{\"@type\":\"PropertyValueSpecification\",\"valueRequired\":true,\"valueName\":\"search_term_string\"}}],\"inLanguage\":\"pl-PL\"},{\"@type\":\"Organization\",\"@id\":\"https:\\\/\\\/test.it-dev.eu\\\/pl\\\/#organization\",\"name\":\"IT-Dev - Limitless Digital Workplace\",\"url\":\"https:\\\/\\\/test.it-dev.eu\\\/pl\\\/\",\"logo\":{\"@type\":\"ImageObject\",\"inLanguage\":\"pl-PL\",\"@id\":\"https:\\\/\\\/test.it-dev.eu\\\/pl\\\/#\\\/schema\\\/logo\\\/image\\\/\",\"url\":\"https:\\\/\\\/test.it-dev.eu\\\/wp-content\\\/uploads\\\/2023\\\/12\\\/it-dev-logo-696x696-1.png\",\"contentUrl\":\"https:\\\/\\\/test.it-dev.eu\\\/wp-content\\\/uploads\\\/2023\\\/12\\\/it-dev-logo-696x696-1.png\",\"width\":696,\"height\":696,\"caption\":\"IT-Dev - Limitless Digital Workplace\"},\"image\":{\"@id\":\"https:\\\/\\\/test.it-dev.eu\\\/pl\\\/#\\\/schema\\\/logo\\\/image\\\/\"},\"sameAs\":[\"https:\\\/\\\/www.facebook.com\\\/ITDevWroc\\\/\",\"https:\\\/\\\/x.com\\\/IT_Dev\",\"https:\\\/\\\/www.linkedin.com\\\/company\\\/it-dev\\\/\",\"https:\\\/\\\/www.youtube.com\\\/user\\\/biuroitdev\"]}]}<\/script>\n<!-- \/ Yoast SEO plugin. -->","yoast_head_json":{"title":"Danone - IT-Dev","description":"Jak Power Platform usprawni\u0142 inwentaryzacj\u0119 w NUTRICIA? Aplikacja mobilna skr\u00f3ci\u0142a czas pracy i wyeliminowa\u0142a b\u0142\u0119dy.","robots":{"index":"noindex","follow":"follow","max-snippet":"max-snippet:-1","max-image-preview":"max-image-preview:large","max-video-preview":"max-video-preview:-1"},"og_locale":"pl_PL","og_type":"article","og_title":"Danone - IT-Dev","og_description":"Jak Power Platform usprawni\u0142 inwentaryzacj\u0119 w NUTRICIA? Aplikacja mobilna skr\u00f3ci\u0142a czas pracy i wyeliminowa\u0142a b\u0142\u0119dy.","og_url":"https:\/\/test.it-dev.eu\/pl\/klienci\/danone\/","og_site_name":"IT-Dev","article_publisher":"https:\/\/www.facebook.com\/ITDevWroc\/","article_modified_time":"2026-01-05T10:18:47+00:00","og_image":[{"width":1080,"height":720,"url":"https:\/\/test.it-dev.eu\/wp-content\/uploads\/2025\/11\/Case-study-Danone-Nutricia.png","type":"image\/png"}],"twitter_card":"summary_large_image","twitter_site":"@IT_Dev","twitter_misc":{"Szacowany czas czytania":"1 minuta"},"schema":{"@context":"https:\/\/schema.org","@graph":[{"@type":"WebPage","@id":"https:\/\/test.it-dev.eu\/pl\/klienci\/danone\/","url":"https:\/\/test.it-dev.eu\/pl\/klienci\/danone\/","name":"Danone - IT-Dev","isPartOf":{"@id":"https:\/\/test.it-dev.eu\/pl\/#website"},"primaryImageOfPage":{"@id":"https:\/\/test.it-dev.eu\/pl\/klienci\/danone\/#primaryimage"},"image":{"@id":"https:\/\/test.it-dev.eu\/pl\/klienci\/danone\/#primaryimage"},"thumbnailUrl":"https:\/\/test.it-dev.eu\/wp-content\/uploads\/2025\/11\/Case-study-Danone-Nutricia.png","datePublished":"2025-11-18T09:30:39+00:00","dateModified":"2026-01-05T10:18:47+00:00","description":"Jak Power Platform usprawni\u0142 inwentaryzacj\u0119 w NUTRICIA? Aplikacja mobilna skr\u00f3ci\u0142a czas pracy i wyeliminowa\u0142a b\u0142\u0119dy.","breadcrumb":{"@id":"https:\/\/test.it-dev.eu\/pl\/klienci\/danone\/#breadcrumb"},"inLanguage":"pl-PL","potentialAction":[{"@type":"ReadAction","target":["https:\/\/test.it-dev.eu\/pl\/klienci\/danone\/"]}]},{"@type":"ImageObject","inLanguage":"pl-PL","@id":"https:\/\/test.it-dev.eu\/pl\/klienci\/danone\/#primaryimage","url":"https:\/\/test.it-dev.eu\/wp-content\/uploads\/2025\/11\/Case-study-Danone-Nutricia.png","contentUrl":"https:\/\/test.it-dev.eu\/wp-content\/uploads\/2025\/11\/Case-study-Danone-Nutricia.png","width":1080,"height":720},{"@type":"BreadcrumbList","@id":"https:\/\/test.it-dev.eu\/pl\/klienci\/danone\/#breadcrumb","itemListElement":[{"@type":"ListItem","position":1,"name":"Strona g\u0142\u00f3wna","item":"https:\/\/test.it-dev.eu\/pl\/"},{"@type":"ListItem","position":2,"name":"Klienci","item":"https:\/\/test.it-dev.eu\/pl\/klienci\/"},{"@type":"ListItem","position":3,"name":"Danone"}]},{"@type":"WebSite","@id":"https:\/\/test.it-dev.eu\/pl\/#website","url":"https:\/\/test.it-dev.eu\/pl\/","name":"IT-Dev - Limitless Digital Workplace","description":"We create limitless Digital Workplaces","publisher":{"@id":"https:\/\/test.it-dev.eu\/pl\/#organization"},"potentialAction":[{"@type":"SearchAction","target":{"@type":"EntryPoint","urlTemplate":"https:\/\/test.it-dev.eu\/pl\/?s={search_term_string}"},"query-input":{"@type":"PropertyValueSpecification","valueRequired":true,"valueName":"search_term_string"}}],"inLanguage":"pl-PL"},{"@type":"Organization","@id":"https:\/\/test.it-dev.eu\/pl\/#organization","name":"IT-Dev - Limitless Digital Workplace","url":"https:\/\/test.it-dev.eu\/pl\/","logo":{"@type":"ImageObject","inLanguage":"pl-PL","@id":"https:\/\/test.it-dev.eu\/pl\/#\/schema\/logo\/image\/","url":"https:\/\/test.it-dev.eu\/wp-content\/uploads\/2023\/12\/it-dev-logo-696x696-1.png","contentUrl":"https:\/\/test.it-dev.eu\/wp-content\/uploads\/2023\/12\/it-dev-logo-696x696-1.png","width":696,"height":696,"caption":"IT-Dev - Limitless Digital Workplace"},"image":{"@id":"https:\/\/test.it-dev.eu\/pl\/#\/schema\/logo\/image\/"},"sameAs":["https:\/\/www.facebook.com\/ITDevWroc\/","https:\/\/x.com\/IT_Dev","https:\/\/www.linkedin.com\/company\/it-dev\/","https:\/\/www.youtube.com\/user\/biuroitdev"]}]}},"_links":{"self":[{"href":"https:\/\/test.it-dev.eu\/pl\/wp-json\/wp\/v2\/pages\/9249","targetHints":{"allow":["GET"]}}],"collection":[{"href":"https:\/\/test.it-dev.eu\/pl\/wp-json\/wp\/v2\/pages"}],"about":[{"href":"https:\/\/test.it-dev.eu\/pl\/wp-json\/wp\/v2\/types\/page"}],"author":[{"embeddable":true,"href":"https:\/\/test.it-dev.eu\/pl\/wp-json\/wp\/v2\/users\/3"}],"replies":[{"embeddable":true,"href":"https:\/\/test.it-dev.eu\/pl\/wp-json\/wp\/v2\/comments?post=9249"}],"version-history":[{"count":20,"href":"https:\/\/test.it-dev.eu\/pl\/wp-json\/wp\/v2\/pages\/9249\/revisions"}],"predecessor-version":[{"id":10051,"href":"https:\/\/test.it-dev.eu\/pl\/wp-json\/wp\/v2\/pages\/9249\/revisions\/10051"}],"up":[{"embeddable":true,"href":"https:\/\/test.it-dev.eu\/pl\/wp-json\/wp\/v2\/pages\/2553"}],"wp:featuredmedia":[{"embeddable":true,"href":"https:\/\/test.it-dev.eu\/pl\/wp-json\/wp\/v2\/media\/9397"}],"wp:attachment":[{"href":"https:\/\/test.it-dev.eu\/pl\/wp-json\/wp\/v2\/media?parent=9249"}],"curies":[{"name":"wp","href":"https:\/\/api.w.org\/{rel}","templated":true}]}}