{"id":9253,"date":"2025-11-18T10:20:07","date_gmt":"2025-11-18T09:20:07","guid":{"rendered":"https:\/\/test.it-dev.eu\/?page_id=9253"},"modified":"2026-02-24T14:00:00","modified_gmt":"2026-02-24T13:00:00","slug":"mbank","status":"publish","type":"page","link":"https:\/\/test.it-dev.eu\/pl\/klienci\/mbank\/","title":{"rendered":"mBank"},"content":{"rendered":"\n<h2 class=\"wp-block-heading icon-warning\">Wyzwanie<\/h2>\n\n\n\n<p>Wraz z rozwojem biznesu, dotychczasowy intranet sta\u0142 si\u0119 technologicznym i komunikacyjnym w\u0105skim gard\u0142em organizacji. Firma stan\u0119\u0142a przed szeregiem wyzwa\u0144:&nbsp;<\/p>\n\n\n\n<ul class=\"wp-block-list arrow-list\">\n<li>Coraz trudniejsze zarz\u0105dzanie skomplikowan\u0105 architektur\u0105 informacyjn\u0105.<\/li>\n\n\n\n<li>Rozproszone \u017ar\u00f3d\u0142a informacji i brak jednego miejsca ich wyszukiwania.<\/li>\n\n\n\n<li>Trudno\u015bci w szybkim dotarciu do aktualnych dokument\u00f3w, procedur i komunikat\u00f3w.<\/li>\n\n\n\n<li>Niski poziom zaanga\u017cowania pracownik\u00f3w w \u017cycie firmy i komunikacj\u0119 wewn\u0119trzn\u0105.<\/li>\n\n\n\n<li>Brak narz\u0119dzi do budowania wsp\u00f3lnoty i wzmacniania kultury organizacyjnej.&nbsp;<\/li>\n\n\n\n<li>Konieczno\u015b\u0107 wyeliminowania ryzyk technologicznych zwi\u0105zanych z przestarza\u0142ymi technologiami On-Premise.<\/li>\n<\/ul>\n\n\n\n<div style=\"height:80px\" aria-hidden=\"true\" class=\"wp-block-spacer\"><\/div>\n\n\n\n<h2 class=\"wp-block-heading icon-bulb\">Rozwi\u0105zanie<\/h2>\n\n\n\n<p>Klient podj\u0105\u0142 decyzj\u0119 o budowie nowego intranetu na bazie technologii chmurowej Microsoft 365. Wdro\u017cyli\u015bmy wi\u0119c nowoczesny portal intranetowy, kt\u00f3ry sta\u0142 si\u0119 cyfrowym sercem organizacji. Projekt nie polega\u0142 jedynie na stworzeniu nowej platformy komunikacyjnej, ale na zbudowaniu funkcjonalnej przestrzeni pracy. Nowy intranet zosta\u0142 pomy\u015blany jako centralny hub, kt\u00f3ry integruje kluczowe informacje, narz\u0119dzia i komunikacj\u0119 w jednym, \u0142atwo dost\u0119pnym miejscu.<\/p>\n\n\n\n<div style=\"height:80px\" aria-hidden=\"true\" class=\"wp-block-spacer\"><\/div>\n\n\n\n<h2 class=\"wp-block-heading icon-chartup\">Warto\u015b\u0107<\/h2>\n\n\n\n<p>Nowa platforma intranetowa zosta\u0142a entuzjastycznie przyj\u0119ta przez pracownik\u00f3w, kt\u00f3rzy od pierwszych dni podkre\u015blali, jak bardzo potrzebna by\u0142a ta zmiana. Intranet przesta\u0142 by\u0107 jedynie tablic\u0105 og\u0142osze\u0144, a sta\u0142 si\u0119 \u017cywym, interaktywnym \u015brodowiskiem pracy, kt\u00f3re wspiera pracownik\u00f3w w codziennych zadaniach. Wdro\u017cenie uporz\u0105dkowa\u0142o chaos informacyjny i da\u0142o pracownikom wiarygodne \u017ar\u00f3d\u0142o wiedzy.&nbsp;&nbsp;<\/p>\n\n\n\n<p>Tu znajdziesz wszystkie opinie pracownik\u00f3w banku o wdro\u017ceniu nowego Intranetu.<\/p>\n\n\n\n<iframe loading=\"lazy\" src=\"https:\/\/www.linkedin.com\/embed\/feed\/update\/urn:li:ugcPost:7346867708954570753?collapsed=1\" height=\"549\" width=\"504\" frameborder=\"0\" allowfullscreen=\"\" title=\"Osadzona publikacja\"><\/iframe>\n\n\n\n<div style=\"height:80px\" aria-hidden=\"true\" class=\"wp-block-spacer\"><\/div>\n\n\n\n<div class=\"wp-block-group itdev-quote-panel\"><div class=\"wp-block-group__inner-container is-layout-constrained wp-block-group-is-layout-constrained\">\n<blockquote class=\"wp-block-quote is-layout-flow wp-block-quote-is-layout-flow\">\n<p><em><em>Dostarczamy naszym klientom w\u0142asne technologie, dlatego nasi pracownicy te\u017c zas\u0142uguj\u0105 na w\u0142asne, innowacyjne technologie. Dzi\u0119ki nowemu intranetowi dali\u015bmy pracownikom godne \u015brodowisko pracy, dzi\u0119ki kt\u00f3remu b\u0119d\u0105 mieli wi\u0119cej czasu na skupienie si\u0119, \u0142atwiej b\u0119d\u0105 wdra\u017cali si\u0119 w nowe obowi\u0105zki<\/em>.<\/em><\/p>\n<\/blockquote>\n\n\n\n<p class=\"itdev-quote-author\">Eliza Stasi\u0144ska<\/p>\n\n\n\n<p class=\"itdev-quote-position\">dyrektorka Departamentu Rozwoju Us\u0142ug Og\u00f3lnoorganizacyjnych<\/p>\n<\/div><\/div>\n\n\n\n<div style=\"height:80px\" aria-hidden=\"true\" class=\"wp-block-spacer\"><\/div>\n\n\n\n<h2 class=\"wp-block-heading\">Korzy\u015bci<\/h2>\n\n\n\n<div class=\"wp-block-group itdev-icon-row is-nowrap is-layout-flex wp-container-core-group-is-layout-ad2f72ca wp-block-group-is-layout-flex\">\n<figure class=\"wp-block-image size-large\"><img loading=\"lazy\" decoding=\"async\" width=\"60\" height=\"59\" src=\"https:\/\/test.it-dev.eu\/wp-content\/uploads\/2026\/02\/icon-viva-cloud-orange.svg\" alt=\"\" class=\"wp-image-10160\"\/><\/figure>\n\n\n\n<p>Centralizacja informacji i uporz\u0105dkowanie wewn\u0119trznej komunikacji w organizacji.&nbsp;<\/p>\n<\/div>\n\n\n\n<div class=\"wp-block-group itdev-icon-row is-nowrap is-layout-flex wp-container-core-group-is-layout-ad2f72ca wp-block-group-is-layout-flex\">\n<figure class=\"wp-block-image size-large\"><img loading=\"lazy\" decoding=\"async\" width=\"60\" height=\"59\" src=\"https:\/\/test.it-dev.eu\/wp-content\/uploads\/2026\/02\/icon-viva-portal-orange.svg\" alt=\"\" class=\"wp-image-10163\"\/><\/figure>\n\n\n\n<p>Szybki i intuicyjny dost\u0119p do aktualnych dokument\u00f3w, procedur i wiadomo\u015bci.<\/p>\n<\/div>\n\n\n\n<div class=\"wp-block-group itdev-icon-row is-nowrap is-layout-flex wp-container-core-group-is-layout-ad2f72ca wp-block-group-is-layout-flex\">\n<figure class=\"wp-block-image size-large\"><img loading=\"lazy\" decoding=\"async\" width=\"60\" height=\"59\" src=\"https:\/\/test.it-dev.eu\/wp-content\/uploads\/2026\/02\/icon-viva-processor-orange.svg\" alt=\"\" class=\"wp-image-10176\"\/><\/figure>\n\n\n\n<p>Wyeliminowanie ryzyk zwi\u0105zanych z przestarza\u0142\u0105 technologi\u0105 On-Premise.<\/p>\n<\/div>\n\n\n\n<div class=\"wp-block-group itdev-icon-row is-nowrap is-layout-flex wp-container-core-group-is-layout-ad2f72ca wp-block-group-is-layout-flex\">\n<figure class=\"wp-block-image size-large\"><img loading=\"lazy\" decoding=\"async\" width=\"60\" height=\"59\" src=\"https:\/\/test.it-dev.eu\/wp-content\/uploads\/2026\/02\/icon-viva-2-users-orange.svg\" alt=\"\" class=\"wp-image-10179\"\/><\/figure>\n\n\n\n<p>Wzrost zaanga\u017cowania pracownik\u00f3w w komunikacj\u0119 wewn\u0119trzn\u0105.<\/p>\n<\/div>\n\n\n\n<div style=\"height:80px\" aria-hidden=\"true\" class=\"wp-block-spacer\"><\/div>\n\n\n\n<div class=\"wp-block-group itdev-quote-panel\"><div class=\"wp-block-group__inner-container is-layout-constrained wp-block-group-is-layout-constrained\">\n<blockquote class=\"wp-block-quote is-layout-flow wp-block-quote-is-layout-flow\">\n<p><em><em>Nasz intranet teraz ju\u017c nie jest tylko miejscem do gromadzenia dokument\u00f3w i postowania. To tak naprawd\u0119 <strong>serce naszego systemu<\/strong> wszystkich mBankowych aplikacji: wewn\u0119trznych, biznesowych i HR-owych.<\/em>.<\/em><\/p>\n<\/blockquote>\n\n\n\n<p class=\"itdev-quote-author\">Konrad Policewicz<\/p>\n\n\n\n<p class=\"itdev-quote-position\">dyrektor Departamentu Relacji Pracowniczych i Kultury Organizacji<\/p>\n<\/div><\/div>\n\n\n\n<div style=\"height:80px\" aria-hidden=\"true\" class=\"wp-block-spacer\"><\/div>\n\n\n\n<h2 class=\"wp-block-heading\">Wnioski<\/h2>\n\n\n\n<p>Inwestycja w nowoczesny intranet to strategiczna decyzja, kt\u00f3ra przynosi korzy\u015bci daleko wykraczaj\u0105ce poza sam\u0105 technologi\u0119. Ten projekt udowodni\u0142, \u017ce platforma zaprojektowana z my\u015bl\u0105 o potrzebach u\u017cytkownik\u00f3w jest wa\u017cnym narz\u0119dziem budowania zaanga\u017cowania i usprawniania przep\u0142ywu informacji w du\u017cej, rozproszonej organizacji.&nbsp;<\/p>\n","protected":false},"excerpt":{"rendered":"<p>Wyzwanie Wraz z rozwojem biznesu, dotychczasowy intranet sta\u0142 si\u0119 technologicznym i komunikacyjnym w\u0105skim gard\u0142em organizacji. Firma stan\u0119\u0142a przed szeregiem wyzwa\u0144:&nbsp; Rozwi\u0105zanie Klient podj\u0105\u0142 decyzj\u0119 o budowie nowego intranetu na bazie technologii chmurowej Microsoft 365. Wdro\u017cyli\u015bmy wi\u0119c nowoczesny portal intranetowy, kt\u00f3ry sta\u0142 si\u0119 cyfrowym sercem organizacji. Projekt nie polega\u0142 jedynie na stworzeniu nowej platformy komunikacyjnej, ale<a class=\"excerpt-read-more\" href=\"https:\/\/test.it-dev.eu\/pl\/klienci\/mbank\/\" title=\"ReadmBank\">&#8230; Read more &raquo;<\/a><\/p>\n","protected":false},"author":3,"featured_media":9394,"parent":2553,"menu_order":0,"comment_status":"closed","ping_status":"closed","template":"templates\/page-case-study.php","meta":{"_acf_changed":false,"inline_featured_image":false,"footnotes":""},"class_list":["post-9253","page","type-page","status-publish","has-post-thumbnail","hentry"],"acf":[],"yoast_head":"<!-- This site is optimized with the Yoast SEO plugin v27.4 - https:\/\/yoast.com\/product\/yoast-seo-wordpress\/ -->\n<title>mBank - IT-Dev<\/title>\n<meta name=\"description\" content=\"Nowoczesny intranet w mBanku: cyfrowe serce organizacji, kt\u00f3re porz\u0105dkuje komunikacj\u0119 i wspiera zaanga\u017cowanie ponad 8 500 pracownik\u00f3w.\" \/>\n<meta name=\"robots\" content=\"noindex, follow, max-snippet:-1, max-image-preview:large, max-video-preview:-1\" \/>\n<meta property=\"og:locale\" content=\"pl_PL\" \/>\n<meta property=\"og:type\" content=\"article\" \/>\n<meta property=\"og:title\" content=\"mBank - IT-Dev\" \/>\n<meta property=\"og:description\" content=\"Nowoczesny intranet w mBanku: cyfrowe serce organizacji, kt\u00f3re porz\u0105dkuje komunikacj\u0119 i wspiera zaanga\u017cowanie ponad 8 500 pracownik\u00f3w.\" \/>\n<meta property=\"og:url\" content=\"https:\/\/test.it-dev.eu\/pl\/klienci\/mbank\/\" \/>\n<meta property=\"og:site_name\" content=\"IT-Dev\" \/>\n<meta property=\"article:publisher\" content=\"https:\/\/www.facebook.com\/ITDevWroc\/\" \/>\n<meta property=\"article:modified_time\" content=\"2026-02-24T13:00:00+00:00\" \/>\n<meta property=\"og:image\" content=\"https:\/\/test.it-dev.eu\/wp-content\/uploads\/2025\/11\/Case-study-mBank.png\" \/>\n\t<meta property=\"og:image:width\" content=\"1080\" \/>\n\t<meta property=\"og:image:height\" content=\"720\" \/>\n\t<meta property=\"og:image:type\" content=\"image\/png\" \/>\n<meta name=\"twitter:card\" content=\"summary_large_image\" \/>\n<meta name=\"twitter:site\" content=\"@IT_Dev\" \/>\n<meta name=\"twitter:label1\" content=\"Szacowany czas czytania\" \/>\n\t<meta name=\"twitter:data1\" content=\"3 minuty\" \/>\n<script type=\"application\/ld+json\" class=\"yoast-schema-graph\">{\"@context\":\"https:\\\/\\\/schema.org\",\"@graph\":[{\"@type\":\"WebPage\",\"@id\":\"https:\\\/\\\/test.it-dev.eu\\\/pl\\\/klienci\\\/mbank\\\/\",\"url\":\"https:\\\/\\\/test.it-dev.eu\\\/pl\\\/klienci\\\/mbank\\\/\",\"name\":\"mBank - IT-Dev\",\"isPartOf\":{\"@id\":\"https:\\\/\\\/test.it-dev.eu\\\/pl\\\/#website\"},\"primaryImageOfPage\":{\"@id\":\"https:\\\/\\\/test.it-dev.eu\\\/pl\\\/klienci\\\/mbank\\\/#primaryimage\"},\"image\":{\"@id\":\"https:\\\/\\\/test.it-dev.eu\\\/pl\\\/klienci\\\/mbank\\\/#primaryimage\"},\"thumbnailUrl\":\"https:\\\/\\\/test.it-dev.eu\\\/wp-content\\\/uploads\\\/2025\\\/11\\\/Case-study-mBank.png\",\"datePublished\":\"2025-11-18T09:20:07+00:00\",\"dateModified\":\"2026-02-24T13:00:00+00:00\",\"description\":\"Nowoczesny intranet w mBanku: cyfrowe serce organizacji, kt\u00f3re porz\u0105dkuje komunikacj\u0119 i wspiera zaanga\u017cowanie ponad 8 500 pracownik\u00f3w.\",\"breadcrumb\":{\"@id\":\"https:\\\/\\\/test.it-dev.eu\\\/pl\\\/klienci\\\/mbank\\\/#breadcrumb\"},\"inLanguage\":\"pl-PL\",\"potentialAction\":[{\"@type\":\"ReadAction\",\"target\":[\"https:\\\/\\\/test.it-dev.eu\\\/pl\\\/klienci\\\/mbank\\\/\"]}]},{\"@type\":\"ImageObject\",\"inLanguage\":\"pl-PL\",\"@id\":\"https:\\\/\\\/test.it-dev.eu\\\/pl\\\/klienci\\\/mbank\\\/#primaryimage\",\"url\":\"https:\\\/\\\/test.it-dev.eu\\\/wp-content\\\/uploads\\\/2025\\\/11\\\/Case-study-mBank.png\",\"contentUrl\":\"https:\\\/\\\/test.it-dev.eu\\\/wp-content\\\/uploads\\\/2025\\\/11\\\/Case-study-mBank.png\",\"width\":1080,\"height\":720},{\"@type\":\"BreadcrumbList\",\"@id\":\"https:\\\/\\\/test.it-dev.eu\\\/pl\\\/klienci\\\/mbank\\\/#breadcrumb\",\"itemListElement\":[{\"@type\":\"ListItem\",\"position\":1,\"name\":\"Strona g\u0142\u00f3wna\",\"item\":\"https:\\\/\\\/test.it-dev.eu\\\/pl\\\/\"},{\"@type\":\"ListItem\",\"position\":2,\"name\":\"Klienci\",\"item\":\"https:\\\/\\\/test.it-dev.eu\\\/pl\\\/klienci\\\/\"},{\"@type\":\"ListItem\",\"position\":3,\"name\":\"mBank\"}]},{\"@type\":\"WebSite\",\"@id\":\"https:\\\/\\\/test.it-dev.eu\\\/pl\\\/#website\",\"url\":\"https:\\\/\\\/test.it-dev.eu\\\/pl\\\/\",\"name\":\"IT-Dev - Limitless Digital Workplace\",\"description\":\"We create limitless Digital Workplaces\",\"publisher\":{\"@id\":\"https:\\\/\\\/test.it-dev.eu\\\/pl\\\/#organization\"},\"potentialAction\":[{\"@type\":\"SearchAction\",\"target\":{\"@type\":\"EntryPoint\",\"urlTemplate\":\"https:\\\/\\\/test.it-dev.eu\\\/pl\\\/?s={search_term_string}\"},\"query-input\":{\"@type\":\"PropertyValueSpecification\",\"valueRequired\":true,\"valueName\":\"search_term_string\"}}],\"inLanguage\":\"pl-PL\"},{\"@type\":\"Organization\",\"@id\":\"https:\\\/\\\/test.it-dev.eu\\\/pl\\\/#organization\",\"name\":\"IT-Dev - Limitless Digital Workplace\",\"url\":\"https:\\\/\\\/test.it-dev.eu\\\/pl\\\/\",\"logo\":{\"@type\":\"ImageObject\",\"inLanguage\":\"pl-PL\",\"@id\":\"https:\\\/\\\/test.it-dev.eu\\\/pl\\\/#\\\/schema\\\/logo\\\/image\\\/\",\"url\":\"https:\\\/\\\/test.it-dev.eu\\\/wp-content\\\/uploads\\\/2023\\\/12\\\/it-dev-logo-696x696-1.png\",\"contentUrl\":\"https:\\\/\\\/test.it-dev.eu\\\/wp-content\\\/uploads\\\/2023\\\/12\\\/it-dev-logo-696x696-1.png\",\"width\":696,\"height\":696,\"caption\":\"IT-Dev - Limitless Digital Workplace\"},\"image\":{\"@id\":\"https:\\\/\\\/test.it-dev.eu\\\/pl\\\/#\\\/schema\\\/logo\\\/image\\\/\"},\"sameAs\":[\"https:\\\/\\\/www.facebook.com\\\/ITDevWroc\\\/\",\"https:\\\/\\\/x.com\\\/IT_Dev\",\"https:\\\/\\\/www.linkedin.com\\\/company\\\/it-dev\\\/\",\"https:\\\/\\\/www.youtube.com\\\/user\\\/biuroitdev\"]}]}<\/script>\n<!-- \/ Yoast SEO plugin. -->","yoast_head_json":{"title":"mBank - IT-Dev","description":"Nowoczesny intranet w mBanku: cyfrowe serce organizacji, kt\u00f3re porz\u0105dkuje komunikacj\u0119 i wspiera zaanga\u017cowanie ponad 8 500 pracownik\u00f3w.","robots":{"index":"noindex","follow":"follow","max-snippet":"max-snippet:-1","max-image-preview":"max-image-preview:large","max-video-preview":"max-video-preview:-1"},"og_locale":"pl_PL","og_type":"article","og_title":"mBank - IT-Dev","og_description":"Nowoczesny intranet w mBanku: cyfrowe serce organizacji, kt\u00f3re porz\u0105dkuje komunikacj\u0119 i wspiera zaanga\u017cowanie ponad 8 500 pracownik\u00f3w.","og_url":"https:\/\/test.it-dev.eu\/pl\/klienci\/mbank\/","og_site_name":"IT-Dev","article_publisher":"https:\/\/www.facebook.com\/ITDevWroc\/","article_modified_time":"2026-02-24T13:00:00+00:00","og_image":[{"width":1080,"height":720,"url":"https:\/\/test.it-dev.eu\/wp-content\/uploads\/2025\/11\/Case-study-mBank.png","type":"image\/png"}],"twitter_card":"summary_large_image","twitter_site":"@IT_Dev","twitter_misc":{"Szacowany czas czytania":"3 minuty"},"schema":{"@context":"https:\/\/schema.org","@graph":[{"@type":"WebPage","@id":"https:\/\/test.it-dev.eu\/pl\/klienci\/mbank\/","url":"https:\/\/test.it-dev.eu\/pl\/klienci\/mbank\/","name":"mBank - IT-Dev","isPartOf":{"@id":"https:\/\/test.it-dev.eu\/pl\/#website"},"primaryImageOfPage":{"@id":"https:\/\/test.it-dev.eu\/pl\/klienci\/mbank\/#primaryimage"},"image":{"@id":"https:\/\/test.it-dev.eu\/pl\/klienci\/mbank\/#primaryimage"},"thumbnailUrl":"https:\/\/test.it-dev.eu\/wp-content\/uploads\/2025\/11\/Case-study-mBank.png","datePublished":"2025-11-18T09:20:07+00:00","dateModified":"2026-02-24T13:00:00+00:00","description":"Nowoczesny intranet w mBanku: cyfrowe serce organizacji, kt\u00f3re porz\u0105dkuje komunikacj\u0119 i wspiera zaanga\u017cowanie ponad 8 500 pracownik\u00f3w.","breadcrumb":{"@id":"https:\/\/test.it-dev.eu\/pl\/klienci\/mbank\/#breadcrumb"},"inLanguage":"pl-PL","potentialAction":[{"@type":"ReadAction","target":["https:\/\/test.it-dev.eu\/pl\/klienci\/mbank\/"]}]},{"@type":"ImageObject","inLanguage":"pl-PL","@id":"https:\/\/test.it-dev.eu\/pl\/klienci\/mbank\/#primaryimage","url":"https:\/\/test.it-dev.eu\/wp-content\/uploads\/2025\/11\/Case-study-mBank.png","contentUrl":"https:\/\/test.it-dev.eu\/wp-content\/uploads\/2025\/11\/Case-study-mBank.png","width":1080,"height":720},{"@type":"BreadcrumbList","@id":"https:\/\/test.it-dev.eu\/pl\/klienci\/mbank\/#breadcrumb","itemListElement":[{"@type":"ListItem","position":1,"name":"Strona g\u0142\u00f3wna","item":"https:\/\/test.it-dev.eu\/pl\/"},{"@type":"ListItem","position":2,"name":"Klienci","item":"https:\/\/test.it-dev.eu\/pl\/klienci\/"},{"@type":"ListItem","position":3,"name":"mBank"}]},{"@type":"WebSite","@id":"https:\/\/test.it-dev.eu\/pl\/#website","url":"https:\/\/test.it-dev.eu\/pl\/","name":"IT-Dev - Limitless Digital Workplace","description":"We create limitless Digital Workplaces","publisher":{"@id":"https:\/\/test.it-dev.eu\/pl\/#organization"},"potentialAction":[{"@type":"SearchAction","target":{"@type":"EntryPoint","urlTemplate":"https:\/\/test.it-dev.eu\/pl\/?s={search_term_string}"},"query-input":{"@type":"PropertyValueSpecification","valueRequired":true,"valueName":"search_term_string"}}],"inLanguage":"pl-PL"},{"@type":"Organization","@id":"https:\/\/test.it-dev.eu\/pl\/#organization","name":"IT-Dev - Limitless Digital Workplace","url":"https:\/\/test.it-dev.eu\/pl\/","logo":{"@type":"ImageObject","inLanguage":"pl-PL","@id":"https:\/\/test.it-dev.eu\/pl\/#\/schema\/logo\/image\/","url":"https:\/\/test.it-dev.eu\/wp-content\/uploads\/2023\/12\/it-dev-logo-696x696-1.png","contentUrl":"https:\/\/test.it-dev.eu\/wp-content\/uploads\/2023\/12\/it-dev-logo-696x696-1.png","width":696,"height":696,"caption":"IT-Dev - Limitless Digital Workplace"},"image":{"@id":"https:\/\/test.it-dev.eu\/pl\/#\/schema\/logo\/image\/"},"sameAs":["https:\/\/www.facebook.com\/ITDevWroc\/","https:\/\/x.com\/IT_Dev","https:\/\/www.linkedin.com\/company\/it-dev\/","https:\/\/www.youtube.com\/user\/biuroitdev"]}]}},"_links":{"self":[{"href":"https:\/\/test.it-dev.eu\/pl\/wp-json\/wp\/v2\/pages\/9253","targetHints":{"allow":["GET"]}}],"collection":[{"href":"https:\/\/test.it-dev.eu\/pl\/wp-json\/wp\/v2\/pages"}],"about":[{"href":"https:\/\/test.it-dev.eu\/pl\/wp-json\/wp\/v2\/types\/page"}],"author":[{"embeddable":true,"href":"https:\/\/test.it-dev.eu\/pl\/wp-json\/wp\/v2\/users\/3"}],"replies":[{"embeddable":true,"href":"https:\/\/test.it-dev.eu\/pl\/wp-json\/wp\/v2\/comments?post=9253"}],"version-history":[{"count":61,"href":"https:\/\/test.it-dev.eu\/pl\/wp-json\/wp\/v2\/pages\/9253\/revisions"}],"predecessor-version":[{"id":10273,"href":"https:\/\/test.it-dev.eu\/pl\/wp-json\/wp\/v2\/pages\/9253\/revisions\/10273"}],"up":[{"embeddable":true,"href":"https:\/\/test.it-dev.eu\/pl\/wp-json\/wp\/v2\/pages\/2553"}],"wp:featuredmedia":[{"embeddable":true,"href":"https:\/\/test.it-dev.eu\/pl\/wp-json\/wp\/v2\/media\/9394"}],"wp:attachment":[{"href":"https:\/\/test.it-dev.eu\/pl\/wp-json\/wp\/v2\/media?parent=9253"}],"curies":[{"name":"wp","href":"https:\/\/api.w.org\/{rel}","templated":true}]}}